{"id":78269,"date":"2025-03-28T12:57:04","date_gmt":"2025-03-28T12:57:04","guid":{"rendered":"https:\/\/brandss.com.py\/index\/?post_type=product&#038;p=78269"},"modified":"2025-03-28T12:57:20","modified_gmt":"2025-03-28T12:57:20","slug":"calzado-deportivo-femenino-nike-g-t-cut-3","status":"publish","type":"product","link":"https:\/\/brandss.com.py\/index\/producto\/calzado-deportivo-femenino-nike-g-t-cut-3\/","title":{"rendered":"CALZADO DEPORTIVO FEMENINO NIKE  G.T CUT 3"},"content":{"rendered":"<p><img loading=\"lazy\" decoding=\"async\" class=\"\" src=\"https:\/\/1000marcas.net\/wp-content\/uploads\/2019\/11\/Logo-Nike.jpg\" alt=\"Logo de Nike: la historia y el significado del logotipo, la ...\" width=\"272\" height=\"153\" \/><\/p>\n<div class=\"flex flex-1 grow basis-auto flex-col overflow-hidden\">\n<div class=\"relative h-full\">\n<div class=\"flex h-full flex-col overflow-y-auto [scrollbar-gutter:stable]\">\n<div class=\"mt-1.5 flex flex-col text-sm @thread-xl\/thread:pt-header-height md:pb-9\">\n<article class=\"w-full text-token-text-primary\" dir=\"auto\" data-testid=\"conversation-turn-8\" data-scroll-anchor=\"true\">\n<div class=\"text-base my-auto mx-auto py-5 px-6\">\n<div class=\"mx-auto flex flex-1 text-base gap-4 md:gap-5 lg:gap-6 md:max-w-3xl group\/turn-messages focus-visible:outline-none\">\n<div class=\"group\/conversation-turn relative flex w-full min-w-0 flex-col agent-turn @xs\/thread:px-0 @sm\/thread:px-1.5 @md\/thread:px-4\">\n<div class=\"relative flex-col gap-1 md:gap-3\">\n<div class=\"flex max-w-full flex-col flex-grow\">\n<div class=\"min-h-8 text-message relative flex w-full flex-col items-end gap-2 whitespace-normal break-words text-start [.text-message+&amp;]:mt-5\" dir=\"auto\" data-message-author-role=\"assistant\" data-message-id=\"fb0914ea-ce9d-41fc-9b3b-4d9521aa0537\" data-message-model-slug=\"gpt-4o\">\n<div class=\"flex w-full flex-col gap-1 empty:hidden first:pt-[3px]\">\n<div class=\"markdown prose w-full break-words dark:prose-invert light\">\n<h1 data-start=\"92\" data-end=\"515\"><strong data-start=\"96\" data-end=\"125\">G.T. Cut 3<\/strong><\/h1>\n<p class=\"\" data-start=\"92\" data-end=\"515\">Est\u00e1n dise\u00f1adas para jugadoras de baloncesto que necesitan velocidad, control y capacidad de respuesta en la cancha. Este modelo introduce por primera vez la espuma <strong data-start=\"291\" data-end=\"305\">Nike ZoomX<\/strong> en zapatillas de baloncesto, ofreciendo una amortiguaci\u00f3n ultraligera y un excelente retorno de energ\u00eda. Su estructura permite realizar cortes r\u00e1pidos y movimientos explosivos sin comprometer la estabilidad.<\/p>\n<hr class=\"\" data-start=\"517\" data-end=\"520\" \/>\n<h4 class=\"\" data-start=\"522\" data-end=\"549\"><strong data-start=\"527\" data-end=\"547\">Caracter\u00edsticas:<\/strong><\/h4>\n<p class=\"\" data-start=\"551\" data-end=\"579\">\u2705 <strong data-start=\"553\" data-end=\"577\">Amortiguaci\u00f3n ZoomX:<\/strong><\/p>\n<ul data-start=\"580\" data-end=\"698\">\n<li class=\"\" data-start=\"580\" data-end=\"642\">\n<p class=\"\" data-start=\"582\" data-end=\"642\">Espuma de largo completo para m\u00e1xima energ\u00eda en cada paso.<\/p>\n<\/li>\n<li class=\"\" data-start=\"643\" data-end=\"698\">\n<p class=\"\" data-start=\"645\" data-end=\"698\">Reduce la fatiga y mejora la capacidad de reacci\u00f3n.<\/p>\n<\/li>\n<\/ul>\n<p class=\"\" data-start=\"700\" data-end=\"745\">\u2705 <strong data-start=\"702\" data-end=\"743\">Parte superior ligera y transpirable:<\/strong><\/p>\n<ul data-start=\"746\" data-end=\"874\">\n<li class=\"\" data-start=\"746\" data-end=\"801\">\n<p class=\"\" data-start=\"748\" data-end=\"801\">Material de malla reforzado para mayor ventilaci\u00f3n.<\/p>\n<\/li>\n<li class=\"\" data-start=\"802\" data-end=\"874\">\n<p class=\"\" data-start=\"804\" data-end=\"874\">Tecnolog\u00eda <strong data-start=\"815\" data-end=\"826\">Flywire<\/strong> que asegura el pie y proporciona estabilidad.<\/p>\n<\/li>\n<\/ul>\n<p class=\"\" data-start=\"876\" data-end=\"924\">\u2705 <strong data-start=\"878\" data-end=\"922\">Tracci\u00f3n optimizada para cortes r\u00e1pidos:<\/strong><\/p>\n<ul data-start=\"925\" data-end=\"1041\">\n<li class=\"\" data-start=\"925\" data-end=\"975\">\n<p class=\"\" data-start=\"927\" data-end=\"975\">Patr\u00f3n de tracci\u00f3n basado en mapas de presi\u00f3n.<\/p>\n<\/li>\n<li class=\"\" data-start=\"976\" data-end=\"1041\">\n<p class=\"\" data-start=\"978\" data-end=\"1041\">Agarre mejorado para cambios de direcci\u00f3n y frenadas bruscas.<\/p>\n<\/li>\n<\/ul>\n<p class=\"\" data-start=\"1043\" data-end=\"1085\">\u2705 <strong data-start=\"1045\" data-end=\"1083\">Peso reducido para mayor agilidad:<\/strong><\/p>\n<ul data-start=\"1086\" data-end=\"1204\">\n<li class=\"\" data-start=\"1086\" data-end=\"1148\">\n<p class=\"\" data-start=\"1088\" data-end=\"1148\">Dise\u00f1o liviano que facilita movimientos fluidos y r\u00e1pidos.<\/p>\n<\/li>\n<li class=\"\" data-start=\"1149\" data-end=\"1204\">\n<p class=\"\" data-start=\"1151\" data-end=\"1204\">Materiales resistentes sin comprometer la ligereza.<\/p>\n<\/li>\n<\/ul>\n<p class=\"\" data-start=\"1315\" data-end=\"1497\">Las <strong data-start=\"1319\" data-end=\"1348\">Nike G.T. Cut 3 Femeninas<\/strong> est\u00e1n dise\u00f1adas para jugadoras que buscan velocidad y precisi\u00f3n en la cancha, brindando amortiguaci\u00f3n reactiva, estabilidad y tracci\u00f3n mejorada. \u26a1\ud83c\udfc0<\/p>\n<\/div>\n<\/div>\n<\/div>\n<\/div>\n<\/div>\n<\/div>\n<\/div>\n<\/div>\n<\/article>\n<\/div>\n<\/div>\n<\/div>\n<\/div>\n","protected":false},"excerpt":{"rendered":"<p>G.T. Cut 3 Est\u00e1n dise\u00f1adas para jugadoras de baloncesto que necesitan velocidad, control y capacidad de respuesta en la cancha.<\/p>\n","protected":false},"featured_media":78270,"comment_status":"open","ping_status":"closed","template":"","meta":{"nf_dc_page":""},"product_brand":[],"product_cat":[73],"product_tag":[],"class_list":{"0":"post-78269","1":"product","2":"type-product","3":"status-publish","4":"has-post-thumbnail","6":"product_cat-femenino","8":"first","9":"instock","10":"shipping-taxable","11":"purchasable","12":"product-type-simple"},"_links":{"self":[{"href":"https:\/\/brandss.com.py\/index\/wp-json\/wp\/v2\/product\/78269","targetHints":{"allow":["GET"]}}],"collection":[{"href":"https:\/\/brandss.com.py\/index\/wp-json\/wp\/v2\/product"}],"about":[{"href":"https:\/\/brandss.com.py\/index\/wp-json\/wp\/v2\/types\/product"}],"replies":[{"embeddable":true,"href":"https:\/\/brandss.com.py\/index\/wp-json\/wp\/v2\/comments?post=78269"}],"version-history":[{"count":1,"href":"https:\/\/brandss.com.py\/index\/wp-json\/wp\/v2\/product\/78269\/revisions"}],"predecessor-version":[{"id":78284,"href":"https:\/\/brandss.com.py\/index\/wp-json\/wp\/v2\/product\/78269\/revisions\/78284"}],"wp:featuredmedia":[{"embeddable":true,"href":"https:\/\/brandss.com.py\/index\/wp-json\/wp\/v2\/media\/78270"}],"wp:attachment":[{"href":"https:\/\/brandss.com.py\/index\/wp-json\/wp\/v2\/media?parent=78269"}],"wp:term":[{"taxonomy":"product_brand","embeddable":true,"href":"https:\/\/brandss.com.py\/index\/wp-json\/wp\/v2\/product_brand?post=78269"},{"taxonomy":"product_cat","embeddable":true,"href":"https:\/\/brandss.com.py\/index\/wp-json\/wp\/v2\/product_cat?post=78269"},{"taxonomy":"product_tag","embeddable":true,"href":"https:\/\/brandss.com.py\/index\/wp-json\/wp\/v2\/product_tag?post=78269"}],"curies":[{"name":"wp","href":"https:\/\/api.w.org\/{rel}","templated":true}]}}