{"id":78309,"date":"2025-03-28T13:21:45","date_gmt":"2025-03-28T13:21:45","guid":{"rendered":"https:\/\/brandss.com.py\/index\/?post_type=product&#038;p=78309"},"modified":"2026-01-26T11:40:25","modified_gmt":"2026-01-26T11:40:25","slug":"calzado-deportivo-masculino-nike-pegasus-40","status":"publish","type":"product","link":"https:\/\/brandss.com.py\/index\/producto\/calzado-deportivo-masculino-nike-pegasus-40\/","title":{"rendered":"CALZADO DEPORTIVO MASCULINO NIKE PEGASUS 40"},"content":{"rendered":"<p><img loading=\"lazy\" decoding=\"async\" class=\"\" src=\"https:\/\/1000marcas.net\/wp-content\/uploads\/2019\/11\/Logo-Nike.jpg\" alt=\"Logo de Nike: la historia y el significado del logotipo, la ...\" width=\"317\" height=\"178\" \/><\/p>\n<h1 data-start=\"92\" data-end=\"548\"><strong data-start=\"96\" data-end=\"124\">\u00a0Air Zoom Pegasus 40<\/strong><\/h1>\n<p class=\"\" data-start=\"92\" data-end=\"548\">\u00a0Son la evoluci\u00f3n de una de las zapatillas m\u00e1s ic\u00f3nicas de Nike, dise\u00f1adas para ofrecer comodidad, respuesta y versatilidad en cada carrera. Con una combinaci\u00f3n de espuma <strong data-start=\"295\" data-end=\"309\">Nike React<\/strong> y unidades <strong data-start=\"321\" data-end=\"333\">Zoom Air<\/strong>, este modelo proporciona una amortiguaci\u00f3n reactiva y una pisada suave. Su dise\u00f1o optimizado se adapta a diferentes tipos de corredores, brindando estabilidad y ajuste preciso para entrenamientos y competiciones.<\/p>\n<hr class=\"\" data-start=\"550\" data-end=\"553\" \/>\n<h4 class=\"\" data-start=\"555\" data-end=\"582\"><strong data-start=\"560\" data-end=\"580\">Caracter\u00edsticas:<\/strong><\/h4>\n<p class=\"\" data-start=\"584\" data-end=\"615\">\u2705 <strong data-start=\"586\" data-end=\"613\">Amortiguaci\u00f3n din\u00e1mica:<\/strong><\/p>\n<ul data-start=\"616\" data-end=\"737\">\n<li class=\"\" data-start=\"616\" data-end=\"737\">\n<p class=\"\" data-start=\"618\" data-end=\"737\">Espuma <strong data-start=\"625\" data-end=\"639\">Nike React<\/strong> combinada con unidades <strong data-start=\"663\" data-end=\"675\">Zoom Air<\/strong> en el antepi\u00e9 y tal\u00f3n para una pisada m\u00e1s suave y reactiva.<\/p>\n<\/li>\n<\/ul>\n<p class=\"\" data-start=\"739\" data-end=\"771\">\u2705 <strong data-start=\"741\" data-end=\"769\">Parte superior mejorada:<\/strong><\/p>\n<ul data-start=\"772\" data-end=\"942\">\n<li class=\"\" data-start=\"772\" data-end=\"853\">\n<p class=\"\" data-start=\"774\" data-end=\"853\">Malla transpirable de alta resistencia que mejora la ventilaci\u00f3n y el ajuste.<\/p>\n<\/li>\n<li class=\"\" data-start=\"854\" data-end=\"942\">\n<p class=\"\" data-start=\"856\" data-end=\"942\">Banda en el mediopi\u00e9 para mayor estabilidad y adaptaci\u00f3n a diferentes formas de pie.<\/p>\n<\/li>\n<\/ul>\n<p class=\"\" data-start=\"944\" data-end=\"978\">\u2705 <strong data-start=\"946\" data-end=\"976\">Suela duradera y vers\u00e1til:<\/strong><\/p>\n<ul data-start=\"979\" data-end=\"1129\">\n<li class=\"\" data-start=\"979\" data-end=\"1063\">\n<p class=\"\" data-start=\"981\" data-end=\"1063\">Patr\u00f3n de tracci\u00f3n tipo gofre para mayor agarre en asfalto y superficies mixtas.<\/p>\n<\/li>\n<li class=\"\" data-start=\"1064\" data-end=\"1129\">\n<p class=\"\" data-start=\"1066\" data-end=\"1129\">Transiciones suaves y seguras gracias a su dise\u00f1o optimizado.<\/p>\n<\/li>\n<\/ul>\n<p class=\"\" data-start=\"1131\" data-end=\"1162\">\u2705 <strong data-start=\"1133\" data-end=\"1160\">Ligereza y rendimiento:<\/strong><\/p>\n<ul data-start=\"1163\" data-end=\"1349\">\n<li class=\"\" data-start=\"1163\" data-end=\"1272\">\n<p class=\"\" data-start=\"1165\" data-end=\"1272\">Peso aproximado de <strong data-start=\"1184\" data-end=\"1193\">267 g<\/strong> y drop de <strong data-start=\"1204\" data-end=\"1213\">10 mm<\/strong> para un equilibrio perfecto entre comodidad y respuesta.<\/p>\n<\/li>\n<li class=\"\" data-start=\"1273\" data-end=\"1349\">\n<p class=\"\" data-start=\"1275\" data-end=\"1349\">Ideal para entrenamientos diarios y carreras de media y larga distancia.<\/p>\n<\/li>\n<\/ul>\n<p class=\"\" data-start=\"1351\" data-end=\"1386\">\u2705 <strong data-start=\"1353\" data-end=\"1384\">Dise\u00f1o moderno y atractivo:<\/strong><\/p>\n<ul data-start=\"1387\" data-end=\"1472\">\n<li class=\"\" data-start=\"1387\" data-end=\"1472\">\n<p class=\"\" data-start=\"1389\" data-end=\"1472\">Disponible en una variedad de colores y combinaciones para adaptarse a tu estilo.<\/p>\n<\/li>\n<\/ul>\n<p class=\"\" data-start=\"1474\" data-end=\"1647\">Las <strong data-start=\"1478\" data-end=\"1506\">Nike Air Zoom Pegasus 40<\/strong> son la elecci\u00f3n perfecta para corredores que buscan una zapatilla confiable, vers\u00e1til y con un rendimiento excepcional en cada paso. \ud83c\udfc3\u200d\u2642\ufe0f\ud83d\udd25<\/p>\n<p>&nbsp;<\/p>\n<p>&nbsp;<\/p>\n","protected":false},"excerpt":{"rendered":"<p>\u00a0Air Zoom Pegasus 40 \u00a0Son la evoluci\u00f3n de una de las zapatillas m\u00e1s ic\u00f3nicas de Nike, dise\u00f1adas para ofrecer comodidad,<\/p>\n","protected":false},"featured_media":78310,"comment_status":"open","ping_status":"closed","template":"","meta":{"nf_dc_page":""},"product_brand":[],"product_cat":[76],"product_tag":[],"class_list":{"0":"post-78309","1":"product","2":"type-product","3":"status-publish","4":"has-post-thumbnail","6":"product_cat-masculino","8":"first","9":"outofstock","10":"shipping-taxable","11":"purchasable","12":"product-type-simple"},"_links":{"self":[{"href":"https:\/\/brandss.com.py\/index\/wp-json\/wp\/v2\/product\/78309","targetHints":{"allow":["GET"]}}],"collection":[{"href":"https:\/\/brandss.com.py\/index\/wp-json\/wp\/v2\/product"}],"about":[{"href":"https:\/\/brandss.com.py\/index\/wp-json\/wp\/v2\/types\/product"}],"replies":[{"embeddable":true,"href":"https:\/\/brandss.com.py\/index\/wp-json\/wp\/v2\/comments?post=78309"}],"version-history":[{"count":1,"href":"https:\/\/brandss.com.py\/index\/wp-json\/wp\/v2\/product\/78309\/revisions"}],"predecessor-version":[{"id":78319,"href":"https:\/\/brandss.com.py\/index\/wp-json\/wp\/v2\/product\/78309\/revisions\/78319"}],"wp:featuredmedia":[{"embeddable":true,"href":"https:\/\/brandss.com.py\/index\/wp-json\/wp\/v2\/media\/78310"}],"wp:attachment":[{"href":"https:\/\/brandss.com.py\/index\/wp-json\/wp\/v2\/media?parent=78309"}],"wp:term":[{"taxonomy":"product_brand","embeddable":true,"href":"https:\/\/brandss.com.py\/index\/wp-json\/wp\/v2\/product_brand?post=78309"},{"taxonomy":"product_cat","embeddable":true,"href":"https:\/\/brandss.com.py\/index\/wp-json\/wp\/v2\/product_cat?post=78309"},{"taxonomy":"product_tag","embeddable":true,"href":"https:\/\/brandss.com.py\/index\/wp-json\/wp\/v2\/product_tag?post=78309"}],"curies":[{"name":"wp","href":"https:\/\/api.w.org\/{rel}","templated":true}]}}