{"id":78329,"date":"2025-03-28T14:48:30","date_gmt":"2025-03-28T14:48:30","guid":{"rendered":"https:\/\/brandss.com.py\/index\/?post_type=product&#038;p=78329"},"modified":"2025-03-28T14:51:09","modified_gmt":"2025-03-28T14:51:09","slug":"calzado-deportivo-infantil-nike-air-max-270-2","status":"publish","type":"product","link":"https:\/\/brandss.com.py\/index\/producto\/calzado-deportivo-infantil-nike-air-max-270-2\/","title":{"rendered":"CALZADO DEPORTIVO INFANTIL NIKE AIR MAX 270"},"content":{"rendered":"<p><img loading=\"lazy\" decoding=\"async\" class=\"\" src=\"https:\/\/1000marcas.net\/wp-content\/uploads\/2019\/11\/Logo-Nike.jpg\" alt=\"Logo de Nike: la historia y el significado del logotipo, la marca y el  s\u00edmbolo. | png, vector\" width=\"107\" height=\"60\" \/><\/p>\n<h1>AIR MAX 270<\/h1>\n<p>\u00a1Las grandes aventuras requieren una gran Air! Estas Nike Air Max 270, brillantes y coloridas, te brindan una comodidad mullida que puedes ver y sentir. Una unidad Max Air extragrande envuelve el tal\u00f3n para brindar una amortiguaci\u00f3n lujosa y un estilo moderno. El ajuste tipo calcet\u00edn de la funda interior el\u00e1stica ayuda a que tu pie se sienta seguro y c\u00f3modo al salir a jugar. La tela tejida en la parte superior proporciona un ajuste ligero y una sensaci\u00f3n de amplitud. La ventana Air extragrande en el tal\u00f3n significa que obtienes una vista de 270 grados de la unidad Max Air que te brinda una amortiguaci\u00f3n c\u00f3moda. La funda interior el\u00e1stica tiene un ajuste tipo calcet\u00edn. La amortiguaci\u00f3n de espuma debajo del pie se siente suave y ligera. Las ranuras en la suela de goma la hacen flexible, por lo que cada paso se siente natural.<\/p>\n<p>Inspiradas en modelos Nike de archivo, las Nike Air Max 270 Hyper Royal Pink Spell GS renuevan el modelo moderno con un dise\u00f1o vibrante. Decoradas con capas sint\u00e9ticas y detalles de la marca, su base de malla permite la ventilaci\u00f3n. La unidad Air en el tal\u00f3n ofrece comodidad, la suela de goma proporciona agarre y el sistema de cordones r\u00e1pidos proporciona un ajuste seguro. Con un pr\u00e1ctico tirador, compra y vende las Nike Air Max 270 Hyper Royal Pink Spell GS con cordones.<\/p>\n<ul>\n<li><span>Tejido de punto en la parte superior.<\/span><\/li>\n<li><span>Ventana de aire extra grande en el tal\u00f3n.<\/span><\/li>\n<li><span>Manga interior el\u00e1stica.<\/span><\/li>\n<li><span>Amortiguaci\u00f3n de espuma bajo los pies.<\/span><\/li>\n<li><span>Ranuras en la suela de goma.\u00a0<\/span><\/li>\n<li><span>Tiradores en el tal\u00f3n.<\/span><\/li>\n<li><span>Cordones cl\u00e1sicos.<\/span><\/li>\n<li>Color: White\/Hyper Royal\/Pink Spell\/Black.<\/li>\n<li>Modelo: FD1020-100.<\/li>\n<\/ul>\n","protected":false},"excerpt":{"rendered":"<p>AIR MAX 270 \u00a1Las grandes aventuras requieren una gran Air! Estas Nike Air Max 270, brillantes y coloridas, te brindan<\/p>\n","protected":false},"featured_media":78330,"comment_status":"open","ping_status":"closed","template":"","meta":{"nf_dc_page":""},"product_brand":[],"product_cat":[75],"product_tag":[],"class_list":{"0":"post-78329","1":"product","2":"type-product","3":"status-publish","4":"has-post-thumbnail","6":"product_cat-infantil","8":"first","9":"instock","10":"shipping-taxable","11":"purchasable","12":"product-type-simple"},"_links":{"self":[{"href":"https:\/\/brandss.com.py\/index\/wp-json\/wp\/v2\/product\/78329","targetHints":{"allow":["GET"]}}],"collection":[{"href":"https:\/\/brandss.com.py\/index\/wp-json\/wp\/v2\/product"}],"about":[{"href":"https:\/\/brandss.com.py\/index\/wp-json\/wp\/v2\/types\/product"}],"replies":[{"embeddable":true,"href":"https:\/\/brandss.com.py\/index\/wp-json\/wp\/v2\/comments?post=78329"}],"version-history":[{"count":1,"href":"https:\/\/brandss.com.py\/index\/wp-json\/wp\/v2\/product\/78329\/revisions"}],"predecessor-version":[{"id":78338,"href":"https:\/\/brandss.com.py\/index\/wp-json\/wp\/v2\/product\/78329\/revisions\/78338"}],"wp:featuredmedia":[{"embeddable":true,"href":"https:\/\/brandss.com.py\/index\/wp-json\/wp\/v2\/media\/78330"}],"wp:attachment":[{"href":"https:\/\/brandss.com.py\/index\/wp-json\/wp\/v2\/media?parent=78329"}],"wp:term":[{"taxonomy":"product_brand","embeddable":true,"href":"https:\/\/brandss.com.py\/index\/wp-json\/wp\/v2\/product_brand?post=78329"},{"taxonomy":"product_cat","embeddable":true,"href":"https:\/\/brandss.com.py\/index\/wp-json\/wp\/v2\/product_cat?post=78329"},{"taxonomy":"product_tag","embeddable":true,"href":"https:\/\/brandss.com.py\/index\/wp-json\/wp\/v2\/product_tag?post=78329"}],"curies":[{"name":"wp","href":"https:\/\/api.w.org\/{rel}","templated":true}]}}