{"id":78339,"date":"2025-03-28T16:55:23","date_gmt":"2025-03-28T16:55:23","guid":{"rendered":"https:\/\/brandss.com.py\/index\/?post_type=product&#038;p=78339"},"modified":"2025-03-28T16:56:07","modified_gmt":"2025-03-28T16:56:07","slug":"calzado-deportivo-femenino-nike-air-force-1-07","status":"publish","type":"product","link":"https:\/\/brandss.com.py\/index\/producto\/calzado-deportivo-femenino-nike-air-force-1-07\/","title":{"rendered":"CALZADO DEPORTIVO FEMENINO NIKE AIR FORCE 1 &#8217;07"},"content":{"rendered":"<p><img loading=\"lazy\" decoding=\"async\" class=\"\" src=\"https:\/\/1000marcas.net\/wp-content\/uploads\/2019\/11\/Logo-Nike.jpg\" alt=\"Logo de Nike: la historia y el significado del logotipo, la marca y el  s\u00edmbolo. | png, vector\" width=\"121\" height=\"68\" \/><\/p>\n<h1>AIR FORCE 1 &#8217;07<\/h1>\n<div class=\"experience-component experience-productText\">\n<div class=\"product-text-wrapper hide-empty  \">\n<div class=\"product-text-content     \">\n<div class=\"product-text  released    \" data-product-field=\"longDescription\">\n<div class=\"pi-tier3\">\n<div class=\"pi-pdpmainbody\">\n<p>Sumar\u00e1s m\u00e1s puntos con este modelo legendario cl\u00e1sico. Estos tenis originales de b\u00e1squetbol, que combinan la comodidad para la cancha con un estilo para fuera de ella, cuentan con cuero impecable y detalles divertidos de estampado de cachemira para brindar un estilo \u00fanico. Adem\u00e1s, las unidades Nike Air ocultas y la confecci\u00f3n duradera de los a\u00f1os 80 agregan la comodidad que esperas de los AF1.<\/p>\n<p><b>Air Force 1<\/b><\/p>\n<p>Los Air Force 1, que debutaron en 1982 como un elemento imprescindible del b\u00e1squetbol, se convirtieron en los n\u00famero uno en los a\u00f1os 90. El look impecable del blanco sobre blanco cl\u00e1sico de los AF1 triunf\u00f3 tanto en la cancha como en la calle y en muchos sitios m\u00e1s. Los Air Force 1, que encontraron su ritmo en la cultura del hiphop con el lanzamiento de colaboraciones y combinaciones de colores limitadas, se convirtieron en unos tenis ic\u00f3nicos en todo el mundo. Con m\u00e1s de 2,000 versiones, no puede negarse el impacto de este modelo b\u00e1sico en la moda, la m\u00fasica y la cultura de los tenis.<\/p>\n<p><b>Beneficios<\/b><\/p>\n<ul>\n<li>El cuero aut\u00e9ntico y sint\u00e9tico aporta durabilidad y estructura.<\/li>\n<li>Dise\u00f1ada originalmente para el b\u00e1squetbol de alto rendimiento, la amortiguaci\u00f3n Nike Air brinda comodidad duradera.<\/li>\n<li>El cuello acolchado de corte low luce elegante y se siente extraordinariamente bien.<\/li>\n<li>La suela de goma con el cl\u00e1sico patr\u00f3n gr\u00e1fico de punto de pivote agrega tracci\u00f3n y durabilidad.<\/li>\n<li>Color: Rosa Perla\/Blanco\/Rosa Perla\/Tiza Coral.<\/li>\n<li>Modelo: FD1448-664.<\/li>\n<\/ul>\n<\/div>\n<\/div>\n<\/div>\n<\/div>\n<\/div>\n<\/div>\n","protected":false},"excerpt":{"rendered":"<p>AIR FORCE 1 &#8217;07 Sumar\u00e1s m\u00e1s puntos con este modelo legendario cl\u00e1sico. Estos tenis originales de b\u00e1squetbol, que combinan la<\/p>\n","protected":false},"featured_media":78340,"comment_status":"open","ping_status":"closed","template":"","meta":{"nf_dc_page":""},"product_brand":[],"product_cat":[73],"product_tag":[],"class_list":{"0":"post-78339","1":"product","2":"type-product","3":"status-publish","4":"has-post-thumbnail","6":"product_cat-femenino","8":"first","9":"instock","10":"shipping-taxable","11":"purchasable","12":"product-type-simple"},"_links":{"self":[{"href":"https:\/\/brandss.com.py\/index\/wp-json\/wp\/v2\/product\/78339","targetHints":{"allow":["GET"]}}],"collection":[{"href":"https:\/\/brandss.com.py\/index\/wp-json\/wp\/v2\/product"}],"about":[{"href":"https:\/\/brandss.com.py\/index\/wp-json\/wp\/v2\/types\/product"}],"replies":[{"embeddable":true,"href":"https:\/\/brandss.com.py\/index\/wp-json\/wp\/v2\/comments?post=78339"}],"version-history":[{"count":1,"href":"https:\/\/brandss.com.py\/index\/wp-json\/wp\/v2\/product\/78339\/revisions"}],"predecessor-version":[{"id":78350,"href":"https:\/\/brandss.com.py\/index\/wp-json\/wp\/v2\/product\/78339\/revisions\/78350"}],"wp:featuredmedia":[{"embeddable":true,"href":"https:\/\/brandss.com.py\/index\/wp-json\/wp\/v2\/media\/78340"}],"wp:attachment":[{"href":"https:\/\/brandss.com.py\/index\/wp-json\/wp\/v2\/media?parent=78339"}],"wp:term":[{"taxonomy":"product_brand","embeddable":true,"href":"https:\/\/brandss.com.py\/index\/wp-json\/wp\/v2\/product_brand?post=78339"},{"taxonomy":"product_cat","embeddable":true,"href":"https:\/\/brandss.com.py\/index\/wp-json\/wp\/v2\/product_cat?post=78339"},{"taxonomy":"product_tag","embeddable":true,"href":"https:\/\/brandss.com.py\/index\/wp-json\/wp\/v2\/product_tag?post=78339"}],"curies":[{"name":"wp","href":"https:\/\/api.w.org\/{rel}","templated":true}]}}