{"id":78351,"date":"2025-03-28T17:16:55","date_gmt":"2025-03-28T17:16:55","guid":{"rendered":"https:\/\/brandss.com.py\/index\/?post_type=product&#038;p=78351"},"modified":"2025-03-28T17:18:00","modified_gmt":"2025-03-28T17:18:00","slug":"calzado-deportivo-femenino-nike-phoenix-waffle","status":"publish","type":"product","link":"https:\/\/brandss.com.py\/index\/producto\/calzado-deportivo-femenino-nike-phoenix-waffle\/","title":{"rendered":"CALZADO DEPORTIVO FEMENINO NIKE PHOENIX WAFFLE"},"content":{"rendered":"<p><img loading=\"lazy\" decoding=\"async\" class=\"\" src=\"https:\/\/1000marcas.net\/wp-content\/uploads\/2019\/11\/Logo-Nike.jpg\" alt=\"Logo de Nike: la historia y el significado del logotipo, la marca y el  s\u00edmbolo. | png, vector\" width=\"155\" height=\"87\" \/><\/p>\n<h1>PHOENIX WAFFLE<\/h1>\n<div class=\"experience-component experience-productText\">\n<div class=\"product-text-wrapper hide-empty  \">\n<div class=\"product-text-content     \">\n<div class=\"product-text  released    \" data-product-field=\"longDescription\">\n<p>La comodidad para todo el d\u00eda se combina con el estilo para todo el d\u00eda. Siguiendo el ejemplo de los dise\u00f1os originales de Blue Ribbon Sports e incorporando los avances tecnol\u00f3gicos de hoy, el Phoenix tipo waffle resurge de las cenizas. Una suela tipo waffle redise\u00f1ada aligera el zapato, mientras que el aumento de la altura de la entresuela crea una pisada a\u00fan m\u00e1s suave. Observa el logotipo de Swoosh vintage y la leng\u00fceta inspirada en los archivos para obtener una versi\u00f3n moderna de los looks cl\u00e1sicos de BRS.<\/p>\n<p><b>Arraigado en la herencia<\/b><\/p>\n<p>Las ventanas reflejantes se inspiran en Blue Ribbon Sports y en el calzado de running vintage.<\/p>\n<p><b>Bienestar con amortiguaci\u00f3n<\/b><\/p>\n<p>El aumento de la altura de la entresuela mejora la estabilidad y la amortiguaci\u00f3n bajo tus pies para una pisada suave y c\u00f3moda.<\/p>\n<p><b>Una suela m\u00e1s ligera<\/b><\/p>\n<p>La suela tipo waffle redise\u00f1ada est\u00e1 mejor que nunca con la ubicaci\u00f3n evolucionada de las hendiduras y la reducci\u00f3n de peso.<\/p>\n<p><b>Datos del producto<\/b><\/p>\n<ul>\n<li>Detalles reflejantes.<\/li>\n<li>Este producto no est\u00e1 dise\u00f1ado para usarse como equipo de protecci\u00f3n personal (EPP).<\/li>\n<li>Color: Blanco cumbre\/Arena\/Vela\/Negro.<\/li>\n<li>Modelo: FD2196-100.<\/li>\n<\/ul>\n<\/div>\n<\/div>\n<\/div>\n<\/div>\n","protected":false},"excerpt":{"rendered":"<p>PHOENIX WAFFLE La comodidad para todo el d\u00eda se combina con el estilo para todo el d\u00eda. Siguiendo el ejemplo<\/p>\n","protected":false},"featured_media":78352,"comment_status":"open","ping_status":"closed","template":"","meta":{"nf_dc_page":""},"product_brand":[],"product_cat":[73],"product_tag":[],"class_list":{"0":"post-78351","1":"product","2":"type-product","3":"status-publish","4":"has-post-thumbnail","6":"product_cat-femenino","8":"first","9":"instock","10":"shipping-taxable","11":"purchasable","12":"product-type-simple"},"_links":{"self":[{"href":"https:\/\/brandss.com.py\/index\/wp-json\/wp\/v2\/product\/78351","targetHints":{"allow":["GET"]}}],"collection":[{"href":"https:\/\/brandss.com.py\/index\/wp-json\/wp\/v2\/product"}],"about":[{"href":"https:\/\/brandss.com.py\/index\/wp-json\/wp\/v2\/types\/product"}],"replies":[{"embeddable":true,"href":"https:\/\/brandss.com.py\/index\/wp-json\/wp\/v2\/comments?post=78351"}],"version-history":[{"count":1,"href":"https:\/\/brandss.com.py\/index\/wp-json\/wp\/v2\/product\/78351\/revisions"}],"predecessor-version":[{"id":78364,"href":"https:\/\/brandss.com.py\/index\/wp-json\/wp\/v2\/product\/78351\/revisions\/78364"}],"wp:featuredmedia":[{"embeddable":true,"href":"https:\/\/brandss.com.py\/index\/wp-json\/wp\/v2\/media\/78352"}],"wp:attachment":[{"href":"https:\/\/brandss.com.py\/index\/wp-json\/wp\/v2\/media?parent=78351"}],"wp:term":[{"taxonomy":"product_brand","embeddable":true,"href":"https:\/\/brandss.com.py\/index\/wp-json\/wp\/v2\/product_brand?post=78351"},{"taxonomy":"product_cat","embeddable":true,"href":"https:\/\/brandss.com.py\/index\/wp-json\/wp\/v2\/product_cat?post=78351"},{"taxonomy":"product_tag","embeddable":true,"href":"https:\/\/brandss.com.py\/index\/wp-json\/wp\/v2\/product_tag?post=78351"}],"curies":[{"name":"wp","href":"https:\/\/api.w.org\/{rel}","templated":true}]}}