{"id":78365,"date":"2025-03-29T11:44:26","date_gmt":"2025-03-29T11:44:26","guid":{"rendered":"https:\/\/brandss.com.py\/index\/?post_type=product&#038;p=78365"},"modified":"2026-01-26T11:30:38","modified_gmt":"2026-01-26T11:30:38","slug":"calzado-deportivo-masculino-nike-interact-run","status":"publish","type":"product","link":"https:\/\/brandss.com.py\/index\/producto\/calzado-deportivo-masculino-nike-interact-run\/","title":{"rendered":"CALZADO DEPORTIVO MASCULINO NIKE INTERACT RUN"},"content":{"rendered":"<p><img loading=\"lazy\" decoding=\"async\" class=\"\" src=\"https:\/\/1000marcas.net\/wp-content\/uploads\/2019\/11\/Logo-Nike.jpg\" alt=\"Logo de Nike: la historia y el significado del logotipo, la marca y el  s\u00edmbolo. | png, vector\" width=\"123\" height=\"69\" \/><\/p>\n<h1>INTERACT RUN<\/h1>\n<div class=\"b-fullpdpdetails__item\" data-prop-name=\"productDescription\"><span>\u00bfVes el futuro? Acelera tus pasos con las vanguardistas Nike Interact Run. Cuentan con todas las ventajas que necesitas para correr: una parte superior ligera de Flyknit, una entresuela de espuma suave y comodidad donde m\u00e1s importa. Escanea el c\u00f3digo QR de la leng\u00fceta con tu tel\u00e9fono y descubre nuestra introducci\u00f3n online a los detalles de las Nike Interact Run.<\/span><\/div>\n<div data-prop-name=\"productDescription\"><\/div>\n<div data-prop-name=\"productDescription\">\n<div class=\"b-fullpdpdetails__section\">\n<div class=\"b-fullpdpdetails__title\"><strong>Hacia el futuro<\/strong><\/div>\n<div><\/div>\n<div class=\"b-productdata__content\">Un c\u00f3digo QR escaneable en la leng\u00fceta te gu\u00eda sobre los beneficios de rendimiento de las Interact Run. Ofrece consejos para prolongar la vida \u00fatil de tus zapatillas, desde opciones de mantenimiento hasta reparaciones y cuidados a largo plazo. Finalmente, cuando hayas recorrido todos los kil\u00f3metros posibles, el c\u00f3digo QR te sugerir\u00e1 maneras de reciclar y donar las zapatillas una vez que hayan cumplido su ciclo de vida.<\/div>\n<div><\/div>\n<\/div>\n<div class=\"b-fullpdpdetails__section\">\n<div class=\"b-fullpdpdetails__title\"><strong>Hecho de Nike Grind<\/strong><\/div>\n<div><\/div>\n<div class=\"b-productdata__content\">La suela exterior Waffle est\u00e1 hecha de al menos un 13 % de material Nike Grind, elaborado a partir de restos del proceso de fabricaci\u00f3n del calzado.<\/div>\n<div><\/div>\n<\/div>\n<div class=\"b-fullpdpdetails__section\">\n<div class=\"b-fullpdpdetails__title\"><strong>Paseo suave<\/strong><\/div>\n<div><\/div>\n<div class=\"b-productdata__content\">La espuma suave y reactiva de la entresuela te brinda una pisada c\u00f3moda y suave para correr y dondequiera que vayas. La espuma alta proporciona una sensaci\u00f3n de suavidad.<\/div>\n<\/div>\n<div class=\"b-fullpdpdetails__section\">\n<div><\/div>\n<div class=\"b-fullpdpdetails__title\"><strong>Vuela lejos<\/strong><\/div>\n<div><\/div>\n<div class=\"b-productdata__content\">La parte superior Flyknit cuenta con zonas de transpirabilidad donde el pie se calienta m\u00e1s, especialmente en la puntera. Es resistente y duradera, lo que ayuda a mantener el pie seguro en cada kil\u00f3metro. La parte superior, ligera y fresca, se adapta al pie con libertad y facilidad.<\/div>\n<\/div>\n<\/div>\n<div class=\"b-fullpdpdetails__attribute\" data-id=\"gmg_productSpecifications\">\n<div class=\"b-fullpdpdetails__section\">\n<div><\/div>\n<div class=\"b-fullpdpdetails__title\"><strong>M\u00e1s beneficios<\/strong><\/div>\n<div class=\"b-productdata__content\">\n<ul class=\"b-list--dots\">\n<li><span>Creamos la suela de goma utilizando datos de corredores para brindar tracci\u00f3n donde la necesita.<\/span><\/li>\n<li><span>Las capas superpuestas en la puntera ofrecen durabilidad.<\/span><\/li>\n<\/ul>\n<\/div>\n<\/div>\n<div class=\"b-fullpdpdetails__section\">\n<div class=\"b-fullpdpdetails__title\"><strong>Detalles<\/strong><\/div>\n<div class=\"b-productdata__content\">\n<ul class=\"b-list--dots\">\n<li><span>Color: Vela\/Tinte platino\/Blanco cumbre\/Naranja total<\/span><\/li>\n<li><span>Modelo: FD2291-103<\/span><\/li>\n<\/ul>\n<\/div>\n<\/div>\n<\/div>\n<div class=\"b-fullpdpdetails__attribute\" data-id=\"gmg_enhancedBenefits\">\n<div class=\"b-fullpdpdetails__section\"><\/div>\n<\/div>\n","protected":false},"excerpt":{"rendered":"<p>INTERACT RUN \u00bfVes el futuro? Acelera tus pasos con las vanguardistas Nike Interact Run. Cuentan con todas las ventajas que<\/p>\n","protected":false},"featured_media":78366,"comment_status":"open","ping_status":"closed","template":"","meta":{"nf_dc_page":""},"product_brand":[],"product_cat":[76],"product_tag":[],"class_list":{"0":"post-78365","1":"product","2":"type-product","3":"status-publish","4":"has-post-thumbnail","6":"product_cat-masculino","8":"first","9":"outofstock","10":"shipping-taxable","11":"purchasable","12":"product-type-simple"},"_links":{"self":[{"href":"https:\/\/brandss.com.py\/index\/wp-json\/wp\/v2\/product\/78365","targetHints":{"allow":["GET"]}}],"collection":[{"href":"https:\/\/brandss.com.py\/index\/wp-json\/wp\/v2\/product"}],"about":[{"href":"https:\/\/brandss.com.py\/index\/wp-json\/wp\/v2\/types\/product"}],"replies":[{"embeddable":true,"href":"https:\/\/brandss.com.py\/index\/wp-json\/wp\/v2\/comments?post=78365"}],"version-history":[{"count":1,"href":"https:\/\/brandss.com.py\/index\/wp-json\/wp\/v2\/product\/78365\/revisions"}],"predecessor-version":[{"id":78374,"href":"https:\/\/brandss.com.py\/index\/wp-json\/wp\/v2\/product\/78365\/revisions\/78374"}],"wp:featuredmedia":[{"embeddable":true,"href":"https:\/\/brandss.com.py\/index\/wp-json\/wp\/v2\/media\/78366"}],"wp:attachment":[{"href":"https:\/\/brandss.com.py\/index\/wp-json\/wp\/v2\/media?parent=78365"}],"wp:term":[{"taxonomy":"product_brand","embeddable":true,"href":"https:\/\/brandss.com.py\/index\/wp-json\/wp\/v2\/product_brand?post=78365"},{"taxonomy":"product_cat","embeddable":true,"href":"https:\/\/brandss.com.py\/index\/wp-json\/wp\/v2\/product_cat?post=78365"},{"taxonomy":"product_tag","embeddable":true,"href":"https:\/\/brandss.com.py\/index\/wp-json\/wp\/v2\/product_tag?post=78365"}],"curies":[{"name":"wp","href":"https:\/\/api.w.org\/{rel}","templated":true}]}}