{"id":78385,"date":"2025-03-29T12:08:57","date_gmt":"2025-03-29T12:08:57","guid":{"rendered":"https:\/\/brandss.com.py\/index\/?post_type=product&#038;p=78385"},"modified":"2025-07-07T17:59:49","modified_gmt":"2025-07-07T17:59:49","slug":"calzado-deportivo-masculino-nike-air-jordan-xxxviii-low","status":"publish","type":"product","link":"https:\/\/brandss.com.py\/index\/producto\/calzado-deportivo-masculino-nike-air-jordan-xxxviii-low\/","title":{"rendered":"CALZADO DEPORTIVO MASCULINO NIKE AIR JORDAN XXXVIII LOW"},"content":{"rendered":"<p><img loading=\"lazy\" decoding=\"async\" class=\"\" src=\"https:\/\/1000marcas.net\/wp-content\/uploads\/2019\/11\/Logo-Nike.jpg\" alt=\"Logo de Nike: la historia y el significado del logotipo, la marca y el s\u00edmbolo. | png, vector\" width=\"117\" height=\"66\" \/><\/p>\n<h1>AIR JORDAN XXXVIII LOW<\/h1>\n<div class=\"b-fullpdpdetails__attribute\" data-id=\"gmg_productSpecifications\">\n<div class=\"b-fullpdpdetails__section\">\n<div class=\"b-productdata__content\">\n<p>&nbsp;<\/p>\n<\/div>\n<\/div>\n<\/div>\n<div class=\"b-fullpdpdetails__attribute\" data-id=\"gmg_enhancedBenefits\">\n<div class=\"b-fullpdpdetails__section\">\n<p><b>Detalles de herencia<\/b><\/p>\n<p>El dise\u00f1o de las zapatillas rinde homenaje a la legendaria temporada de 1993 de MJ. Los dise\u00f1os cuadriculados, los dise\u00f1os de chevr\u00f3n y las l\u00edneas de tela de canal\u00e9 en uno de las zapatillas representan sus puntos, asistencias y rebotes por partido. Los detalles de tela en el otro hacen alusi\u00f3n al r\u00e9cord de 57-25 de la temporada y al tercer campeonato consecutivo de MJ.<\/p>\n<p>&nbsp;<\/p>\n<p><b>Movilidad en la cancha<\/b><\/p>\n<p>Quieres cortes m\u00e1s r\u00e1pidos, sprints m\u00e1s veloces y control en toda la cancha. La unidad Zoom Air Strobel de corte low te ayuda a lograrlo.<\/p>\n<p><b>Fuerza y seguridad<\/b><\/p>\n<p>El bordado en la parte superior est\u00e1 dise\u00f1ado para que sientas m\u00e1s seguridad al cruzar la cancha. \u00bfTus habilidades, adem\u00e1s de una malla ligera y con soporte? Una combinaci\u00f3n ganadora.<\/p>\n<p><b>No m\u00e1s residuos<\/b><\/p>\n<p>Lo \u00faltimo que necesitamos son m\u00e1s residuos. La caja especial Move to Zero te brinda la parafernalia de los paquetes conmemorativos sin la basura adicional.<\/p>\n<p>&nbsp;<\/p>\n<p><strong>Detalles<\/strong><\/p>\n<div class=\"vtex-flex-layout-0-x-flexColChild vtex-flex-layout-0-x-flexColChild--pdp-centered-mobile vtex-flex-layout-0-x-flexColChild--product-col pb7\">\n<div class=\"nikear-store-components-0-x-specificationContainer flex\">\n<div class=\"nikear-store-components-0-x-specificationRow flex mb4\"><span class=\"nikear-store-components-0-x-specificationName nikear-store-components-0-x-specificationName--product-specification\">Color: <\/span><span class=\"nikear-store-components-0-x-specificationValue nikear-store-components-0-x-specificationValue--product-specification\">Tinte carmes\u00ed\/Naranja pulso\/Negro<\/span><\/div>\n<\/div>\n<\/div>\n<div class=\"vtex-flex-layout-0-x-flexColChild vtex-flex-layout-0-x-flexColChild--pdp-centered-mobile vtex-flex-layout-0-x-flexColChild--product-col pb7\"><span class=\"vtex-product-identifier-0-x-product-identifier vtex-product-identifier-0-x-product-identifier--productReference c-muted-1\"><span class=\"vtex-product-identifier-0-x-product-identifier__label\">Modelo<\/span><span class=\"vtex-product-identifier-0-x-product-identifier__separator\">:\u00a0<\/span><span class=\"vtex-product-identifier-0-x-product-identifier__value\">FD2326-800<\/span><\/span><\/div>\n<div class=\"vtex-flex-layout-0-x-flexColChild vtex-flex-layout-0-x-flexColChild--pdp-centered-mobile vtex-flex-layout-0-x-flexColChild--product-col pb7\">\n<div class=\"nikear-store-components-0-x-specificationContainer flex\">\n<div class=\"nikear-store-components-0-x-specificationRow flex mb4\"><span class=\"nikear-store-components-0-x-specificationName nikear-store-components-0-x-specificationName--product-specification\">Origen: <\/span><span class=\"nikear-store-components-0-x-specificationValue nikear-store-components-0-x-specificationValue--product-specification\">Vietnam<\/span><\/div>\n<\/div>\n<\/div>\n<\/div>\n<\/div>\n","protected":false},"excerpt":{"rendered":"<p>AIR JORDAN XXXVIII LOW &nbsp; Detalles de herencia El dise\u00f1o de las zapatillas rinde homenaje a la legendaria temporada de<\/p>\n","protected":false},"featured_media":78396,"comment_status":"open","ping_status":"closed","template":"","meta":{"nf_dc_page":""},"product_brand":[],"product_cat":[76],"product_tag":[],"class_list":{"0":"post-78385","1":"product","2":"type-product","3":"status-publish","4":"has-post-thumbnail","6":"product_cat-masculino","8":"first","9":"outofstock","10":"shipping-taxable","11":"purchasable","12":"product-type-simple"},"_links":{"self":[{"href":"https:\/\/brandss.com.py\/index\/wp-json\/wp\/v2\/product\/78385","targetHints":{"allow":["GET"]}}],"collection":[{"href":"https:\/\/brandss.com.py\/index\/wp-json\/wp\/v2\/product"}],"about":[{"href":"https:\/\/brandss.com.py\/index\/wp-json\/wp\/v2\/types\/product"}],"replies":[{"embeddable":true,"href":"https:\/\/brandss.com.py\/index\/wp-json\/wp\/v2\/comments?post=78385"}],"version-history":[{"count":1,"href":"https:\/\/brandss.com.py\/index\/wp-json\/wp\/v2\/product\/78385\/revisions"}],"predecessor-version":[{"id":78406,"href":"https:\/\/brandss.com.py\/index\/wp-json\/wp\/v2\/product\/78385\/revisions\/78406"}],"wp:featuredmedia":[{"embeddable":true,"href":"https:\/\/brandss.com.py\/index\/wp-json\/wp\/v2\/media\/78396"}],"wp:attachment":[{"href":"https:\/\/brandss.com.py\/index\/wp-json\/wp\/v2\/media?parent=78385"}],"wp:term":[{"taxonomy":"product_brand","embeddable":true,"href":"https:\/\/brandss.com.py\/index\/wp-json\/wp\/v2\/product_brand?post=78385"},{"taxonomy":"product_cat","embeddable":true,"href":"https:\/\/brandss.com.py\/index\/wp-json\/wp\/v2\/product_cat?post=78385"},{"taxonomy":"product_tag","embeddable":true,"href":"https:\/\/brandss.com.py\/index\/wp-json\/wp\/v2\/product_tag?post=78385"}],"curies":[{"name":"wp","href":"https:\/\/api.w.org\/{rel}","templated":true}]}}