{"id":78395,"date":"2025-03-29T12:28:34","date_gmt":"2025-03-29T12:28:34","guid":{"rendered":"https:\/\/brandss.com.py\/index\/?post_type=product&#038;p=78395"},"modified":"2025-07-07T17:59:38","modified_gmt":"2025-07-07T17:59:38","slug":"calzado-deportivo-infantil-nike-jordan-zion-3-pink-lotus","status":"publish","type":"product","link":"https:\/\/brandss.com.py\/index\/producto\/calzado-deportivo-infantil-nike-jordan-zion-3-pink-lotus\/","title":{"rendered":"CALZADO DEPORTIVO INFANTIL NIKE JORDAN ZION 3 PINK LOTUS"},"content":{"rendered":"<p><img loading=\"lazy\" decoding=\"async\" class=\"\" src=\"https:\/\/1000marcas.net\/wp-content\/uploads\/2019\/11\/Logo-Nike.jpg\" alt=\"Logo de Nike: la historia y el significado del logotipo, la ...\" width=\"366\" height=\"206\" \/><\/p>\n<h1 data-start=\"0\" data-end=\"41\"><strong data-start=\"4\" data-end=\"39\">Nike Jordan Zion 3 &#8220;Pink Lotus&#8221;<\/strong><\/h1>\n<p class=\"\" data-start=\"43\" data-end=\"336\">Los <strong data-start=\"47\" data-end=\"82\">Nike Jordan Zion 3 &#8220;Pink Lotus&#8221;<\/strong> son la tercera edici\u00f3n de la l\u00ednea exclusiva de Zion Williamson, dise\u00f1ados para ofrecer m\u00e1xima potencia, estabilidad y velocidad en la cancha. Este modelo combina un dise\u00f1o llamativo con tecnolog\u00eda avanzada para un rendimiento \u00f3ptimo en el baloncesto.<\/p>\n<h3 class=\"\" data-start=\"338\" data-end=\"376\"><strong data-start=\"342\" data-end=\"374\">Caracter\u00edsticas\u00a0<\/strong><\/h3>\n<ul data-start=\"377\" data-end=\"1038\">\n<li class=\"\" data-start=\"377\" data-end=\"497\">\n<p class=\"\" data-start=\"379\" data-end=\"497\"><strong data-start=\"379\" data-end=\"406\">Amortiguaci\u00f3n Reactiva:<\/strong> Incorpora espuma <strong data-start=\"424\" data-end=\"438\">Formula 23<\/strong> para una sensaci\u00f3n suave y explosiva en cada movimiento.<\/p>\n<\/li>\n<li class=\"\" data-start=\"498\" data-end=\"633\">\n<p class=\"\" data-start=\"500\" data-end=\"633\"><strong data-start=\"500\" data-end=\"525\">Placa de Estabilidad:<\/strong> Integra una placa en el mediopi\u00e9 que proporciona mayor soporte y control en cambios de direcci\u00f3n r\u00e1pidos.<\/p>\n<\/li>\n<li class=\"\" data-start=\"634\" data-end=\"750\">\n<p class=\"\" data-start=\"636\" data-end=\"750\"><strong data-start=\"636\" data-end=\"658\">Tracci\u00f3n Avanzada:<\/strong> Suela con patr\u00f3n de goma dise\u00f1ado para m\u00e1ximo agarre en superficies de madera o concreto.<\/p>\n<\/li>\n<li class=\"\" data-start=\"751\" data-end=\"906\">\n<p class=\"\" data-start=\"753\" data-end=\"906\"><strong data-start=\"753\" data-end=\"773\">Dise\u00f1o y Estilo:<\/strong> Colorway <strong data-start=\"783\" data-end=\"799\">&#8220;Pink Lotus&#8221;<\/strong>, que combina tonos vibrantes de rosa con detalles en blanco y negro, reflejando el estilo \u00fanico de Zion.<\/p>\n<\/li>\n<li class=\"\" data-start=\"907\" data-end=\"1038\">\n<p class=\"\" data-start=\"909\" data-end=\"1038\"><strong data-start=\"909\" data-end=\"935\">Durabilidad y Soporte:<\/strong> Parte superior reforzada con materiales resistentes para mayor estabilidad y protecci\u00f3n en el juego.<\/p>\n<\/li>\n<\/ul>\n<h3 class=\"\" data-start=\"1040\" data-end=\"1071\"><strong data-start=\"1044\" data-end=\"1069\">\u00bfPara qui\u00e9n es ideal?<\/strong><\/h3>\n<p class=\"\" data-start=\"1072\" data-end=\"1216\">Perfecto para jugadores de baloncesto que buscan un calzado con gran amortiguaci\u00f3n, estabilidad y tracci\u00f3n, sin sacrificar estilo y comodidad.<\/p>\n","protected":false},"excerpt":{"rendered":"<p>Nike Jordan Zion 3 &#8220;Pink Lotus&#8221; Los Nike Jordan Zion 3 &#8220;Pink Lotus&#8221; son la tercera edici\u00f3n de la l\u00ednea<\/p>\n","protected":false},"featured_media":78402,"comment_status":"open","ping_status":"closed","template":"","meta":{"nf_dc_page":""},"product_brand":[],"product_cat":[75],"product_tag":[],"class_list":{"0":"post-78395","1":"product","2":"type-product","3":"status-publish","4":"has-post-thumbnail","6":"product_cat-infantil","8":"first","9":"outofstock","10":"shipping-taxable","11":"purchasable","12":"product-type-simple"},"_links":{"self":[{"href":"https:\/\/brandss.com.py\/index\/wp-json\/wp\/v2\/product\/78395","targetHints":{"allow":["GET"]}}],"collection":[{"href":"https:\/\/brandss.com.py\/index\/wp-json\/wp\/v2\/product"}],"about":[{"href":"https:\/\/brandss.com.py\/index\/wp-json\/wp\/v2\/types\/product"}],"replies":[{"embeddable":true,"href":"https:\/\/brandss.com.py\/index\/wp-json\/wp\/v2\/comments?post=78395"}],"version-history":[{"count":1,"href":"https:\/\/brandss.com.py\/index\/wp-json\/wp\/v2\/product\/78395\/revisions"}],"predecessor-version":[{"id":78411,"href":"https:\/\/brandss.com.py\/index\/wp-json\/wp\/v2\/product\/78395\/revisions\/78411"}],"wp:featuredmedia":[{"embeddable":true,"href":"https:\/\/brandss.com.py\/index\/wp-json\/wp\/v2\/media\/78402"}],"wp:attachment":[{"href":"https:\/\/brandss.com.py\/index\/wp-json\/wp\/v2\/media?parent=78395"}],"wp:term":[{"taxonomy":"product_brand","embeddable":true,"href":"https:\/\/brandss.com.py\/index\/wp-json\/wp\/v2\/product_brand?post=78395"},{"taxonomy":"product_cat","embeddable":true,"href":"https:\/\/brandss.com.py\/index\/wp-json\/wp\/v2\/product_cat?post=78395"},{"taxonomy":"product_tag","embeddable":true,"href":"https:\/\/brandss.com.py\/index\/wp-json\/wp\/v2\/product_tag?post=78395"}],"curies":[{"name":"wp","href":"https:\/\/api.w.org\/{rel}","templated":true}]}}