{"id":78425,"date":"2025-03-29T12:51:29","date_gmt":"2025-03-29T12:51:29","guid":{"rendered":"https:\/\/brandss.com.py\/index\/?post_type=product&#038;p=78425"},"modified":"2025-07-07T17:59:25","modified_gmt":"2025-07-07T17:59:25","slug":"calzado-deportivo-masculino-nike-jordan-one-take-5","status":"publish","type":"product","link":"https:\/\/brandss.com.py\/index\/producto\/calzado-deportivo-masculino-nike-jordan-one-take-5\/","title":{"rendered":"CALZADO DEPORTIVO MASCULINO NIKE JORDAN ONE TAKE 5"},"content":{"rendered":"<p><img loading=\"lazy\" decoding=\"async\" class=\"\" src=\"https:\/\/1000marcas.net\/wp-content\/uploads\/2019\/11\/Logo-Nike.jpg\" alt=\"Logo de Nike: la historia y el significado del logotipo, la marca y el  s\u00edmbolo. | png, vector\" width=\"132\" height=\"74\" \/><\/p>\n<h1>JORDAN ONE TAKE 5<\/h1>\n<p>&nbsp;<\/p>\n<p>Calzados de baloncesto <span>Russell Westbrook Jordan One Take 5.<\/span><br \/>\nAcelera, emboca, dispara, anota y repite. Los \u00faltimos calzados de Russell Westbrook te ayudar\u00e1n a jugar con velocidad, ayud\u00e1ndote a ser imparable en la contra. El ojal exterior y la puntera envolvente a\u00f1aden contenci\u00f3n en la cancha, mientras que la amortiguaci\u00f3n Zoom Air con retorno de energ\u00eda en el antepi\u00e9 te permitir\u00e1 encestar desde el primer hasta el cuarto tiro.<\/p>\n<p><span>Las Jordan One Take 5 se destacan por su construcci\u00f3n liviana y estructura de soporte. Ideal especialmente para jugadores r\u00e1pidos, este calzado proporciona el m\u00e1ximo rendimiento en movimientos r\u00e1pidos. Adem\u00e1s, con su estructura de suela especial y tracci\u00f3n, proporciona soporte para los movimientos b\u00e1sicos del baloncesto, como saltar y dirigir.<\/span><\/p>\n<p><span>Estos zapatos cuentan con un dise\u00f1o exclusivo que refleja el estilo legendario de la marca Jordan. Detalles distintivos y un logotipo ic\u00f3nico crean un look que complementar\u00e1 tu estilo y llamar\u00e1 la atenci\u00f3n en la cancha de baloncesto. Su elegante dise\u00f1o, compatible tambi\u00e9n con la moda urbana, ofrece al usuario una amplia gama de usos.<\/span><\/p>\n<p><span data-contrast=\"auto\">Corre hasta el aro, da un paso, dispara, marca y repite. Mejora tu rendimiento y alcanza un estatus imparable con los \u00faltimos zapatos de Russell Westbrook. En el campo, la protecci\u00f3n la proporciona el ajuste perfecto de la puntera y el ojal externo para cordones. La amortiguaci\u00f3n Zoom Air en el antepi\u00e9 ayuda a devolver la energ\u00eda para que puedas jugar todo tu partido al m\u00e1ximo.<\/span><span data-ccp-props=\"{\">\u00a0<\/span><\/p>\n<p><span data-contrast=\"auto\">Proporciona defensa a largo plazo: dise\u00f1ado para brindar protecci\u00f3n en el campo, manteni\u00e9ndote estable y seguro durante el juego. Adem\u00e1s, la unidad Zoom Air en el antepi\u00e9 est\u00e1 ubicada desde arriba para que puedas sentir la estructura responsiva m\u00e1s cerca de tu pie mientras regateas en el campo. Combina un dise\u00f1o llamativo con una estructura funcional para el uso diario.<\/span><span data-ccp-props=\"{\">\u00a0<\/span><\/p>\n<p><span data-contrast=\"auto\">Es perfecto para ti.<\/span><span data-ccp-props=\"{\">\u00a0<\/span><\/p>\n<p><b>Contenci\u00f3n para d\u00edas:<\/b><\/p>\n<p>Si\u00e9ntete sujeto y seguro durante el juego con un dise\u00f1o que prioriza la contenci\u00f3n en la cancha.<\/p>\n<p><b><span>Respuesta frontal:<\/span><\/b><\/p>\n<p>La unidad Zoom Air en el antepi\u00e9 est\u00e1 cargada en la parte superior, lo que acerca la sensaci\u00f3n de respuesta a tu pie cuando conduces con fuerza por la cancha.<\/p>\n<p><b><span>M\u00e1s detalles<\/span><\/b><\/p>\n<ul>\n<li><span>Logotipo bordado en la leng\u00fceta.\u00a0<\/span><\/li>\n<li><span>Jumpman en la entresuela.<\/span><\/li>\n<li>\u00a0Estilo dise\u00f1ado para brindar protecci\u00f3n en el campo.<\/li>\n<li>Capacidad de reacci\u00f3n excepcional.<\/li>\n<li>Unidad Zoom Air en la parte delantera del pie.<\/li>\n<li>Logotipo bordado en la leng\u00fceta.<\/li>\n<li>Logotipo de Jumpman en la entresuela.<\/li>\n<li>Color: White\/Black\/Arctic Punch.<\/li>\n<li>Modelo: FD2335-100.<\/li>\n<\/ul>\n","protected":false},"excerpt":{"rendered":"<p>JORDAN ONE TAKE 5 &nbsp; Calzados de baloncesto Russell Westbrook Jordan One Take 5. Acelera, emboca, dispara, anota y repite.<\/p>\n","protected":false},"featured_media":78444,"comment_status":"open","ping_status":"closed","template":"","meta":{"nf_dc_page":""},"product_brand":[],"product_cat":[76],"product_tag":[],"class_list":{"0":"post-78425","1":"product","2":"type-product","3":"status-publish","4":"has-post-thumbnail","6":"product_cat-masculino","8":"first","9":"outofstock","10":"shipping-taxable","11":"purchasable","12":"product-type-simple"},"_links":{"self":[{"href":"https:\/\/brandss.com.py\/index\/wp-json\/wp\/v2\/product\/78425","targetHints":{"allow":["GET"]}}],"collection":[{"href":"https:\/\/brandss.com.py\/index\/wp-json\/wp\/v2\/product"}],"about":[{"href":"https:\/\/brandss.com.py\/index\/wp-json\/wp\/v2\/types\/product"}],"replies":[{"embeddable":true,"href":"https:\/\/brandss.com.py\/index\/wp-json\/wp\/v2\/comments?post=78425"}],"version-history":[{"count":1,"href":"https:\/\/brandss.com.py\/index\/wp-json\/wp\/v2\/product\/78425\/revisions"}],"predecessor-version":[{"id":78453,"href":"https:\/\/brandss.com.py\/index\/wp-json\/wp\/v2\/product\/78425\/revisions\/78453"}],"wp:featuredmedia":[{"embeddable":true,"href":"https:\/\/brandss.com.py\/index\/wp-json\/wp\/v2\/media\/78444"}],"wp:attachment":[{"href":"https:\/\/brandss.com.py\/index\/wp-json\/wp\/v2\/media?parent=78425"}],"wp:term":[{"taxonomy":"product_brand","embeddable":true,"href":"https:\/\/brandss.com.py\/index\/wp-json\/wp\/v2\/product_brand?post=78425"},{"taxonomy":"product_cat","embeddable":true,"href":"https:\/\/brandss.com.py\/index\/wp-json\/wp\/v2\/product_cat?post=78425"},{"taxonomy":"product_tag","embeddable":true,"href":"https:\/\/brandss.com.py\/index\/wp-json\/wp\/v2\/product_tag?post=78425"}],"curies":[{"name":"wp","href":"https:\/\/api.w.org\/{rel}","templated":true}]}}