{"id":78503,"date":"2025-03-29T13:37:41","date_gmt":"2025-03-29T13:37:41","guid":{"rendered":"https:\/\/brandss.com.py\/index\/?post_type=product&#038;p=78503"},"modified":"2025-03-29T13:38:10","modified_gmt":"2025-03-29T13:38:10","slug":"calzado-deportivo-masculino-nike-air-max-plus-drift","status":"publish","type":"product","link":"https:\/\/brandss.com.py\/index\/producto\/calzado-deportivo-masculino-nike-air-max-plus-drift\/","title":{"rendered":"CALZADO DEPORTIVO MASCULINO NIKE AIR MAX PLUS DRIFT"},"content":{"rendered":"<p><img loading=\"lazy\" decoding=\"async\" class=\"\" src=\"https:\/\/1000marcas.net\/wp-content\/uploads\/2019\/11\/Logo-Nike.jpg\" alt=\"Logo de Nike: la historia y el significado del logotipo, la marca y el  s\u00edmbolo. | png, vector\" width=\"158\" height=\"89\" \/><\/p>\n<h1>AIR MAX PLUS DRIFT<\/h1>\n<div class=\"experience-component experience-productText\">\n<div class=\"product-text-wrapper hide-empty  \">\n<div class=\"product-text-content     \">\n<div class=\"product-text  released    \" data-product-field=\"longDescription\">\n<div class=\"pi-tier3\">\n<div class=\"pi-pdpmainbody\">\n<p>Deja que tu actitud tenga la ventaja en el Air Max Plus Drift, una experiencia &#8220;Tuned&#8221; Air que ofrece una estabilidad y una amortiguaci\u00f3n premium. Con la malla aireada, el color degradado y las l\u00edneas de dise\u00f1o onduladas originales, este calzado celebra tu estilo desafiante.<\/p>\n<p>&nbsp;<\/p>\n<p><b>Nike Air Max Origins<\/b><\/p>\n<p>La tecnolog\u00eda revolucionaria Air se introdujo por primera vez en el calzado Nike en 1978. En 1987, el Air Max 1 debut\u00f3 con la tecnolog\u00eda Air visible en el tal\u00f3n, que les proporcionaba a sus fans mucho m\u00e1s que la sensaci\u00f3n de amortiguaci\u00f3n Air: esta comodidad tambi\u00e9n pod\u00eda verse. Desde entonces, el calzado Air Max de \u00faltima generaci\u00f3n se convirti\u00f3 en el favorito de los atletas y coleccionistas por sus combinaciones atractivas de colores, adem\u00e1s de su amortiguaci\u00f3n ligera y confiable.<\/p>\n<p><b>Beneficios<\/b><\/p>\n<ul>\n<li>La parte superior combina malla y materiales sint\u00e9ticos para brindar transpirabilidad y durabilidad.<\/li>\n<li>Las unidades Nike Air fueron dise\u00f1adas originalmente para el running de alto rendimiento y proporcionan una amortiguaci\u00f3n ligera y duradera.<\/li>\n<li>Este dise\u00f1o trae la vida de playa a la ciudad, el arco con soporte se inspira en la cola de una ballena al mismo tiempo que las l\u00edneas curvas hacen alusi\u00f3n a las palmeras y a las olas del mar.<\/li>\n<li>Entresuela de espuma<\/li>\n<li>Suela de goma<\/li>\n<\/ul>\n<p>&nbsp;<\/p>\n<p><strong>Detalles<\/strong><\/div>\n<\/div>\n<\/div>\n<\/div>\n<\/div>\n<\/div>\n<div class=\"experience-component experience-productText\">\n<div class=\"product-text-wrapper hide-empty  \">\n<div class=\"product-text-title\"><\/div>\n<div class=\"product-text-content  product-text-inline    \">\n<div class=\"product-text-label\">Color:\u00a0Azul Marino Medianoche\/Naranja Total-Polvo De Cactus<\/div>\n<\/div>\n<\/div>\n<\/div>\n<div class=\"experience-component experience-productText\">\n<div class=\"product-text-wrapper hide-empty  \">\n<div class=\"product-text-content  product-text-inline    \">Modelo: FD4290-400<\/div>\n<\/div>\n<\/div>\n","protected":false},"excerpt":{"rendered":"<p>AIR MAX PLUS DRIFT Deja que tu actitud tenga la ventaja en el Air Max Plus Drift, una experiencia &#8220;Tuned&#8221;<\/p>\n","protected":false},"featured_media":78513,"comment_status":"open","ping_status":"closed","template":"","meta":{"nf_dc_page":""},"product_brand":[],"product_cat":[76],"product_tag":[],"class_list":{"0":"post-78503","1":"product","2":"type-product","3":"status-publish","4":"has-post-thumbnail","6":"product_cat-masculino","8":"first","9":"instock","10":"shipping-taxable","11":"purchasable","12":"product-type-simple"},"_links":{"self":[{"href":"https:\/\/brandss.com.py\/index\/wp-json\/wp\/v2\/product\/78503","targetHints":{"allow":["GET"]}}],"collection":[{"href":"https:\/\/brandss.com.py\/index\/wp-json\/wp\/v2\/product"}],"about":[{"href":"https:\/\/brandss.com.py\/index\/wp-json\/wp\/v2\/types\/product"}],"replies":[{"embeddable":true,"href":"https:\/\/brandss.com.py\/index\/wp-json\/wp\/v2\/comments?post=78503"}],"version-history":[{"count":1,"href":"https:\/\/brandss.com.py\/index\/wp-json\/wp\/v2\/product\/78503\/revisions"}],"predecessor-version":[{"id":78521,"href":"https:\/\/brandss.com.py\/index\/wp-json\/wp\/v2\/product\/78503\/revisions\/78521"}],"wp:featuredmedia":[{"embeddable":true,"href":"https:\/\/brandss.com.py\/index\/wp-json\/wp\/v2\/media\/78513"}],"wp:attachment":[{"href":"https:\/\/brandss.com.py\/index\/wp-json\/wp\/v2\/media?parent=78503"}],"wp:term":[{"taxonomy":"product_brand","embeddable":true,"href":"https:\/\/brandss.com.py\/index\/wp-json\/wp\/v2\/product_brand?post=78503"},{"taxonomy":"product_cat","embeddable":true,"href":"https:\/\/brandss.com.py\/index\/wp-json\/wp\/v2\/product_cat?post=78503"},{"taxonomy":"product_tag","embeddable":true,"href":"https:\/\/brandss.com.py\/index\/wp-json\/wp\/v2\/product_tag?post=78503"}],"curies":[{"name":"wp","href":"https:\/\/api.w.org\/{rel}","templated":true}]}}