{"id":78522,"date":"2025-03-29T14:47:04","date_gmt":"2025-03-29T14:47:04","guid":{"rendered":"https:\/\/brandss.com.py\/index\/?post_type=product&#038;p=78522"},"modified":"2026-03-17T10:45:03","modified_gmt":"2026-03-17T10:45:03","slug":"perfume-femenino-asdaaf-andaleeb-flora-edp-100ml","status":"publish","type":"product","link":"https:\/\/brandss.com.py\/index\/producto\/perfume-femenino-asdaaf-andaleeb-flora-edp-100ml\/","title":{"rendered":"PERFUME FEMENINO ASDAAF ANDALEEB FLORA EDP 100ML"},"content":{"rendered":"<p><img loading=\"lazy\" decoding=\"async\" class=\"\" src=\"https:\/\/azaharlenceria.com\/files\/product_brands\/2024\/09\/25\/ASDAAF%20LOGO.jpg\" alt=\"ASDAAF - Azahar Lencer\u00eda\" width=\"119\" height=\"145\" \/><\/p>\n<h1>ANDALEEB FLORA<\/h1>\n<p>Una fragancia femenina floral y luminosa, ideal para quienes buscan un perfume fresco y vibrante con un toque de elegancia. Sus notas florales y frutales iniciales evolucionan hacia un coraz\u00f3n suave y un fondo c\u00e1lido, creando una experiencia olfativa inolvidable. El Eau de Parfum Asdaaf Andaleeb Flora para mujer revelar\u00e1 la sensualidad de un aroma oriental. El enigma y el toque de misterio que emana te cautivar\u00e1n al instante y dejar\u00e1n indiferente a quienes te rodean. Es la imagen a\u00fan m\u00e1s perfecta de una mujer que abre con un c\u00f3ctel afrutado de verano, acompa\u00f1ado de flores frescas de verano, dejando una estela a\u00fan m\u00e1s intensa.<\/p>\n<p><img loading=\"lazy\" decoding=\"async\" class=\"alignleft\" src=\"https:\/\/lilyscent.com.ng\/wp-content\/uploads\/2024\/04\/648C3777-C096-4F7B-BBA6-0A3EBE00AB8A.jpeg\" width=\"425\" height=\"405\" \/><\/p>\n<ul>\n<li><strong>Combinaci\u00f3n \u00danica<\/strong>: Mezcla exquisita de notas florales, frutas y s\u00e1ndalo.<\/li>\n<li><strong>Fragancia Oriental<\/strong>: Una Eau de Parfum que resalta el car\u00e1cter enigm\u00e1tico y sofisticado.<\/li>\n<li><strong>Durabilidad<\/strong>: Dise\u00f1ada para mantener su aroma a lo largo del d\u00eda, dejando una impresi\u00f3n duradera.<\/li>\n<li><strong>Aroma Cautivador<\/strong>: Perfecta para cualquier ocasi\u00f3n, esta fragancia es ideal para quienes buscan un perfume que destaque.<\/li>\n<li><strong>Calidad Superior<\/strong>: Ingredientes seleccionados cuidadosamente para ofrecer una experiencia olfativa de lujo.<\/li>\n<li><strong>Versatilidad<\/strong>: Ideal para cualquier ocasi\u00f3n, desde el uso diario hasta eventos especiales.<\/li>\n<li><strong>Indeleble Impresi\u00f3n<\/strong>: Deja una marca inolvidable con su aroma cautivador y enigm\u00e1tico<\/li>\n<\/ul>\n<p><strong>Compra Andaleeb Flora Perfume by Asdaaf<\/strong>\u00a0y sum\u00e9rgete en la enigma de una fragancia oriental que destaca por su sofisticaci\u00f3n y encanto misterioso. Perfecta para quienes buscan un perfume que deje una huella duradera.<\/p>\n<h3>Notas Olfativas<\/h3>\n<p>Descubre el encanto de\u00a0<strong>Andaleeb Flora Perfume by Asdaaf<\/strong>, una Eau de Parfum oriental que combina notas florales, frutales y s\u00e1ndalo para crear un aura cautivadora y misteriosa. Indulg\u00e9 en la enigma de esta categor\u00eda de fragancias que deja una impresi\u00f3n imborrable.<\/p>\n<div><strong>&#8211; Notas principales:<\/strong>\u00a0C\u00edtricos, flor de azahar, grosella negra.<\/div>\n<div><strong>&#8211; Notas de coraz\u00f3n:<\/strong>\u00a0Jazm\u00edn, rosa, lirio.<\/div>\n<div><strong>&#8211; Notas de base:<\/strong>\u00a0Vainilla, \u00e1mbar, almizcle.<\/div>\n","protected":false},"excerpt":{"rendered":"<p>ANDALEEB FLORA Una fragancia femenina floral y luminosa, ideal para quienes buscan un perfume fresco y vibrante con un toque<\/p>\n","protected":false},"featured_media":78534,"comment_status":"open","ping_status":"closed","template":"","meta":{"nf_dc_page":""},"product_brand":[108],"product_cat":[84],"product_tag":[591],"class_list":{"0":"post-78522","1":"product","2":"type-product","3":"status-publish","4":"has-post-thumbnail","6":"product_brand-asdaaf","7":"product_cat-perfumeria","8":"product_tag-591","10":"first","11":"outofstock","12":"sale","13":"shipping-taxable","14":"purchasable","15":"product-type-simple"},"_links":{"self":[{"href":"https:\/\/brandss.com.py\/index\/wp-json\/wp\/v2\/product\/78522","targetHints":{"allow":["GET"]}}],"collection":[{"href":"https:\/\/brandss.com.py\/index\/wp-json\/wp\/v2\/product"}],"about":[{"href":"https:\/\/brandss.com.py\/index\/wp-json\/wp\/v2\/types\/product"}],"replies":[{"embeddable":true,"href":"https:\/\/brandss.com.py\/index\/wp-json\/wp\/v2\/comments?post=78522"}],"version-history":[{"count":1,"href":"https:\/\/brandss.com.py\/index\/wp-json\/wp\/v2\/product\/78522\/revisions"}],"predecessor-version":[{"id":78541,"href":"https:\/\/brandss.com.py\/index\/wp-json\/wp\/v2\/product\/78522\/revisions\/78541"}],"wp:featuredmedia":[{"embeddable":true,"href":"https:\/\/brandss.com.py\/index\/wp-json\/wp\/v2\/media\/78534"}],"wp:attachment":[{"href":"https:\/\/brandss.com.py\/index\/wp-json\/wp\/v2\/media?parent=78522"}],"wp:term":[{"taxonomy":"product_brand","embeddable":true,"href":"https:\/\/brandss.com.py\/index\/wp-json\/wp\/v2\/product_brand?post=78522"},{"taxonomy":"product_cat","embeddable":true,"href":"https:\/\/brandss.com.py\/index\/wp-json\/wp\/v2\/product_cat?post=78522"},{"taxonomy":"product_tag","embeddable":true,"href":"https:\/\/brandss.com.py\/index\/wp-json\/wp\/v2\/product_tag?post=78522"}],"curies":[{"name":"wp","href":"https:\/\/api.w.org\/{rel}","templated":true}]}}