{"id":78537,"date":"2025-03-29T14:48:33","date_gmt":"2025-03-29T14:48:33","guid":{"rendered":"https:\/\/brandss.com.py\/index\/?post_type=product&#038;p=78537"},"modified":"2026-01-26T11:39:42","modified_gmt":"2026-01-26T11:39:42","slug":"calzado-deportivo-masculino-legend-10-academy-tf","status":"publish","type":"product","link":"https:\/\/brandss.com.py\/index\/producto\/calzado-deportivo-masculino-legend-10-academy-tf\/","title":{"rendered":"CALZADO DEPORTIVO MASCULINO LEGEND 10 ACADEMY TF"},"content":{"rendered":"<p><img loading=\"lazy\" decoding=\"async\" class=\"\" src=\"https:\/\/1000marcas.net\/wp-content\/uploads\/2019\/11\/Logo-Nike.jpg\" alt=\"Logo de Nike: la historia y el significado del logotipo, la ...\" width=\"290\" height=\"163\" \/><\/p>\n<h1>LEGEND 10 ACADEMY TF<\/h1>\n<p>Incluso las leyendas encuentran la manera de evolucionar. Dise\u00f1ada para llevar tu juego al siguiente nivel, la \u00faltima versi\u00f3n de este calzado Academy tiene el nuevo cuero con dise\u00f1o avanzado FlyTouch Lite. M\u00e1s suave que el cuero natural, se adapta a tu pie y no se estira demasiado, para que puedas marcar el ritmo de tu juego. M\u00e1s ligero y elegante que cualquier otro Tiempo hasta la fecha, el Legend 10 es para cualquier posici\u00f3n en el campo, ya sea que des un pase milim\u00e9trico a trav\u00e9s de la defensa o regreses para detener una escapada.<\/p>\n<p><b>Toque amplificado<\/b><\/p>\n<p>\u00bfVes esos micropuntos en la parte superior? Sirven para mejorar las zonas de contacto al pasar, lanzar a puerta y regatear. Ofrecen un look m\u00e1s elegante y cuentan con un acolchado adicional. Y lo mejor es que no sacrifican el control dla pelota que deseas en el c\u00e9sped sint\u00e9tico. Redujimos las almohadillas de espuma del Tiempo 9 para que el pie pueda acercarse a\u00fan m\u00e1s al bal\u00f3n cuando est\u00e9 bajo tu control. En su lugar, moldeamos las l\u00edneas en el calzado.<\/p>\n<p>&nbsp;<\/p>\n<p><b>Ajuste natural y adaptable<\/b><\/p>\n<p>El cuero con dise\u00f1o avanzado FlyTouch Lite es incre\u00edblemente suave. Ayuda a que el calzado se amolde al pie para brindar comodidad sin sobrecargar el material. La confecci\u00f3n de la leng\u00fceta con acolchado adicional te brinda una sensaci\u00f3n de seguridad y comodidad en las zonas clave de impacto. El forro de microfitop crea una sensaci\u00f3n premium.<\/p>\n<p>&nbsp;<\/p>\n<p><b>Tracci\u00f3n para el pasto sint\u00e9tico (turf)<\/b><\/p>\n<p>La suela de goma te brinda tracci\u00f3n en superficies de pasto sint\u00e9tico (turf).<\/p>\n<p>&nbsp;<\/p>\n<p><b>Datos del producto<\/b><\/p>\n<ul>\n<li>Para usar en superficies sint\u00e9ticas de pasto m\u00e1s corto<\/li>\n<li>Plantilla con amortiguaci\u00f3n<\/li>\n<\/ul>\n","protected":false},"excerpt":{"rendered":"<p>LEGEND 10 ACADEMY TF Incluso las leyendas encuentran la manera de evolucionar. Dise\u00f1ada para llevar tu juego al siguiente nivel,<\/p>\n","protected":false},"featured_media":78542,"comment_status":"open","ping_status":"closed","template":"","meta":{"nf_dc_page":""},"product_brand":[],"product_cat":[76],"product_tag":[],"class_list":{"0":"post-78537","1":"product","2":"type-product","3":"status-publish","4":"has-post-thumbnail","6":"product_cat-masculino","8":"first","9":"outofstock","10":"shipping-taxable","11":"purchasable","12":"product-type-simple"},"_links":{"self":[{"href":"https:\/\/brandss.com.py\/index\/wp-json\/wp\/v2\/product\/78537","targetHints":{"allow":["GET"]}}],"collection":[{"href":"https:\/\/brandss.com.py\/index\/wp-json\/wp\/v2\/product"}],"about":[{"href":"https:\/\/brandss.com.py\/index\/wp-json\/wp\/v2\/types\/product"}],"replies":[{"embeddable":true,"href":"https:\/\/brandss.com.py\/index\/wp-json\/wp\/v2\/comments?post=78537"}],"version-history":[{"count":1,"href":"https:\/\/brandss.com.py\/index\/wp-json\/wp\/v2\/product\/78537\/revisions"}],"predecessor-version":[{"id":78549,"href":"https:\/\/brandss.com.py\/index\/wp-json\/wp\/v2\/product\/78537\/revisions\/78549"}],"wp:featuredmedia":[{"embeddable":true,"href":"https:\/\/brandss.com.py\/index\/wp-json\/wp\/v2\/media\/78542"}],"wp:attachment":[{"href":"https:\/\/brandss.com.py\/index\/wp-json\/wp\/v2\/media?parent=78537"}],"wp:term":[{"taxonomy":"product_brand","embeddable":true,"href":"https:\/\/brandss.com.py\/index\/wp-json\/wp\/v2\/product_brand?post=78537"},{"taxonomy":"product_cat","embeddable":true,"href":"https:\/\/brandss.com.py\/index\/wp-json\/wp\/v2\/product_cat?post=78537"},{"taxonomy":"product_tag","embeddable":true,"href":"https:\/\/brandss.com.py\/index\/wp-json\/wp\/v2\/product_tag?post=78537"}],"curies":[{"name":"wp","href":"https:\/\/api.w.org\/{rel}","templated":true}]}}