{"id":78570,"date":"2025-03-29T16:59:57","date_gmt":"2025-03-29T16:59:57","guid":{"rendered":"https:\/\/brandss.com.py\/index\/?post_type=product&#038;p=78570"},"modified":"2026-04-22T17:33:12","modified_gmt":"2026-04-22T17:33:12","slug":"perfume-unisex-lattafa-qaed-al-fursan-unlimited-edp-90ml","status":"publish","type":"product","link":"https:\/\/brandss.com.py\/index\/producto\/perfume-unisex-lattafa-qaed-al-fursan-unlimited-edp-90ml\/","title":{"rendered":"PERFUME UNISEX LATTAFA QAED AL FURSAN UNLIMITED EDP 90ML"},"content":{"rendered":"<p><img loading=\"lazy\" decoding=\"async\" class=\"\" src=\"https:\/\/myscentjourney.s3.us-east-2.amazonaws.com\/2022\/02\/14\/29KIascent_j_marca_1644871114_202.png\" alt=\"MSJ::LATTAFA\" width=\"102\" height=\"121\" \/><\/p>\n<h1>QAED AL FURSAN UNLIMITED<\/h1>\n<p>Sum\u00e9rgete en la encantadora sinfon\u00eda de Lattafa Qaed Al Fursan Unlimited EDP Spray, una fragancia unisex que encarna la elegancia atemporal y la sofisticaci\u00f3n contempor\u00e1nea. Una cautivadora mezcla de notas tropicales, florales y c\u00e1lidas, lo que lo hace perfecto para cualquier ocasi\u00f3n.<img loading=\"lazy\" decoding=\"async\" class=\"alignleft\" src=\"https:\/\/perfumeplanet.com.pa\/cdn\/shop\/files\/LATTAFAQAEDALFURSANUNLIMITED.webp?v=1724877053&amp;width=990\" width=\"509\" height=\"509\" \/><\/p>\n<p>Qaed Al Fursan Unlimited es una fragancia c\u00edtrica unisex. Lanzado en 2022, el perfil combina notas de c\u00edtricos y flores con una rica base polvorienta de vainilla y almizcle que tanto hombres como mujeres pueden amar. La familia de fragancias es c\u00edtrica y arom\u00e1tica dulce, polvorienta y tropical. La colonia Lattafa Qaed Al Fursan Unlimited se abre con refrescante coco y pi\u00f1a. Florece en el medio con Jasmine, frangipani y ylang-ylang. La base se asienta sobre la piel con rico s\u00e1ndalo, almizcle y vainilla. Para una fragancia duradera que puedas llevar durante todo el d\u00eda y minimizar la necesidad de volver a aplicar, conc\u00e9ntrate en tus puntos de pulso detr\u00e1s de las orejas, en la base del cuello y en las mu\u00f1ecas, as\u00ed como en las \u00e1reas m\u00e1s c\u00e1lidas del cuerpo, como detr\u00e1s de las rodillas y dentro del codo. Estos son los mejores lugares para aplicar tu fragancia Lattafa ya que el aroma se intensifica por la calidez de tu cuerpo.<\/p>\n<p>&nbsp;<\/p>\n<p>&nbsp;<\/p>\n<h3>Notas Olfativas<\/h3>\n<p><strong>Notas de salida:<\/strong> coco, c\u00edtricos, pi\u00f1a.<br \/>\n<strong>Notas de coraz\u00f3n:<\/strong> ylang-ylang, frangipani, jazm\u00edn.<br \/>\n<strong>Notas de fondo:<\/strong> vainilla, almizcle, s\u00e1ndalo.<\/p>\n","protected":false},"excerpt":{"rendered":"<p>QAED AL FURSAN UNLIMITED Sum\u00e9rgete en la encantadora sinfon\u00eda de Lattafa Qaed Al Fursan Unlimited EDP Spray, una fragancia unisex<\/p>\n","protected":false},"featured_media":78571,"comment_status":"open","ping_status":"closed","template":"","meta":{"nf_dc_page":""},"product_brand":[109],"product_cat":[84],"product_tag":[677],"class_list":{"0":"post-78570","1":"product","2":"type-product","3":"status-publish","4":"has-post-thumbnail","6":"product_brand-lattafa","7":"product_cat-perfumeria","8":"product_tag-677","10":"first","11":"instock","12":"sale","13":"shipping-taxable","14":"purchasable","15":"product-type-simple"},"_links":{"self":[{"href":"https:\/\/brandss.com.py\/index\/wp-json\/wp\/v2\/product\/78570","targetHints":{"allow":["GET"]}}],"collection":[{"href":"https:\/\/brandss.com.py\/index\/wp-json\/wp\/v2\/product"}],"about":[{"href":"https:\/\/brandss.com.py\/index\/wp-json\/wp\/v2\/types\/product"}],"replies":[{"embeddable":true,"href":"https:\/\/brandss.com.py\/index\/wp-json\/wp\/v2\/comments?post=78570"}],"version-history":[{"count":1,"href":"https:\/\/brandss.com.py\/index\/wp-json\/wp\/v2\/product\/78570\/revisions"}],"predecessor-version":[{"id":78577,"href":"https:\/\/brandss.com.py\/index\/wp-json\/wp\/v2\/product\/78570\/revisions\/78577"}],"wp:featuredmedia":[{"embeddable":true,"href":"https:\/\/brandss.com.py\/index\/wp-json\/wp\/v2\/media\/78571"}],"wp:attachment":[{"href":"https:\/\/brandss.com.py\/index\/wp-json\/wp\/v2\/media?parent=78570"}],"wp:term":[{"taxonomy":"product_brand","embeddable":true,"href":"https:\/\/brandss.com.py\/index\/wp-json\/wp\/v2\/product_brand?post=78570"},{"taxonomy":"product_cat","embeddable":true,"href":"https:\/\/brandss.com.py\/index\/wp-json\/wp\/v2\/product_cat?post=78570"},{"taxonomy":"product_tag","embeddable":true,"href":"https:\/\/brandss.com.py\/index\/wp-json\/wp\/v2\/product_tag?post=78570"}],"curies":[{"name":"wp","href":"https:\/\/api.w.org\/{rel}","templated":true}]}}