{"id":78583,"date":"2025-03-29T17:28:35","date_gmt":"2025-03-29T17:28:35","guid":{"rendered":"https:\/\/brandss.com.py\/index\/?post_type=product&#038;p=78583"},"modified":"2026-04-16T12:28:19","modified_gmt":"2026-04-16T12:28:19","slug":"perfume-unisex-lattafa-ishq-al-shuyukh-gold-edp-100ml","status":"publish","type":"product","link":"https:\/\/brandss.com.py\/index\/producto\/perfume-unisex-lattafa-ishq-al-shuyukh-gold-edp-100ml\/","title":{"rendered":"PERFUME UNISEX LATTAFA PRIDE ISHQ AL SHUYUKH GOLD EDP 100ML"},"content":{"rendered":"<p><img loading=\"lazy\" decoding=\"async\" class=\"\" src=\"https:\/\/myscentjourney.s3.us-east-2.amazonaws.com\/2022\/02\/14\/29KIascent_j_marca_1644871114_202.png\" alt=\"MSJ::LATTAFA\" width=\"112\" height=\"133\" \/><\/p>\n<h1>ISHQ AL SHUYUKH GOLD<\/h1>\n<p>El poder de esta fragancia reside en que es perfecta tanto para hombres como para mujeres. Huele diferente en cada persona y resalta tu singularidad. El Eau de Parfum unisex Lattafa Pride Ishq Al Shuyukh Gold ocupar\u00e1 un lugar destacado en tu tocador, y adem\u00e1s, podr\u00e1s compartirlo con tu pareja.<\/p>\n<p>Ishq Al Shuyukh Gold te invita a experimentar una fragancia de riqueza y complejidad impresionantes. Una apertura decadente de caramelo y azafr\u00e1n se entrelaza con susurros de especias c\u00e1lidas. Esta dulzura inicial da paso a un coraz\u00f3n de contrastes cautivadores: notas terrosas se mezclan con gamuza lujosa y un toque de cuero ahumado. Ishq Al Shuyukh Gold de lattafa es una alternativa asequible de Rosendo Mateu N\u00ba 5 Expresiones olfativas florales, \u00e1mbar, sensual almizcle Rosendo Mateu.<\/p>\n<p><img loading=\"lazy\" decoding=\"async\" class=\"alignleft\" src=\"https:\/\/salescabal.s3.eu-west-3.amazonaws.com\/stores\/91910\/products\/9f3de00e2bb2186177abc4eb16b084156465cc9d.png\" width=\"516\" height=\"645\" \/><\/p>\n<h3><\/h3>\n<h3>Notas Olfativas<\/h3>\n<p>&nbsp;<\/p>\n<p>Ishq Al Shuyukh Gold es una fragancia poderosa, seductora y equilibrada, ideal para ocasiones especiales o para quienes desean destacarse con un perfume distintivo. Su combinaci\u00f3n de notas dulces, c\u00e1lidas y especiadas le da un perfil sofisticado, mientras que el cuero y el almizcle aportan un toque de sensualidad que har\u00e1 memorable su presencia.<\/p>\n<p>Una fragancia oriental c\u00e1lida y lujosa, pensada para quienes buscan un perfume con car\u00e1cter y profundidad. Es una faragancia de la familia olfativa Oriental \u00c1mbar Vainilla para hombres y mujeres lanzada en el 2022.<\/p>\n<p>&nbsp;<\/p>\n<p><strong>Notas de salida:<\/strong> caramelo y azafr\u00e1n.<\/p>\n<p><strong>Notas de coraz\u00f3n:<\/strong> gamuza, cuero y haba tonka.<\/p>\n<p><strong>Notas de fondo:<\/strong> vainilla, \u00e1mbar y almizcle.<\/p>\n","protected":false},"excerpt":{"rendered":"<p>ISHQ AL SHUYUKH GOLD El poder de esta fragancia reside en que es perfecta tanto para hombres como para mujeres.<\/p>\n","protected":false},"featured_media":78585,"comment_status":"open","ping_status":"closed","template":"","meta":{"nf_dc_page":""},"product_brand":[109],"product_cat":[84],"product_tag":[647],"class_list":{"0":"post-78583","1":"product","2":"type-product","3":"status-publish","4":"has-post-thumbnail","6":"product_brand-lattafa","7":"product_cat-perfumeria","8":"product_tag-647","10":"first","11":"instock","12":"shipping-taxable","13":"purchasable","14":"product-type-simple"},"_links":{"self":[{"href":"https:\/\/brandss.com.py\/index\/wp-json\/wp\/v2\/product\/78583","targetHints":{"allow":["GET"]}}],"collection":[{"href":"https:\/\/brandss.com.py\/index\/wp-json\/wp\/v2\/product"}],"about":[{"href":"https:\/\/brandss.com.py\/index\/wp-json\/wp\/v2\/types\/product"}],"replies":[{"embeddable":true,"href":"https:\/\/brandss.com.py\/index\/wp-json\/wp\/v2\/comments?post=78583"}],"version-history":[{"count":2,"href":"https:\/\/brandss.com.py\/index\/wp-json\/wp\/v2\/product\/78583\/revisions"}],"predecessor-version":[{"id":78603,"href":"https:\/\/brandss.com.py\/index\/wp-json\/wp\/v2\/product\/78583\/revisions\/78603"}],"wp:featuredmedia":[{"embeddable":true,"href":"https:\/\/brandss.com.py\/index\/wp-json\/wp\/v2\/media\/78585"}],"wp:attachment":[{"href":"https:\/\/brandss.com.py\/index\/wp-json\/wp\/v2\/media?parent=78583"}],"wp:term":[{"taxonomy":"product_brand","embeddable":true,"href":"https:\/\/brandss.com.py\/index\/wp-json\/wp\/v2\/product_brand?post=78583"},{"taxonomy":"product_cat","embeddable":true,"href":"https:\/\/brandss.com.py\/index\/wp-json\/wp\/v2\/product_cat?post=78583"},{"taxonomy":"product_tag","embeddable":true,"href":"https:\/\/brandss.com.py\/index\/wp-json\/wp\/v2\/product_tag?post=78583"}],"curies":[{"name":"wp","href":"https:\/\/api.w.org\/{rel}","templated":true}]}}