{"id":78593,"date":"2025-03-29T18:29:53","date_gmt":"2025-03-29T18:29:53","guid":{"rendered":"https:\/\/brandss.com.py\/index\/?post_type=product&#038;p=78593"},"modified":"2025-11-28T12:18:19","modified_gmt":"2025-11-28T12:18:19","slug":"perfume-unisex-lattafa-pride-ishq-al-shuyukh-silver-edp-100ml","status":"publish","type":"product","link":"https:\/\/brandss.com.py\/index\/producto\/perfume-unisex-lattafa-pride-ishq-al-shuyukh-silver-edp-100ml\/","title":{"rendered":"PERFUME UNISEX LATTAFA PRIDE ISHQ AL SHUYUKH SILVER EDP 100ML"},"content":{"rendered":"<p><img loading=\"lazy\" decoding=\"async\" class=\"\" src=\"https:\/\/myscentjourney.s3.us-east-2.amazonaws.com\/2022\/02\/14\/29KIascent_j_marca_1644871114_202.png\" alt=\"MSJ::LATTAFA\" width=\"120\" height=\"143\" \/><\/p>\n<h1>PRIDE ISHQ AL SHUYUKH SILVER<\/h1>\n<div id=\"wrapper\">\n<div id=\"main-content\" role=\"main\">\n<section id=\"shopify-section-template--22256629088585__main-product\" class=\"shopify-section product-section\">\n<div class=\"thb-product-detail product\">\n<div class=\"row\">\n<div class=\"small-12 columns\">\n<div class=\"product-grid-container\">\n<div class=\"product-information\">\n<div id=\"ProductInfo-template--22256629088585__main-product\" class=\"product-information--inner\">\n<div class=\"product-short-description rte\">\n<p>Es una fragancia fascinante que encarna el lujo y la elegancia orientales. Dise\u00f1ado para quienes buscan hacer una declaraci\u00f3n audaz, este eau de parfum es perfecto para cualquier ocasi\u00f3n en la que quieras brillar.<\/p>\n<p>La apertura de Al Shuyukh Silver es rica y picante, con notas de azafr\u00e1n y bergamota que despiertan los sentidos y crean una atm\u00f3sfera intensa. En el coraz\u00f3n, los acordes florales y amaderados se mezclan armoniosamente, ofreciendo una profundidad cautivadora gracias a notas de rosa y maderas preciosas. Las notas de fondo, marcadas por el almizcle y el oud, aportan una calidez cautivadora y una estela poderosa que deja una impresi\u00f3n duradera. Al Shuyukh Silver es ideal para quienes aprecian las fragancias orientales atrevidas y complejas. Ya sea para una velada elegante o un evento especial, esta fragancia te envuelve en un aura de misterio y sofisticaci\u00f3n.<\/p>\n<p><img loading=\"lazy\" decoding=\"async\" class=\"alignleft\" src=\"https:\/\/senkathir.net\/wp-content\/uploads\/2023\/01\/Lattafa-Pride-Ishq-Al-Shuyukh-Silver-Eau-De-Perfume-1-Dubai-UAE.jpg\" width=\"603\" height=\"603\" \/><\/p>\n<p>Descubra el encanto de Al Shuyukh Silver y d\u00e9jese seducir por una fragancia que celebra el refinamiento y el car\u00e1cter con cada pulverizaci\u00f3n.<\/p>\n<h3><\/h3>\n<h3>Notas Olfativas<\/h3>\n<p>&nbsp;<\/p>\n<p class=\"a-size-base-plus a-text-bold\"><span>Esta fragancia comienza con una refrescante explosi\u00f3n de lim\u00f3n c\u00edtrico y bergamota brillante, ofreciendo un comienzo c\u00edtrico y vigorizante. El coraz\u00f3n introduce un toque especiado y afrutado, con pimienta negra que aporta calidez y profundidad, equilibrado por la dulce nota tropical de pi\u00f1a. En el fondo, la rica madera de \u00e1mbar, la cremosa vainilla y el terroso pachul\u00ed se combinan con la fuerza de la madera de cedro, creando un final c\u00e1lido y terroso. <\/span><\/p>\n<p class=\"a-size-base-plus a-text-bold\"><span>Perfecto para quienes disfrutan de un aroma din\u00e1mico que pasa de fresco y vibrante a profundo y reconfortante.<\/span><\/p>\n<\/div>\n<\/div>\n<p>&nbsp;<\/p>\n<div id=\"ProductInfo-template--22256629088585__main-product\" class=\"product-information--inner\">\n<div class=\"product-short-description rte\">\n<p><span class=\"a-list-item\"><strong><span>Notas de salida:<\/span><\/strong><span>\u00a0lim\u00f3n, bergamota.<\/span><\/span><\/p>\n<p><span class=\"a-list-item\"><strong><br \/>\n<span>Notas de coraz\u00f3n:<\/span><\/strong><span>\u00a0pimienta negra, pi\u00f1a.<\/span><\/span><\/p>\n<p><span class=\"a-list-item\"><strong><br \/>\n<span>Notas de fondo:<\/span><\/strong><span>\u00a0madera de \u00e1mbar, cedro, vainilla, pachul\u00ed.<\/span><\/span><\/p>\n<\/div>\n<\/div>\n<\/div>\n<\/div>\n<\/div>\n<\/div>\n<\/div>\n<\/section>\n<\/div>\n<\/div>\n","protected":false},"excerpt":{"rendered":"<p>PRIDE ISHQ AL SHUYUKH SILVER Es una fragancia fascinante que encarna el lujo y la elegancia orientales. Dise\u00f1ado para quienes<\/p>\n","protected":false},"featured_media":78594,"comment_status":"open","ping_status":"closed","template":"","meta":{"nf_dc_page":""},"product_brand":[109],"product_cat":[84],"product_tag":[1538],"class_list":{"0":"post-78593","1":"product","2":"type-product","3":"status-publish","4":"has-post-thumbnail","6":"product_brand-lattafa","7":"product_cat-perfumeria","8":"product_tag-1538","10":"first","11":"outofstock","12":"shipping-taxable","13":"purchasable","14":"product-type-simple"},"_links":{"self":[{"href":"https:\/\/brandss.com.py\/index\/wp-json\/wp\/v2\/product\/78593","targetHints":{"allow":["GET"]}}],"collection":[{"href":"https:\/\/brandss.com.py\/index\/wp-json\/wp\/v2\/product"}],"about":[{"href":"https:\/\/brandss.com.py\/index\/wp-json\/wp\/v2\/types\/product"}],"replies":[{"embeddable":true,"href":"https:\/\/brandss.com.py\/index\/wp-json\/wp\/v2\/comments?post=78593"}],"version-history":[{"count":1,"href":"https:\/\/brandss.com.py\/index\/wp-json\/wp\/v2\/product\/78593\/revisions"}],"predecessor-version":[{"id":78602,"href":"https:\/\/brandss.com.py\/index\/wp-json\/wp\/v2\/product\/78593\/revisions\/78602"}],"wp:featuredmedia":[{"embeddable":true,"href":"https:\/\/brandss.com.py\/index\/wp-json\/wp\/v2\/media\/78594"}],"wp:attachment":[{"href":"https:\/\/brandss.com.py\/index\/wp-json\/wp\/v2\/media?parent=78593"}],"wp:term":[{"taxonomy":"product_brand","embeddable":true,"href":"https:\/\/brandss.com.py\/index\/wp-json\/wp\/v2\/product_brand?post=78593"},{"taxonomy":"product_cat","embeddable":true,"href":"https:\/\/brandss.com.py\/index\/wp-json\/wp\/v2\/product_cat?post=78593"},{"taxonomy":"product_tag","embeddable":true,"href":"https:\/\/brandss.com.py\/index\/wp-json\/wp\/v2\/product_tag?post=78593"}],"curies":[{"name":"wp","href":"https:\/\/api.w.org\/{rel}","templated":true}]}}