{"id":78611,"date":"2025-03-29T18:55:48","date_gmt":"2025-03-29T18:55:48","guid":{"rendered":"https:\/\/brandss.com.py\/index\/?post_type=product&#038;p=78611"},"modified":"2026-04-18T14:29:50","modified_gmt":"2026-04-18T14:29:50","slug":"perfume-unisex-lattafa-hayaati-al-maleky-edp-100ml","status":"publish","type":"product","link":"https:\/\/brandss.com.py\/index\/producto\/perfume-unisex-lattafa-hayaati-al-maleky-edp-100ml\/","title":{"rendered":"PERFUME UNISEX LATTAFA HAYAATI AL MALEKY EDP 100ML"},"content":{"rendered":"<p><img loading=\"lazy\" decoding=\"async\" class=\"\" src=\"https:\/\/myscentjourney.s3.us-east-2.amazonaws.com\/2022\/02\/14\/29KIascent_j_marca_1644871114_202.png\" alt=\"MSJ::LATTAFA\" width=\"116\" height=\"138\" \/><\/p>\n<h1>HAYAATI AL MALEKY<\/h1>\n<p>Es una fragancia poderosa y opulenta, perfecta para quienes prefieren un aroma amaderado y especiado con un toque de calidez y sofisticaci\u00f3n. Su mezcla de especias, maderas y notas ambarinas lo convierte en una elecci\u00f3n ideal para eventos nocturnos o momentos en los que se busca un perfume distintivo y lleno de car\u00e1cter. Una fragancia robusta y sofisticada, dise\u00f1ada para quienes buscan un aroma profundo, especiado y amaderado que emane elegancia y car\u00e1cter.<img decoding=\"async\" class=\"alignleft\" src=\"https:\/\/www.myperfumeshop.co.nz\/cdn\/shop\/files\/lattafa-hayaati-al-maleky-edp-perfume-cologne-190586.jpg?v=1733353486&amp;width=500\" \/><\/p>\n<p>Este vers\u00e1til EDP es ideal tanto para el d\u00eda a d\u00eda como para ocasiones especiales. Con su singular combinaci\u00f3n de notas, Hayaati Al Maleky promete dejar una huella imborrable.<\/p>\n<p>&nbsp;<\/p>\n<h3>Notas Olfativas<\/h3>\n<p>&nbsp;<\/p>\n<p>Hayaati Al Maleky de Lattafa Perfumes\u00a0es una fragancia de la familia olfativa Oriental Especiada para Mujeres y Hombres. Esta es una nueva fragancia. Se abre con una fragancia energizante de oud con notas amaderada. Es el perfume del que te puedes enamorar al primer olor.<\/p>\n<p><strong>Notas de salida:<\/strong> Nuez Moscada, Pimienta Rosa, Bergamota y Jengibre.<\/p>\n<p><strong>Notas de coraz\u00f3n:<\/strong> Cedro, Notas Amaderadas, L\u00e1dano e Incienso.<\/p>\n<p><strong>Notas de fondo:<\/strong> Almizcle, \u00c1mbar y \u00c1mbar Gris.<\/p>\n","protected":false},"excerpt":{"rendered":"<p>HAYAATI AL MALEKY Es una fragancia poderosa y opulenta, perfecta para quienes prefieren un aroma amaderado y especiado con un<\/p>\n","protected":false},"featured_media":78612,"comment_status":"open","ping_status":"closed","template":"","meta":{"nf_dc_page":""},"product_brand":[109],"product_cat":[84],"product_tag":[645],"class_list":{"0":"post-78611","1":"product","2":"type-product","3":"status-publish","4":"has-post-thumbnail","6":"product_brand-lattafa","7":"product_cat-perfumeria","8":"product_tag-645","10":"first","11":"instock","12":"sale","13":"shipping-taxable","14":"purchasable","15":"product-type-simple"},"_links":{"self":[{"href":"https:\/\/brandss.com.py\/index\/wp-json\/wp\/v2\/product\/78611","targetHints":{"allow":["GET"]}}],"collection":[{"href":"https:\/\/brandss.com.py\/index\/wp-json\/wp\/v2\/product"}],"about":[{"href":"https:\/\/brandss.com.py\/index\/wp-json\/wp\/v2\/types\/product"}],"replies":[{"embeddable":true,"href":"https:\/\/brandss.com.py\/index\/wp-json\/wp\/v2\/comments?post=78611"}],"version-history":[{"count":1,"href":"https:\/\/brandss.com.py\/index\/wp-json\/wp\/v2\/product\/78611\/revisions"}],"predecessor-version":[{"id":78619,"href":"https:\/\/brandss.com.py\/index\/wp-json\/wp\/v2\/product\/78611\/revisions\/78619"}],"wp:featuredmedia":[{"embeddable":true,"href":"https:\/\/brandss.com.py\/index\/wp-json\/wp\/v2\/media\/78612"}],"wp:attachment":[{"href":"https:\/\/brandss.com.py\/index\/wp-json\/wp\/v2\/media?parent=78611"}],"wp:term":[{"taxonomy":"product_brand","embeddable":true,"href":"https:\/\/brandss.com.py\/index\/wp-json\/wp\/v2\/product_brand?post=78611"},{"taxonomy":"product_cat","embeddable":true,"href":"https:\/\/brandss.com.py\/index\/wp-json\/wp\/v2\/product_cat?post=78611"},{"taxonomy":"product_tag","embeddable":true,"href":"https:\/\/brandss.com.py\/index\/wp-json\/wp\/v2\/product_tag?post=78611"}],"curies":[{"name":"wp","href":"https:\/\/api.w.org\/{rel}","templated":true}]}}