{"id":78630,"date":"2025-03-31T12:41:04","date_gmt":"2025-03-31T12:41:04","guid":{"rendered":"https:\/\/brandss.com.py\/index\/?post_type=product&#038;p=78630"},"modified":"2026-03-17T10:37:02","modified_gmt":"2026-03-17T10:37:02","slug":"perfume-femenino-lattafa-pride-lahdath-edp-80ml","status":"publish","type":"product","link":"https:\/\/brandss.com.py\/index\/producto\/perfume-femenino-lattafa-pride-lahdath-edp-80ml\/","title":{"rendered":"PERFUME FEMENINO LATTAFA PRIDE LAHDATH EDP 80ML"},"content":{"rendered":"<p><img loading=\"lazy\" decoding=\"async\" class=\"\" src=\"https:\/\/myscentjourney.s3.us-east-2.amazonaws.com\/2022\/02\/14\/29KIascent_j_marca_1644871114_202.png\" alt=\"MSJ::LATTAFA\" width=\"123\" height=\"146\" \/><\/p>\n<h1>PRIDE LAHDATH<\/h1>\n<p>Experimente el mundo refrescante y enigm\u00e1tico de las fragancias con Pride Lahdath de Lattafa, un perfume \u00fanico dise\u00f1ado espec\u00edficamente para mujeres elegantes y sofisticadas. Lanzado en el a\u00f1o 2020, este aroma se ha ganado r\u00e1pidamente el coraz\u00f3n de numerosas mujeres de todo el mundo. La fragancia finalmente se asienta con notas de fondo c\u00e1lidas y reconfortantes de almizcle, madera de cedro y vainilla, dejando una estela notable que perdura durante horas. La combinaci\u00f3n \u00fanica de estas notas garantiza una longevidad tan duradera como la impresi\u00f3n que crea. Dise\u00f1ado por la prestigiosa casa Lattafa, Pride Lahdath hace honor a su nombre y emana un aura de orgullo y seguridad en s\u00ed misma con cada bocanada.<\/p>\n<p>Este perfume es m\u00e1s que una fragancia; es una declaraci\u00f3n de inten<img loading=\"lazy\" decoding=\"async\" class=\"alignleft\" src=\"https:\/\/i0.wp.com\/lorens.com.co\/wp-content\/uploads\/Pride-Lahdath-de-Lattafa-unisex-flyer.jpg?w=800&amp;ssl=1\" width=\"539\" height=\"539\" \/>ciones: un testimonio de la mujer moderna que es asertiva, segura de s\u00ed misma y no tiene miedo de hacer alarde de su individualidad.<\/p>\n<p>&nbsp;<\/p>\n<h3>Notas Olfativas<\/h3>\n<p>&nbsp;<\/p>\n<div>Una fragancia deslumbrante, con notas dulces, amaderadas, especiadas y animales. Una fragancia hermosa y \u00fanica. Este perfume es perfecto por su aroma y apariencia.<\/div>\n<div>Esta fragancia se abre con una nota dulce y cremosa de vainilla, que proporciona una sensaci\u00f3n reconfortante y familiar. A medida que se desarrolla, aparece el suave y almizclado aroma del almizcle, que aporta un toque de sensualidad y profundidad. Finalmente, emerge el aroma amaderado y terroso de la madera de cedro, que proporciona un efecto relajante y tranquilizador.\u00a0La vainilla, el almizcle y la madera de cedro son tres notas populares que se combinan a menudo para crear un aroma c\u00e1lido y acogedor.<\/div>\n<div><\/div>\n<div>\n<p><strong>Notas de salida:<\/strong> Rosa, Lim\u00f3n.<\/p>\n<p><strong>Notas de coraz\u00f3n:<\/strong> Rosa, Caramelo.<\/p>\n<p><strong>Notas de fondo:<\/strong> vainilla, almizcle, madera de cedro.<\/p>\n<\/div>\n","protected":false},"excerpt":{"rendered":"<p>PRIDE LAHDATH Experimente el mundo refrescante y enigm\u00e1tico de las fragancias con Pride Lahdath de Lattafa, un perfume \u00fanico dise\u00f1ado<\/p>\n","protected":false},"featured_media":78632,"comment_status":"open","ping_status":"closed","template":"","meta":{"nf_dc_page":""},"product_brand":[109],"product_cat":[84],"product_tag":[1507],"class_list":{"0":"post-78630","1":"product","2":"type-product","3":"status-publish","4":"has-post-thumbnail","6":"product_brand-lattafa","7":"product_cat-perfumeria","8":"product_tag-1507","10":"first","11":"outofstock","12":"shipping-taxable","13":"purchasable","14":"product-type-simple"},"_links":{"self":[{"href":"https:\/\/brandss.com.py\/index\/wp-json\/wp\/v2\/product\/78630","targetHints":{"allow":["GET"]}}],"collection":[{"href":"https:\/\/brandss.com.py\/index\/wp-json\/wp\/v2\/product"}],"about":[{"href":"https:\/\/brandss.com.py\/index\/wp-json\/wp\/v2\/types\/product"}],"replies":[{"embeddable":true,"href":"https:\/\/brandss.com.py\/index\/wp-json\/wp\/v2\/comments?post=78630"}],"version-history":[{"count":2,"href":"https:\/\/brandss.com.py\/index\/wp-json\/wp\/v2\/product\/78630\/revisions"}],"predecessor-version":[{"id":78636,"href":"https:\/\/brandss.com.py\/index\/wp-json\/wp\/v2\/product\/78630\/revisions\/78636"}],"wp:featuredmedia":[{"embeddable":true,"href":"https:\/\/brandss.com.py\/index\/wp-json\/wp\/v2\/media\/78632"}],"wp:attachment":[{"href":"https:\/\/brandss.com.py\/index\/wp-json\/wp\/v2\/media?parent=78630"}],"wp:term":[{"taxonomy":"product_brand","embeddable":true,"href":"https:\/\/brandss.com.py\/index\/wp-json\/wp\/v2\/product_brand?post=78630"},{"taxonomy":"product_cat","embeddable":true,"href":"https:\/\/brandss.com.py\/index\/wp-json\/wp\/v2\/product_cat?post=78630"},{"taxonomy":"product_tag","embeddable":true,"href":"https:\/\/brandss.com.py\/index\/wp-json\/wp\/v2\/product_tag?post=78630"}],"curies":[{"name":"wp","href":"https:\/\/api.w.org\/{rel}","templated":true}]}}