{"id":78637,"date":"2025-03-31T13:22:22","date_gmt":"2025-03-31T13:22:22","guid":{"rendered":"https:\/\/brandss.com.py\/index\/?post_type=product&#038;p=78637"},"modified":"2025-11-27T19:10:38","modified_gmt":"2025-11-27T19:10:38","slug":"perfume-femenino-lattafa-set-yara-yara-candy-edp-100ml","status":"publish","type":"product","link":"https:\/\/brandss.com.py\/index\/producto\/perfume-femenino-lattafa-set-yara-yara-candy-edp-100ml\/","title":{"rendered":"PERFUME FEMENINO LATTAFA SET YARA + YARA CANDY EDP 100ML"},"content":{"rendered":"<p><img loading=\"lazy\" decoding=\"async\" class=\"\" src=\"https:\/\/myscentjourney.s3.us-east-2.amazonaws.com\/2022\/02\/14\/29KIascent_j_marca_1644871114_202.png\" alt=\"MSJ::LATTAFA\" width=\"114\" height=\"136\" \/><\/p>\n<p data-start=\"0\" data-end=\"318\">Yara\u00a0y\u00a0Yara Candy\u00a0son dos perfumes populares de la marca \u00e1rabe\u00a0Lataffa, conocidos por sus aromas dulces y seductores. Ambas fragancias se presentan en frascos de\u00a0100 ml\u00a0y tienen caracter\u00edsticas que las hacen destacar entre las opciones m\u00e1s accesibles y de alta calidad en el mercado de perfumes \u00e1rabes.<\/p>\n<h3 data-start=\"320\" data-end=\"342\"><strong data-start=\"324\" data-end=\"341\">Yara (100 ml)<\/strong>:<\/h3>\n<p data-start=\"343\" data-end=\"707\"><strong data-start=\"343\" data-end=\"351\">Yara<\/strong>\u00a0es un perfume que se caracteriza por ser una fragancia fresca, floral y algo dulce, pero con un toque de sofisticaci\u00f3n. Es una opci\u00f3n vers\u00e1til que puede ser utilizada tanto en el d\u00eda como en la noche. Los detalles de la composici\u00f3n de Yara hacen que sea una fragancia atractiva para quienes disfrutan de las notas florales suaves, pero con una base dulce.<\/p>\n<p data-start=\"709\" data-end=\"731\"><strong data-start=\"709\" data-end=\"730\">Notas Olfativas<\/strong>:<\/p>\n<ul data-start=\"732\" data-end=\"865\">\n<li data-start=\"732\" data-end=\"776\"><strong data-start=\"734\" data-end=\"753\">Notas de salida<\/strong>: Bergamota, frambuesa.<\/li>\n<li data-start=\"777\" data-end=\"814\"><strong data-start=\"779\" data-end=\"799\">Notas de coraz\u00f3n<\/strong>: Jazm\u00edn, rosa.<\/li>\n<li data-start=\"815\" data-end=\"865\"><strong data-start=\"817\" data-end=\"835\">Notas de fondo<\/strong>: Almizcle, s\u00e1ndalo, vainilla.<\/li>\n<\/ul>\n<p data-start=\"867\" data-end=\"1200\">Este perfume tiene una proyecci\u00f3n moderada y una buena duraci\u00f3n en la piel, lo que lo convierte en una opci\u00f3n equilibrada para quienes buscan una fragancia que sea femenina, pero no demasiado intensa. La mezcla de florales y frutas lo hace ideal para un uso diario, con una calidez sutil que lo hace perfecto para climas m\u00e1s c\u00e1lidos.<\/p>\n<h3 data-start=\"1202\" data-end=\"1230\"><strong data-start=\"1206\" data-end=\"1229\">Yara Candy (100 ml)<\/strong>:<\/h3>\n<p data-start=\"1231\" data-end=\"1572\">Yara Candy\u00a0es una versi\u00f3n m\u00e1s dulce y alegre de la fragancia original\u00a0Yara, con un enfoque m\u00e1s marcado en las notas gourmand (sabrosas). Como su nombre lo indica, esta versi\u00f3n est\u00e1 m\u00e1s orientada hacia un aroma m\u00e1s goloso y afrutado, muy apropiado para quienes prefieren perfumes m\u00e1s dulces, frutales y con una sensaci\u00f3n de diversi\u00f3n.<\/p>\n<p data-start=\"1574\" data-end=\"1596\"><strong data-start=\"1574\" data-end=\"1595\">Notas Olfativas<\/strong>:<\/p>\n<ul data-start=\"1597\" data-end=\"1734\">\n<li data-start=\"1597\" data-end=\"1637\"><strong data-start=\"1599\" data-end=\"1618\">Notas de salida<\/strong>: Frambuesa, lim\u00f3n.<\/li>\n<li data-start=\"1638\" data-end=\"1685\"><strong data-start=\"1640\" data-end=\"1660\">Notas de coraz\u00f3n<\/strong>: Jazm\u00edn, flor de azahar.<\/li>\n<li data-start=\"1686\" data-end=\"1734\"><strong data-start=\"1688\" data-end=\"1706\">Notas de fondo<\/strong>: Vainilla, almizcle, \u00e1mbar.<\/li>\n<\/ul>\n<p data-start=\"1736\" data-end=\"2131\">La fragancia de\u00a0Yara Candy\u00a0es mucho m\u00e1s dulce que la versi\u00f3n cl\u00e1sica, con un enfoque en las frutas frescas y el toque suave de la vainilla. Tiene una proyecci\u00f3n similar a la de\u00a0Yara, pero la dulzura de las frutas y la vainilla le otorgan una sensaci\u00f3n m\u00e1s juguetona y ligera, lo que la hace ideal para quienes prefieren una fragancia dulce que sea igualmente vers\u00e1til para el uso diario.<\/p>\n<h3 data-start=\"2133\" data-end=\"2177\"><strong data-start=\"2137\" data-end=\"2176\">Comparaci\u00f3n entre Yara y Yara Candy<\/strong>:<\/h3>\n<ul data-start=\"2178\" data-end=\"2437\">\n<li data-start=\"2178\" data-end=\"2299\"><strong data-start=\"2180\" data-end=\"2188\">Yara<\/strong>: Es m\u00e1s fresca y floral, con un toque dulce pero sutil, ideal para quienes buscan algo equilibrado y elegante.<\/li>\n<li data-start=\"2300\" data-end=\"2437\"><strong data-start=\"2302\" data-end=\"2316\">Yara Candy<\/strong>: Es m\u00e1s dulce, con notas de frambuesa, lim\u00f3n y vainilla, perfecta para quienes disfrutan de perfumes golosos y frutales.<\/li>\n<\/ul>\n<p data-start=\"2439\" data-end=\"2746\" data-is-last-node=\"\" data-is-only-node=\"\">Ambos perfumes vienen en un frasco de 100 ml, lo que los hace perfectos para quienes buscan una fragancia de buena cantidad sin tener que preocuparse por qued\u00e1rsela pronto. Adem\u00e1s, ambos ofrecen una excelente relaci\u00f3n calidad-precio, representando una alternativa atractiva a fragancias de marcas m\u00e1s caras.<\/p>\n","protected":false},"excerpt":{"rendered":"<p>Yara\u00a0y\u00a0Yara Candy\u00a0son dos perfumes populares de la marca \u00e1rabe\u00a0Lataffa, conocidos por sus aromas dulces y seductores. Ambas fragancias se presentan<\/p>\n","protected":false},"featured_media":78648,"comment_status":"open","ping_status":"closed","template":"","meta":{"nf_dc_page":""},"product_brand":[109],"product_cat":[84],"product_tag":[1521],"class_list":{"0":"post-78637","1":"product","2":"type-product","3":"status-publish","4":"has-post-thumbnail","6":"product_brand-lattafa","7":"product_cat-perfumeria","8":"product_tag-1521","10":"first","11":"outofstock","12":"shipping-taxable","13":"purchasable","14":"product-type-simple"},"_links":{"self":[{"href":"https:\/\/brandss.com.py\/index\/wp-json\/wp\/v2\/product\/78637","targetHints":{"allow":["GET"]}}],"collection":[{"href":"https:\/\/brandss.com.py\/index\/wp-json\/wp\/v2\/product"}],"about":[{"href":"https:\/\/brandss.com.py\/index\/wp-json\/wp\/v2\/types\/product"}],"replies":[{"embeddable":true,"href":"https:\/\/brandss.com.py\/index\/wp-json\/wp\/v2\/comments?post=78637"}],"version-history":[{"count":1,"href":"https:\/\/brandss.com.py\/index\/wp-json\/wp\/v2\/product\/78637\/revisions"}],"predecessor-version":[{"id":78651,"href":"https:\/\/brandss.com.py\/index\/wp-json\/wp\/v2\/product\/78637\/revisions\/78651"}],"wp:featuredmedia":[{"embeddable":true,"href":"https:\/\/brandss.com.py\/index\/wp-json\/wp\/v2\/media\/78648"}],"wp:attachment":[{"href":"https:\/\/brandss.com.py\/index\/wp-json\/wp\/v2\/media?parent=78637"}],"wp:term":[{"taxonomy":"product_brand","embeddable":true,"href":"https:\/\/brandss.com.py\/index\/wp-json\/wp\/v2\/product_brand?post=78637"},{"taxonomy":"product_cat","embeddable":true,"href":"https:\/\/brandss.com.py\/index\/wp-json\/wp\/v2\/product_cat?post=78637"},{"taxonomy":"product_tag","embeddable":true,"href":"https:\/\/brandss.com.py\/index\/wp-json\/wp\/v2\/product_tag?post=78637"}],"curies":[{"name":"wp","href":"https:\/\/api.w.org\/{rel}","templated":true}]}}