{"id":78652,"date":"2025-03-31T13:41:58","date_gmt":"2025-03-31T13:41:58","guid":{"rendered":"https:\/\/brandss.com.py\/index\/?post_type=product&#038;p=78652"},"modified":"2025-03-31T13:42:15","modified_gmt":"2025-03-31T13:42:15","slug":"calzado-deportivo-nike-femenino-tanjun-easyon","status":"publish","type":"product","link":"https:\/\/brandss.com.py\/index\/producto\/calzado-deportivo-nike-femenino-tanjun-easyon\/","title":{"rendered":"CALZADO DEPORTIVO NIKE FEMENINO TANJUN EASYON"},"content":{"rendered":"<p><img loading=\"lazy\" decoding=\"async\" class=\"\" src=\"https:\/\/1000marcas.net\/wp-content\/uploads\/2019\/11\/Nike-logo.jpg\" alt=\"Logo de Nike: la historia y el significado del logotipo, la ...\" width=\"508\" height=\"286\" \/><\/p>\n<p class=\"\" data-start=\"0\" data-end=\"147\">\u200b<span class=\"relative -mx-px my-[-0.2rem] rounded px-px py-[0.2rem]\">Las Nike Tanjun EasyOn para mujer destacan por su dise\u00f1o pr\u00e1ctico y c\u00f3modo, ideal para el uso diario.<\/span> A continuaci\u00f3n, se detallan sus especificaciones t\u00e9cnicas:\u200b<\/p>\n<ul data-start=\"149\" data-end=\"1306\">\n<li class=\"\" data-start=\"149\" data-end=\"294\">\n<p class=\"\" data-start=\"151\" data-end=\"170\"><strong data-start=\"151\" data-end=\"170\">Parte superior:<\/strong><\/p>\n<ul data-start=\"173\" data-end=\"294\">\n<li class=\"\" data-start=\"173\" data-end=\"294\">\n<p class=\"\" data-start=\"175\" data-end=\"294\"><span class=\"relative -mx-px my-[-0.2rem] rounded px-px py-[0.2rem]\">Materiales el\u00e1sticos que se adaptan a la forma del pie, proporcionando un ajuste personalizado y c\u00f3modo.<\/span> \u200b<\/p>\n<\/li>\n<\/ul>\n<\/li>\n<li class=\"\" data-start=\"296\" data-end=\"444\">\n<p class=\"\" data-start=\"298\" data-end=\"320\"><strong data-start=\"298\" data-end=\"320\">Sistema de ajuste:<\/strong><\/p>\n<ul data-start=\"323\" data-end=\"444\">\n<li class=\"\" data-start=\"323\" data-end=\"444\">\n<p class=\"\" data-start=\"325\" data-end=\"444\"><span class=\"relative -mx-px my-[-0.2rem] rounded px-px py-[0.2rem]\">Agujetas cosidas que eliminan la necesidad de atarlas, manteniendo una est\u00e9tica limpia y facilitando su uso.<\/span> \u200b<\/p>\n<\/li>\n<\/ul>\n<\/li>\n<li class=\"\" data-start=\"446\" data-end=\"596\">\n<p class=\"\" data-start=\"448\" data-end=\"470\"><strong data-start=\"448\" data-end=\"470\">Tecnolog\u00eda EasyOn:<\/strong><\/p>\n<ul data-start=\"473\" data-end=\"596\">\n<li class=\"\" data-start=\"473\" data-end=\"596\">\n<p class=\"\" data-start=\"475\" data-end=\"596\"><span class=\"relative -mx-px my-[-0.2rem] rounded px-px py-[0.2rem]\">Tal\u00f3n flexible que se pliega al introducir el pie y vuelve a su posici\u00f3n original, permitiendo calzarse y descalzarse sin usar las manos.<\/span><\/p>\n<\/li>\n<\/ul>\n<\/li>\n<li class=\"\" data-start=\"598\" data-end=\"843\">\n<p class=\"\" data-start=\"600\" data-end=\"623\"><strong data-start=\"600\" data-end=\"623\">Entresuela y suela:<\/strong><\/p>\n<ul data-start=\"626\" data-end=\"843\">\n<li class=\"\" data-start=\"626\" data-end=\"713\">\n<p class=\"\" data-start=\"628\" data-end=\"713\"><span class=\"relative -mx-px my-[-0.2rem] rounded px-px py-[0.2rem]\">Entresuela de espuma que ofrece una amortiguaci\u00f3n ligera.<\/span>\u200b<\/p>\n<\/li>\n<li class=\"\" data-start=\"716\" data-end=\"843\">\n<p class=\"\" data-start=\"718\" data-end=\"843\"><span class=\"relative -mx-px my-[-0.2rem] rounded px-px py-[0.2rem]\">Suela exterior con dise\u00f1o tipo waffle para una tracci\u00f3n \u00f3ptima en diversas superficies.<\/span> \u200b<\/p>\n<\/li>\n<\/ul>\n<\/li>\n<li class=\"\" data-start=\"845\" data-end=\"999\">\n<p class=\"\" data-start=\"847\" data-end=\"869\"><strong data-start=\"847\" data-end=\"869\">Dise\u00f1o del cuello:<\/strong><\/p>\n<ul data-start=\"872\" data-end=\"999\">\n<li class=\"\" data-start=\"872\" data-end=\"999\">\n<p class=\"\" data-start=\"874\" data-end=\"999\"><span class=\"relative -mx-px my-[-0.2rem] rounded px-px py-[0.2rem]\">Cuello acolchado de corte bajo que brinda un aspecto elegante y comodidad alrededor del tobillo.<\/span><\/p>\n<\/li>\n<\/ul>\n<\/li>\n<li class=\"\" data-start=\"1001\" data-end=\"1152\">\n<p class=\"\" data-start=\"1003\" data-end=\"1022\"><strong data-start=\"1003\" data-end=\"1022\">Sostenibilidad:<\/strong><\/p>\n<ul data-start=\"1025\" data-end=\"1152\">\n<li class=\"\" data-start=\"1025\" data-end=\"1152\">\n<p class=\"\" data-start=\"1027\" data-end=\"1152\"><span class=\"relative -mx-px my-[-0.2rem] rounded px-px py-[0.2rem]\">Confeccionadas con al menos un 20% de materiales reciclados por peso, reflejando el compromiso de Nike con la sostenibilidad.<\/span> \u200b<\/p>\n<\/li>\n<\/ul>\n<\/li>\n<li class=\"\" data-start=\"1154\" data-end=\"1306\">\n<p class=\"\" data-start=\"1156\" data-end=\"1176\"><strong data-start=\"1156\" data-end=\"1176\">Ajuste y tallas:<\/strong><\/p>\n<ul data-start=\"1179\" data-end=\"1306\">\n<li class=\"\" data-start=\"1179\" data-end=\"1306\">\n<p class=\"\" data-start=\"1181\" data-end=\"1306\"><span class=\"relative -mx-px my-[-0.2rem] rounded px-px py-[0.2rem]\">Este modelo tiene un ajuste entallado; se recomienda pedir media talla m\u00e1s de la habitual para asegurar un calce \u00f3ptimo.<\/span> \u200b<\/p>\n<\/li>\n<\/ul>\n<\/li>\n<\/ul>\n<p class=\"\" data-start=\"1308\" data-end=\"1393\"><span class=\"relative -mx-px my-[-0.2rem] rounded px-px py-[0.2rem]\">Estas caracter\u00edsticas hacen de las Nike Tanjun EasyOn una opci\u00f3n vers\u00e1til y pr\u00e1ctica para quienes buscan comodidad y funcionalidad en su calzado diario.<\/span><\/p>\n<p>&nbsp;<\/p>\n<p>&nbsp;<\/p>\n","protected":false},"excerpt":{"rendered":"<p>\u200bLas Nike Tanjun EasyOn para mujer destacan por su dise\u00f1o pr\u00e1ctico y c\u00f3modo, ideal para el uso diario. A continuaci\u00f3n,<\/p>\n","protected":false},"featured_media":78654,"comment_status":"open","ping_status":"closed","template":"","meta":{"nf_dc_page":""},"product_brand":[],"product_cat":[73],"product_tag":[],"class_list":{"0":"post-78652","1":"product","2":"type-product","3":"status-publish","4":"has-post-thumbnail","6":"product_cat-femenino","8":"first","9":"instock","10":"shipping-taxable","11":"purchasable","12":"product-type-simple"},"_links":{"self":[{"href":"https:\/\/brandss.com.py\/index\/wp-json\/wp\/v2\/product\/78652","targetHints":{"allow":["GET"]}}],"collection":[{"href":"https:\/\/brandss.com.py\/index\/wp-json\/wp\/v2\/product"}],"about":[{"href":"https:\/\/brandss.com.py\/index\/wp-json\/wp\/v2\/types\/product"}],"replies":[{"embeddable":true,"href":"https:\/\/brandss.com.py\/index\/wp-json\/wp\/v2\/comments?post=78652"}],"version-history":[{"count":1,"href":"https:\/\/brandss.com.py\/index\/wp-json\/wp\/v2\/product\/78652\/revisions"}],"predecessor-version":[{"id":78660,"href":"https:\/\/brandss.com.py\/index\/wp-json\/wp\/v2\/product\/78652\/revisions\/78660"}],"wp:featuredmedia":[{"embeddable":true,"href":"https:\/\/brandss.com.py\/index\/wp-json\/wp\/v2\/media\/78654"}],"wp:attachment":[{"href":"https:\/\/brandss.com.py\/index\/wp-json\/wp\/v2\/media?parent=78652"}],"wp:term":[{"taxonomy":"product_brand","embeddable":true,"href":"https:\/\/brandss.com.py\/index\/wp-json\/wp\/v2\/product_brand?post=78652"},{"taxonomy":"product_cat","embeddable":true,"href":"https:\/\/brandss.com.py\/index\/wp-json\/wp\/v2\/product_cat?post=78652"},{"taxonomy":"product_tag","embeddable":true,"href":"https:\/\/brandss.com.py\/index\/wp-json\/wp\/v2\/product_tag?post=78652"}],"curies":[{"name":"wp","href":"https:\/\/api.w.org\/{rel}","templated":true}]}}