{"id":78664,"date":"2025-03-31T14:06:36","date_gmt":"2025-03-31T14:06:36","guid":{"rendered":"https:\/\/brandss.com.py\/index\/?post_type=product&#038;p=78664"},"modified":"2025-03-31T14:07:22","modified_gmt":"2025-03-31T14:07:22","slug":"calzado-deportivo-de-futbol-femenino-adidas-goletto-vii-firm-ground","status":"publish","type":"product","link":"https:\/\/brandss.com.py\/index\/producto\/calzado-deportivo-de-futbol-femenino-adidas-goletto-vii-firm-ground\/","title":{"rendered":"CALZADO DEPORTIVO DE FUTBOL FEMENINO ADIDAS GOLETTO VII FIRM GROUND"},"content":{"rendered":"<p><img loading=\"lazy\" decoding=\"async\" class=\"\" src=\"https:\/\/ams3.digitaloceanspaces.com\/graffica\/2022\/12\/Adidas-Logo-1971-1024x576.jpeg\" alt=\"Cu\u00e1l es la historia y evoluci\u00f3n del logo de Adidas? - Gr\u00e0ffica\" width=\"359\" height=\"202\" \/><\/p>\n<h1>GOLETTO VII FIRM GROUND<\/h1>\n<div class=\"flex flex-1 grow basis-auto flex-col overflow-hidden\">\n<div class=\"relative h-full\">\n<div class=\"flex h-full flex-col overflow-y-auto [scrollbar-gutter:stable]\">\n<div class=\"mt-1.5 flex flex-col text-sm @thread-xl\/thread:pt-header-height md:pb-9\">\n<article class=\"w-full text-token-text-primary\" dir=\"auto\" data-testid=\"conversation-turn-2\" data-scroll-anchor=\"true\">\n<div class=\"text-base my-auto mx-auto py-5 px-6\">\n<div class=\"mx-auto flex flex-1 text-base gap-4 md:gap-5 lg:gap-6 md:max-w-3xl group\/turn-messages focus-visible:outline-none\">\n<div class=\"group\/conversation-turn relative flex w-full min-w-0 flex-col agent-turn @xs\/thread:px-0 @sm\/thread:px-1.5 @md\/thread:px-4\">\n<div class=\"relative flex-col gap-1 md:gap-3\">\n<div class=\"flex max-w-full flex-col flex-grow\">\n<div class=\"min-h-8 text-message relative flex w-full flex-col items-end gap-2 whitespace-normal break-words text-start [.text-message+&amp;]:mt-5\" dir=\"auto\" data-message-author-role=\"assistant\" data-message-id=\"57b952a2-9377-498e-acc5-4fd4238b79af\" data-message-model-slug=\"gpt-4o\">\n<div class=\"flex w-full flex-col gap-1 empty:hidden first:pt-[3px]\">\n<div class=\"markdown prose w-full break-words dark:prose-invert light\">\n<p class=\"\" data-start=\"31\" data-end=\"393\">Domina el campo y adel\u00e1ntate a tus rivales con los botines de f\u00fatbol <strong data-start=\"100\" data-end=\"127\">Goletto VII Firm Ground<\/strong>, dise\u00f1ados para ofrecerte velocidad, control y comodidad en partidos de alto rendimiento sobre c\u00e9sped natural seco. Su estructura ligera y resistente est\u00e1 pensada para j\u00f3venes jugadores que buscan destacar con cada movimiento y llevar su juego al siguiente nivel.<\/p>\n<p class=\"\" data-start=\"395\" data-end=\"767\">Estos botines cuentan con una <strong data-start=\"425\" data-end=\"462\">parte superior sint\u00e9tica duradera<\/strong>, que no solo minimiza el peso, sino que tambi\u00e9n brinda un ajuste c\u00f3modo y seguro, permiti\u00e9ndote moverte con mayor agilidad sin sacrificar estabilidad. Su <strong data-start=\"617\" data-end=\"637\">cierre de encaje<\/strong> garantiza un ajuste personalizable, proporcionando mayor seguridad en cada pisada y evitando deslizamientos dentro del calzado.<\/p>\n<p class=\"\" data-start=\"769\" data-end=\"1187\">La <strong data-start=\"772\" data-end=\"814\">suela exterior para terreno firme (FG)<\/strong> ha sido dise\u00f1ada para optimizar el rendimiento en campos de c\u00e9sped natural seco, ofreciendo una tracci\u00f3n superior que permite cambios de direcci\u00f3n explosivos y estabilidad a alta velocidad. Gracias a su distribuci\u00f3n de tacos estrat\u00e9gicamente colocados, experimentar\u00e1s un excelente agarre, lo que te ayudar\u00e1 a mantener el equilibrio y mejorar tu desempe\u00f1o en cada jugada.<\/p>\n<p class=\"\" data-start=\"1189\" data-end=\"1529\">Con un <strong data-start=\"1196\" data-end=\"1212\">ajuste medio<\/strong> que se adapta c\u00f3modamente al pie, los <strong data-start=\"1251\" data-end=\"1278\">Goletto VII Firm Ground<\/strong> combinan tecnolog\u00eda, dise\u00f1o y funcionalidad para que puedas concentrarte \u00fanicamente en el juego. Ya sea que est\u00e9s entrenando o compitiendo, estos botines te proporcionar\u00e1n el soporte necesario para moverte con confianza y precisi\u00f3n en cada partido.<\/p>\n<p class=\"\" data-start=\"1531\" data-end=\"1725\">Lleva tu f\u00fatbol al siguiente nivel con un calzado que te ofrece <strong data-start=\"1595\" data-end=\"1653\">comodidad, velocidad y control en cada toque del bal\u00f3n<\/strong>. \u00a1Corre, dribla y define con seguridad con los Goletto VII Firm Ground.<\/p>\n<\/div>\n<\/div>\n<\/div>\n<\/div>\n<div class=\"flex absolute left-0 right-0 flex justify-start\"><\/div>\n<\/div>\n<\/div>\n<\/div>\n<\/div>\n<\/article>\n<\/div>\n<\/div>\n<\/div>\n<\/div>\n<p class=\"product-description ng-scope\">\n","protected":false},"excerpt":{"rendered":"<p>GOLETTO VII FIRM GROUND Domina el campo y adel\u00e1ntate a tus rivales con los botines de f\u00fatbol Goletto VII Firm<\/p>\n","protected":false},"featured_media":78665,"comment_status":"open","ping_status":"closed","template":"","meta":{"nf_dc_page":""},"product_brand":[],"product_cat":[73],"product_tag":[],"class_list":{"0":"post-78664","1":"product","2":"type-product","3":"status-publish","4":"has-post-thumbnail","6":"product_cat-femenino","8":"first","9":"instock","10":"shipping-taxable","11":"purchasable","12":"product-type-simple"},"_links":{"self":[{"href":"https:\/\/brandss.com.py\/index\/wp-json\/wp\/v2\/product\/78664","targetHints":{"allow":["GET"]}}],"collection":[{"href":"https:\/\/brandss.com.py\/index\/wp-json\/wp\/v2\/product"}],"about":[{"href":"https:\/\/brandss.com.py\/index\/wp-json\/wp\/v2\/types\/product"}],"replies":[{"embeddable":true,"href":"https:\/\/brandss.com.py\/index\/wp-json\/wp\/v2\/comments?post=78664"}],"version-history":[{"count":1,"href":"https:\/\/brandss.com.py\/index\/wp-json\/wp\/v2\/product\/78664\/revisions"}],"predecessor-version":[{"id":78668,"href":"https:\/\/brandss.com.py\/index\/wp-json\/wp\/v2\/product\/78664\/revisions\/78668"}],"wp:featuredmedia":[{"embeddable":true,"href":"https:\/\/brandss.com.py\/index\/wp-json\/wp\/v2\/media\/78665"}],"wp:attachment":[{"href":"https:\/\/brandss.com.py\/index\/wp-json\/wp\/v2\/media?parent=78664"}],"wp:term":[{"taxonomy":"product_brand","embeddable":true,"href":"https:\/\/brandss.com.py\/index\/wp-json\/wp\/v2\/product_brand?post=78664"},{"taxonomy":"product_cat","embeddable":true,"href":"https:\/\/brandss.com.py\/index\/wp-json\/wp\/v2\/product_cat?post=78664"},{"taxonomy":"product_tag","embeddable":true,"href":"https:\/\/brandss.com.py\/index\/wp-json\/wp\/v2\/product_tag?post=78664"}],"curies":[{"name":"wp","href":"https:\/\/api.w.org\/{rel}","templated":true}]}}