{"id":78669,"date":"2025-03-31T14:39:53","date_gmt":"2025-03-31T14:39:53","guid":{"rendered":"https:\/\/brandss.com.py\/index\/?post_type=product&#038;p=78669"},"modified":"2025-03-31T14:39:54","modified_gmt":"2025-03-31T14:39:54","slug":"calzado-deportivo-infantil-adidas-goletto-vii-fg","status":"publish","type":"product","link":"https:\/\/brandss.com.py\/index\/producto\/calzado-deportivo-infantil-adidas-goletto-vii-fg\/","title":{"rendered":"CALZADO DEPORTIVO INFANTIL ADIDAS GOLETTO VII FG"},"content":{"rendered":"<h2><img loading=\"lazy\" decoding=\"async\" class=\"\" src=\"https:\/\/ams3.digitaloceanspaces.com\/graffica\/2022\/12\/Adidas-Logo-1971-1024x576.jpeg\" alt=\"Cu\u00e1l es la historia y evoluci\u00f3n del logo de Adidas? - Gr\u00e0ffica\" width=\"425\" height=\"239\" \/><\/h2>\n<h1>GOLETTO VII FG<\/h1>\n<p><span>N\u00famero de modelo: FV2894<\/span><\/p>\n<p><span>Color: Negro, Azul Real<\/span><\/p>\n<p><span>Se vende por par<\/span><\/p>\n<p><span>Botas de f\u00fatbol para j\u00f3venes<\/span><\/p>\n<p><span>Producto Adidas 100% aut\u00e9ntico<\/span><\/p>\n<p><span>\u00a1Compramos directamente de Adidas para ahorrarle dinero!<\/span><\/p>\n<h2><span>Caracter\u00edsticas<\/span><\/h2>\n<p><span>Ajuste medio<\/span><\/p>\n<p><span>Cierre de encaje<\/span><\/p>\n<p><span>Suela para terreno firme<\/span><\/p>\n<p><span>Parte superior sint\u00e9tica ligera\u00a0<\/span><\/p>\n<h2><span>Everysportforless dice&#8230;<\/span><\/h2>\n<p><span>Las botas de f\u00fatbol Adidas Goletto VII FG Junior son la opci\u00f3n ideal para cualquier joven estrella del f\u00fatbol que busque llevar sus habilidades al siguiente nivel. Est\u00e1n fabricadas con una parte superior sint\u00e9tica ligera, extremadamente ligera, c\u00f3moda y duradera. Su suela para terreno firme garantiza un mejor rendimiento en superficies firmes. El cierre de cordones tradicional facilita su colocaci\u00f3n y extracci\u00f3n. En resumen, las botas de f\u00fatbol Adidas Goletto VII FG Junior no solo son atractivas, sino que tambi\u00e9n ofrecen caracter\u00edsticas \u00fanicas que no querr\u00e1s perderte.<\/span><\/p>\n<p>&nbsp;<\/p>\n","protected":false},"excerpt":{"rendered":"<p>GOLETTO VII FG N\u00famero de modelo: FV2894 Color: Negro, Azul Real Se vende por par Botas de f\u00fatbol para j\u00f3venes<\/p>\n","protected":false},"featured_media":78670,"comment_status":"open","ping_status":"closed","template":"","meta":{"nf_dc_page":""},"product_brand":[],"product_cat":[75],"product_tag":[],"class_list":{"0":"post-78669","1":"product","2":"type-product","3":"status-publish","4":"has-post-thumbnail","6":"product_cat-infantil","8":"first","9":"instock","10":"shipping-taxable","11":"purchasable","12":"product-type-simple"},"_links":{"self":[{"href":"https:\/\/brandss.com.py\/index\/wp-json\/wp\/v2\/product\/78669","targetHints":{"allow":["GET"]}}],"collection":[{"href":"https:\/\/brandss.com.py\/index\/wp-json\/wp\/v2\/product"}],"about":[{"href":"https:\/\/brandss.com.py\/index\/wp-json\/wp\/v2\/types\/product"}],"replies":[{"embeddable":true,"href":"https:\/\/brandss.com.py\/index\/wp-json\/wp\/v2\/comments?post=78669"}],"version-history":[{"count":1,"href":"https:\/\/brandss.com.py\/index\/wp-json\/wp\/v2\/product\/78669\/revisions"}],"predecessor-version":[{"id":78677,"href":"https:\/\/brandss.com.py\/index\/wp-json\/wp\/v2\/product\/78669\/revisions\/78677"}],"wp:featuredmedia":[{"embeddable":true,"href":"https:\/\/brandss.com.py\/index\/wp-json\/wp\/v2\/media\/78670"}],"wp:attachment":[{"href":"https:\/\/brandss.com.py\/index\/wp-json\/wp\/v2\/media?parent=78669"}],"wp:term":[{"taxonomy":"product_brand","embeddable":true,"href":"https:\/\/brandss.com.py\/index\/wp-json\/wp\/v2\/product_brand?post=78669"},{"taxonomy":"product_cat","embeddable":true,"href":"https:\/\/brandss.com.py\/index\/wp-json\/wp\/v2\/product_cat?post=78669"},{"taxonomy":"product_tag","embeddable":true,"href":"https:\/\/brandss.com.py\/index\/wp-json\/wp\/v2\/product_tag?post=78669"}],"curies":[{"name":"wp","href":"https:\/\/api.w.org\/{rel}","templated":true}]}}