{"id":78678,"date":"2025-03-31T16:13:32","date_gmt":"2025-03-31T16:13:32","guid":{"rendered":"https:\/\/brandss.com.py\/index\/?post_type=product&#038;p=78678"},"modified":"2026-03-26T13:39:39","modified_gmt":"2026-03-26T13:39:39","slug":"perfume-masculino-mawwal-sense-gahmra-edp-100ml","status":"publish","type":"product","link":"https:\/\/brandss.com.py\/index\/producto\/perfume-masculino-mawwal-sense-gahmra-edp-100ml\/","title":{"rendered":"PERFUME MASCULINO MAWWAL SENSE GAHMRA EDP 100ML"},"content":{"rendered":"<p><img loading=\"lazy\" decoding=\"async\" class=\"\" src=\"https:\/\/encrypted-tbn0.gstatic.com\/images?q=tbn:ANd9GcTjixgL22pAN_X1NsckEvVYOtm4iUIBaheQqw&amp;s\" alt=\"Visual Identity - Mawwal\" width=\"74\" height=\"117\" \/><\/p>\n<h1>SENSE GAHMRA<\/h1>\n<p>\u00bfExtra\u00f1as la sensaci\u00f3n de un abrazo cercano? \u201cGhamra\u201d va m\u00e1s all\u00e1 del perfume. Es un recuerdo embotellado de calidez, seguridad y amor, listo para acompa\u00f1arte siempre.<\/p>\n<h3>Notas Olfativas<\/h3>\n<ul class=\"elementor-icon-list-items\">\n<li class=\"elementor-icon-list-item\"><span class=\"elementor-icon-list-text\"><span><strong>Familia olfativa:<\/strong> FOUG\u00c8RE AMADERADO<\/span><\/span><\/li>\n<li class=\"elementor-icon-list-item\"><span class=\"elementor-icon-list-text\"><span><strong>Notas de salida:<\/strong> Bergamota, notas verdes, jengibre, ciruela y aldeh\u00eddos.<\/span><\/span><\/li>\n<li class=\"elementor-icon-list-item\"><span class=\"elementor-icon-list-text\"><span><strong>Notas de coraz\u00f3n:<\/strong> Jacinto, lirio, salvia, geranio, nardos y hojas de violeta.<\/span><\/span><\/li>\n<li class=\"elementor-icon-list-item\"><span class=\"elementor-icon-list-text\"><span><strong>Notas de fondo:<\/strong> S\u00e1ndalo, vetiver, pachul\u00ed, musgo de roble, incienso y \u00e1mbar.<\/span><\/span><\/li>\n<\/ul>\n","protected":false},"excerpt":{"rendered":"<p>SENSE GAHMRA \u00bfExtra\u00f1as la sensaci\u00f3n de un abrazo cercano? \u201cGhamra\u201d va m\u00e1s all\u00e1 del perfume. Es un recuerdo embotellado de<\/p>\n","protected":false},"featured_media":78679,"comment_status":"open","ping_status":"closed","template":"","meta":{"nf_dc_page":""},"product_brand":[2001],"product_cat":[84],"product_tag":[2000],"class_list":{"0":"post-78678","1":"product","2":"type-product","3":"status-publish","4":"has-post-thumbnail","6":"product_brand-mawwal","7":"product_cat-perfumeria","8":"product_tag-2000","10":"first","11":"instock","12":"sale","13":"shipping-taxable","14":"purchasable","15":"product-type-simple"},"_links":{"self":[{"href":"https:\/\/brandss.com.py\/index\/wp-json\/wp\/v2\/product\/78678","targetHints":{"allow":["GET"]}}],"collection":[{"href":"https:\/\/brandss.com.py\/index\/wp-json\/wp\/v2\/product"}],"about":[{"href":"https:\/\/brandss.com.py\/index\/wp-json\/wp\/v2\/types\/product"}],"replies":[{"embeddable":true,"href":"https:\/\/brandss.com.py\/index\/wp-json\/wp\/v2\/comments?post=78678"}],"version-history":[{"count":1,"href":"https:\/\/brandss.com.py\/index\/wp-json\/wp\/v2\/product\/78678\/revisions"}],"predecessor-version":[{"id":78682,"href":"https:\/\/brandss.com.py\/index\/wp-json\/wp\/v2\/product\/78678\/revisions\/78682"}],"wp:featuredmedia":[{"embeddable":true,"href":"https:\/\/brandss.com.py\/index\/wp-json\/wp\/v2\/media\/78679"}],"wp:attachment":[{"href":"https:\/\/brandss.com.py\/index\/wp-json\/wp\/v2\/media?parent=78678"}],"wp:term":[{"taxonomy":"product_brand","embeddable":true,"href":"https:\/\/brandss.com.py\/index\/wp-json\/wp\/v2\/product_brand?post=78678"},{"taxonomy":"product_cat","embeddable":true,"href":"https:\/\/brandss.com.py\/index\/wp-json\/wp\/v2\/product_cat?post=78678"},{"taxonomy":"product_tag","embeddable":true,"href":"https:\/\/brandss.com.py\/index\/wp-json\/wp\/v2\/product_tag?post=78678"}],"curies":[{"name":"wp","href":"https:\/\/api.w.org\/{rel}","templated":true}]}}