{"id":78689,"date":"2025-03-31T16:48:41","date_gmt":"2025-03-31T16:48:41","guid":{"rendered":"https:\/\/brandss.com.py\/index\/?post_type=product&#038;p=78689"},"modified":"2025-07-07T17:58:55","modified_gmt":"2025-07-07T17:58:55","slug":"calzado-deportivo-masculino-nike-jordan-jumpman-team-1","status":"publish","type":"product","link":"https:\/\/brandss.com.py\/index\/producto\/calzado-deportivo-masculino-nike-jordan-jumpman-team-1\/","title":{"rendered":"CALZADO DEPORTIVO MASCULINO NIKE JORDAN JUMPMAN TEAM 1"},"content":{"rendered":"<p><img loading=\"lazy\" decoding=\"async\" class=\"\" src=\"https:\/\/1000marcas.net\/wp-content\/uploads\/2019\/11\/Nike-logo.jpg\" alt=\"Logo de Nike: la historia y el significado del logotipo, la ...\" width=\"466\" height=\"262\" \/><\/p>\n<p><strong style=\"color: #1b1919;font-size: 28px\" data-start=\"0\" data-end=\"46\">\u00a0JORDAN JUMPMAN TEAM 1 MASCULINO<\/strong><\/p>\n<div class=\"flex flex-1 grow basis-auto flex-col overflow-hidden\">\n<div class=\"relative h-full\">\n<div class=\"flex h-full flex-col overflow-y-auto [scrollbar-gutter:stable]\">\n<div class=\"mt-1.5 flex flex-col text-sm @thread-xl\/thread:pt-header-height md:pb-9\">\n<article class=\"w-full text-token-text-primary\" dir=\"auto\" data-testid=\"conversation-turn-4\" data-scroll-anchor=\"true\">\n<div class=\"text-base my-auto mx-auto py-5 px-6\">\n<div class=\"mx-auto flex flex-1 text-base gap-4 md:gap-5 lg:gap-6 md:max-w-3xl group\/turn-messages focus-visible:outline-none\">\n<div class=\"group\/conversation-turn relative flex w-full min-w-0 flex-col agent-turn @xs\/thread:px-0 @sm\/thread:px-1.5 @md\/thread:px-4\">\n<div class=\"relative flex-col gap-1 md:gap-3\">\n<div class=\"flex max-w-full flex-col flex-grow\">\n<div class=\"min-h-8 text-message relative flex w-full flex-col items-end gap-2 whitespace-normal break-words text-start [.text-message+&amp;]:mt-5\" dir=\"auto\" data-message-author-role=\"assistant\" data-message-id=\"c3d7fc1a-d4ea-4031-9320-9175e98f227d\" data-message-model-slug=\"gpt-4o\">\n<div class=\"flex w-full flex-col gap-1 empty:hidden first:pt-[3px]\">\n<div class=\"flex flex-1 grow basis-auto flex-col overflow-hidden\">\n<div class=\"relative h-full\">\n<div class=\"flex h-full flex-col overflow-y-auto [scrollbar-gutter:stable]\">\n<div class=\"mt-1.5 flex flex-col text-sm @thread-xl\/thread:pt-header-height md:pb-9\">\n<article class=\"w-full text-token-text-primary\" dir=\"auto\" data-testid=\"conversation-turn-4\" data-scroll-anchor=\"true\">\n<div class=\"text-base my-auto mx-auto py-5 px-6\">\n<div class=\"mx-auto flex flex-1 text-base gap-4 md:gap-5 lg:gap-6 md:max-w-3xl group\/turn-messages focus-visible:outline-none\">\n<div class=\"group\/conversation-turn relative flex w-full min-w-0 flex-col agent-turn @xs\/thread:px-0 @sm\/thread:px-1.5 @md\/thread:px-4\">\n<div class=\"relative flex-col gap-1 md:gap-3\">\n<div class=\"flex max-w-full flex-col flex-grow\">\n<div class=\"min-h-8 text-message relative flex w-full flex-col items-end gap-2 whitespace-normal break-words text-start [.text-message+&amp;]:mt-5\" dir=\"auto\" data-message-author-role=\"assistant\" data-message-id=\"c3d7fc1a-d4ea-4031-9320-9175e98f227d\" data-message-model-slug=\"gpt-4o\">\n<div class=\"flex w-full flex-col gap-1 empty:hidden first:pt-[3px]\">\n<div class=\"markdown prose w-full break-words dark:prose-invert light\">\n<p class=\"\" data-start=\"50\" data-end=\"466\">Inspirados en la legendaria l\u00ednea de calzado Jordan, los <strong data-start=\"107\" data-end=\"137\">Nike Jordan Jumpman Team 1<\/strong> combinan un dise\u00f1o ic\u00f3nico con tecnolog\u00eda de alto rendimiento para ofrecer comodidad, estilo y soporte en la cancha y en la vida diaria. Dise\u00f1ados para jugadores y amantes del baloncesto, estos tenis masculinos destacan por su construcci\u00f3n robusta y materiales de primera calidad que garantizan durabilidad y un ajuste c\u00f3modo.<\/p>\n<p class=\"\" data-start=\"468\" data-end=\"777\">La <strong data-start=\"471\" data-end=\"522\">parte superior de cuero y materiales sint\u00e9ticos<\/strong> proporciona una combinaci\u00f3n ideal de resistencia y flexibilidad, asegurando un ajuste firme sin sacrificar la libertad de movimiento. Su dise\u00f1o ergon\u00f3mico se adapta perfectamente al pie, brindando una sensaci\u00f3n de sujeci\u00f3n y estabilidad en cada pisada.<\/p>\n<p class=\"\" data-start=\"779\" data-end=\"1156\">La <strong data-start=\"782\" data-end=\"830\">entresuela acolchada con tecnolog\u00eda Air-Sole<\/strong> absorbe impactos de manera eficiente, ofreciendo una amortiguaci\u00f3n superior para movimientos explosivos, saltos y aterrizajes suaves. Adem\u00e1s, la suela de goma con patr\u00f3n de tracci\u00f3n optimizado proporciona un agarre excepcional en superficies indoor y outdoor, permiti\u00e9ndote moverte con confianza y seguridad en cada jugada.<\/p>\n<p class=\"\" data-start=\"1158\" data-end=\"1494\">El dise\u00f1o cl\u00e1sico de los <strong data-start=\"1183\" data-end=\"1201\">Jumpman Team 1<\/strong> rinde homenaje al legado de Michael Jordan con detalles exclusivos, como el logotipo Jumpman y l\u00edneas elegantes que evocan la esencia del b\u00e1squetbol. Su combinaci\u00f3n de rendimiento y estilo los convierte en una opci\u00f3n ideal tanto para jugar como para complementar un look urbano y deportivo.<\/p>\n<p class=\"\" data-start=\"1496\" data-end=\"1715\">Si buscas un calzado que ofrezca <strong data-start=\"1529\" data-end=\"1577\">comodidad, soporte y un estilo inconfundible<\/strong>, los <strong data-start=\"1583\" data-end=\"1613\">Nike Jordan Jumpman Team 1<\/strong> son la elecci\u00f3n perfecta. Domina la cancha y destaca en cualquier ocasi\u00f3n con este modelo legendario.<\/p>\n<\/div>\n<\/div>\n<\/div>\n<\/div>\n<\/div>\n<\/div>\n<\/div>\n<\/div>\n<\/article>\n<\/div>\n<\/div>\n<\/div>\n<\/div>\n<\/div>\n<\/div>\n<\/div>\n<\/div>\n<\/div>\n<\/div>\n<\/div>\n<\/article>\n<\/div>\n<\/div>\n<\/div>\n<\/div>\n","protected":false},"excerpt":{"rendered":"<p>\u00a0JORDAN JUMPMAN TEAM 1 MASCULINO Inspirados en la legendaria l\u00ednea de calzado Jordan, los Nike Jordan Jumpman Team 1 combinan<\/p>\n","protected":false},"featured_media":78690,"comment_status":"open","ping_status":"closed","template":"","meta":{"nf_dc_page":""},"product_brand":[],"product_cat":[76],"product_tag":[],"class_list":{"0":"post-78689","1":"product","2":"type-product","3":"status-publish","4":"has-post-thumbnail","6":"product_cat-masculino","8":"first","9":"outofstock","10":"shipping-taxable","11":"purchasable","12":"product-type-simple"},"_links":{"self":[{"href":"https:\/\/brandss.com.py\/index\/wp-json\/wp\/v2\/product\/78689","targetHints":{"allow":["GET"]}}],"collection":[{"href":"https:\/\/brandss.com.py\/index\/wp-json\/wp\/v2\/product"}],"about":[{"href":"https:\/\/brandss.com.py\/index\/wp-json\/wp\/v2\/types\/product"}],"replies":[{"embeddable":true,"href":"https:\/\/brandss.com.py\/index\/wp-json\/wp\/v2\/comments?post=78689"}],"version-history":[{"count":1,"href":"https:\/\/brandss.com.py\/index\/wp-json\/wp\/v2\/product\/78689\/revisions"}],"predecessor-version":[{"id":78696,"href":"https:\/\/brandss.com.py\/index\/wp-json\/wp\/v2\/product\/78689\/revisions\/78696"}],"wp:featuredmedia":[{"embeddable":true,"href":"https:\/\/brandss.com.py\/index\/wp-json\/wp\/v2\/media\/78690"}],"wp:attachment":[{"href":"https:\/\/brandss.com.py\/index\/wp-json\/wp\/v2\/media?parent=78689"}],"wp:term":[{"taxonomy":"product_brand","embeddable":true,"href":"https:\/\/brandss.com.py\/index\/wp-json\/wp\/v2\/product_brand?post=78689"},{"taxonomy":"product_cat","embeddable":true,"href":"https:\/\/brandss.com.py\/index\/wp-json\/wp\/v2\/product_cat?post=78689"},{"taxonomy":"product_tag","embeddable":true,"href":"https:\/\/brandss.com.py\/index\/wp-json\/wp\/v2\/product_tag?post=78689"}],"curies":[{"name":"wp","href":"https:\/\/api.w.org\/{rel}","templated":true}]}}