{"id":78697,"date":"2025-03-31T16:53:22","date_gmt":"2025-03-31T16:53:22","guid":{"rendered":"https:\/\/brandss.com.py\/index\/?post_type=product&#038;p=78697"},"modified":"2026-03-26T13:40:54","modified_gmt":"2026-03-26T13:40:54","slug":"perfume-masculino-mawwal-oasis-janah-edp-100ml","status":"publish","type":"product","link":"https:\/\/brandss.com.py\/index\/producto\/perfume-masculino-mawwal-oasis-janah-edp-100ml\/","title":{"rendered":"PERFUME MASCULINO MAWWAL OASIS JANAH EDP 100ML"},"content":{"rendered":"<p><img loading=\"lazy\" decoding=\"async\" class=\"\" src=\"https:\/\/mawwal.com\/wp-content\/uploads\/2022\/02\/luxury-beige-3.png\" alt=\"Visual Identity - Mawwal\" width=\"72\" height=\"113\" \/><\/p>\n<h1>OASIS JANAH<\/h1>\n<p>\u201cJanah\u201d. Una sola rociada liberaba un aroma cautivador: el beso salado del mar se mezclaba con la embriagadora floraci\u00f3n de flores ex\u00f3ticas. Era la fragancia de la serenidad, un sue\u00f1o embotellado, una invitaci\u00f3n a redescubrir tu propio para\u00edso.<\/p>\n<h3>Notas Olfativas<\/h3>\n<ul class=\"elementor-icon-list-items\">\n<li class=\"elementor-icon-list-item\"><span class=\"elementor-icon-list-text\"><span><strong>Familia olfativa:<\/strong> ORIENTAL FRUTAL<\/span><\/span><\/li>\n<li class=\"elementor-icon-list-item\"><span class=\"elementor-icon-list-text\"><span><strong>Notas de salida:<\/strong> Bergamota, mandarina, manzana y lavanda<\/span><\/span><\/li>\n<li class=\"elementor-icon-list-item\"><span class=\"elementor-icon-list-text\"><span><strong>Notas de coraz\u00f3n:<\/strong> Geranio, Violeta y Jazm\u00edn<\/span><\/span><\/li>\n<li class=\"elementor-icon-list-item\"><span class=\"elementor-icon-list-text\"><span><strong>Notas de fondo:<\/strong> S\u00e1ndalo, madera de guayaco, pachul\u00ed, cardamomo, pimienta rosa, vainilla y \u00e1mbar.<\/span><\/span><\/li>\n<\/ul>\n","protected":false},"excerpt":{"rendered":"<p>OASIS JANAH \u201cJanah\u201d. Una sola rociada liberaba un aroma cautivador: el beso salado del mar se mezclaba con la embriagadora<\/p>\n","protected":false},"featured_media":78698,"comment_status":"open","ping_status":"closed","template":"","meta":{"nf_dc_page":""},"product_brand":[2001],"product_cat":[84],"product_tag":[2003],"class_list":{"0":"post-78697","1":"product","2":"type-product","3":"status-publish","4":"has-post-thumbnail","6":"product_brand-mawwal","7":"product_cat-perfumeria","8":"product_tag-2003","10":"first","11":"instock","12":"sale","13":"shipping-taxable","14":"purchasable","15":"product-type-simple"},"_links":{"self":[{"href":"https:\/\/brandss.com.py\/index\/wp-json\/wp\/v2\/product\/78697","targetHints":{"allow":["GET"]}}],"collection":[{"href":"https:\/\/brandss.com.py\/index\/wp-json\/wp\/v2\/product"}],"about":[{"href":"https:\/\/brandss.com.py\/index\/wp-json\/wp\/v2\/types\/product"}],"replies":[{"embeddable":true,"href":"https:\/\/brandss.com.py\/index\/wp-json\/wp\/v2\/comments?post=78697"}],"version-history":[{"count":1,"href":"https:\/\/brandss.com.py\/index\/wp-json\/wp\/v2\/product\/78697\/revisions"}],"predecessor-version":[{"id":78703,"href":"https:\/\/brandss.com.py\/index\/wp-json\/wp\/v2\/product\/78697\/revisions\/78703"}],"wp:featuredmedia":[{"embeddable":true,"href":"https:\/\/brandss.com.py\/index\/wp-json\/wp\/v2\/media\/78698"}],"wp:attachment":[{"href":"https:\/\/brandss.com.py\/index\/wp-json\/wp\/v2\/media?parent=78697"}],"wp:term":[{"taxonomy":"product_brand","embeddable":true,"href":"https:\/\/brandss.com.py\/index\/wp-json\/wp\/v2\/product_brand?post=78697"},{"taxonomy":"product_cat","embeddable":true,"href":"https:\/\/brandss.com.py\/index\/wp-json\/wp\/v2\/product_cat?post=78697"},{"taxonomy":"product_tag","embeddable":true,"href":"https:\/\/brandss.com.py\/index\/wp-json\/wp\/v2\/product_tag?post=78697"}],"curies":[{"name":"wp","href":"https:\/\/api.w.org\/{rel}","templated":true}]}}