{"id":78715,"date":"2025-03-31T17:31:03","date_gmt":"2025-03-31T17:31:03","guid":{"rendered":"https:\/\/brandss.com.py\/index\/?post_type=product&#038;p=78715"},"modified":"2025-03-31T17:56:09","modified_gmt":"2025-03-31T17:56:09","slug":"calzado-casual-nike-femenino-court-legacy-lift","status":"publish","type":"product","link":"https:\/\/brandss.com.py\/index\/producto\/calzado-casual-nike-femenino-court-legacy-lift\/","title":{"rendered":"CALZADO CASUAL NIKE FEMENINO COURT LEGACY LIFT"},"content":{"rendered":"<p><img loading=\"lazy\" decoding=\"async\" class=\"\" src=\"https:\/\/1000marcas.net\/wp-content\/uploads\/2019\/11\/Nike-logo.jpg\" alt=\"Logo de Nike: la historia y el significado del logotipo, la ...\" width=\"403\" height=\"227\" \/><\/p>\n<div class=\"flex flex-1 grow basis-auto flex-col overflow-hidden\">\n<div class=\"relative h-full\">\n<div class=\"flex h-full flex-col overflow-y-auto [scrollbar-gutter:stable]\">\n<div class=\"mt-1.5 flex flex-col text-sm @thread-xl\/thread:pt-header-height md:pb-9\">\n<article class=\"w-full text-token-text-primary\" dir=\"auto\" data-testid=\"conversation-turn-8\" data-scroll-anchor=\"true\">\n<div class=\"text-base my-auto mx-auto py-5 px-6\">\n<div class=\"mx-auto flex flex-1 text-base gap-4 md:gap-5 lg:gap-6 md:max-w-3xl group\/turn-messages focus-visible:outline-none\">\n<div class=\"group\/conversation-turn relative flex w-full min-w-0 flex-col agent-turn @xs\/thread:px-0 @sm\/thread:px-1.5 @md\/thread:px-4\">\n<div class=\"relative flex-col gap-1 md:gap-3\">\n<div class=\"flex max-w-full flex-col flex-grow\">\n<div class=\"min-h-8 text-message relative flex w-full flex-col items-end gap-2 whitespace-normal break-words text-start [.text-message+&amp;]:mt-5\" dir=\"auto\" data-message-author-role=\"assistant\" data-message-id=\"e68dfd16-56d5-46c4-ac5b-e49a61f1a037\" data-message-model-slug=\"gpt-4o\">\n<div class=\"flex w-full flex-col gap-1 empty:hidden first:pt-[3px]\">\n<div class=\"markdown prose w-full break-words dark:prose-invert light\">\n<h1 data-start=\"0\" data-end=\"69\"><strong data-start=\"4\" data-end=\"67\">COURT LEGACY LIFT: ESTILO CL\u00c1SICO CON UN TOQUE ELEVADO<\/strong><\/h1>\n<p class=\"\" data-start=\"71\" data-end=\"418\">Haz una declaraci\u00f3n de estilo con los <strong data-start=\"109\" data-end=\"135\">Nike Court Legacy Lift<\/strong>, una combinaci\u00f3n perfecta de elegancia cl\u00e1sica y un dise\u00f1o moderno con plataforma. Inspiradas en el legado del tenis, estas zapatillas elevan cualquier look con su silueta sofisticada y detalles atemporales, manteniendo la esencia ic\u00f3nica de la l\u00ednea <strong data-start=\"387\" data-end=\"396\">Court<\/strong> que tanto te gusta.<\/p>\n<h4 class=\"\" data-start=\"420\" data-end=\"467\"><strong data-start=\"425\" data-end=\"465\">DISE\u00d1O PREMIUM Y CONFORT EXCEPCIONAL<\/strong><\/h4>\n<p class=\"\" data-start=\"468\" data-end=\"879\">Las <strong data-start=\"472\" data-end=\"493\">Court Legacy Lift<\/strong> est\u00e1n dise\u00f1adas para quienes buscan una apariencia refinada sin renunciar a la comodidad. Su <strong data-start=\"587\" data-end=\"630\">parte superior de cuero de alta calidad<\/strong> aporta un toque de distinci\u00f3n, asegurando un look vers\u00e1til que se adapta a cualquier ocasi\u00f3n, ya sea un d\u00eda casual o una salida especial. Gracias a su dise\u00f1o minimalista y estilizado, estas zapatillas complementan cualquier atuendo con facilidad.<\/p>\n<p class=\"\" data-start=\"881\" data-end=\"1104\">Para mejorar a\u00fan m\u00e1s la experiencia de uso, el <strong data-start=\"928\" data-end=\"963\">cuello y la leng\u00fceta acolchados<\/strong> ofrecen una sensaci\u00f3n de suavidad y soporte, reduciendo la presi\u00f3n sobre el pie y permitiendo llevarlas durante todo el d\u00eda sin molestias.<\/p>\n<h4 class=\"\" data-start=\"1106\" data-end=\"1154\"><strong data-start=\"1111\" data-end=\"1152\">PLATAFORMA QUE A\u00d1ADE UN TOQUE MODERNO<\/strong><\/h4>\n<p class=\"\" data-start=\"1155\" data-end=\"1517\">Uno de los elementos m\u00e1s distintivos de este modelo es su <strong data-start=\"1213\" data-end=\"1241\">entresuela de plataforma<\/strong>, que no solo a\u00f1ade un toque llamativo a la silueta cl\u00e1sica, sino que tambi\u00e9n proporciona una altura sutilmente elevada sin comprometer la estabilidad. Esta caracter\u00edstica permite mejorar la postura y estilizar la figura, haciendo que cada paso se sienta m\u00e1s seguro y firme.<\/p>\n<h4 class=\"\" data-start=\"1519\" data-end=\"1573\"><strong data-start=\"1524\" data-end=\"1571\">SUELA RESISTENTE PARA UNA MAYOR DURABILIDAD<\/strong><\/h4>\n<p class=\"\" data-start=\"1574\" data-end=\"1946\">Dise\u00f1adas para resistir el uso diario, las <strong data-start=\"1617\" data-end=\"1638\">Court Legacy Lift<\/strong> cuentan con una <strong data-start=\"1655\" data-end=\"1681\">suela de goma duradera<\/strong>, que proporciona un excelente agarre y tracci\u00f3n en distintas superficies. Ya sea que est\u00e9s caminando por la ciudad, explorando nuevos lugares o simplemente disfrutando de un d\u00eda relajado, estas zapatillas te ofrecen la seguridad que necesitas en cada movimiento.<\/p>\n<h4 class=\"\" data-start=\"1948\" data-end=\"1991\"><strong data-start=\"1953\" data-end=\"1989\">UN B\u00c1SICO QUE NUNCA PASA DE MODA<\/strong><\/h4>\n<p class=\"\" data-start=\"1992\" data-end=\"2299\">Con un equilibrio perfecto entre lo cl\u00e1sico y lo contempor\u00e1neo, los <strong data-start=\"2060\" data-end=\"2086\">Nike Court Legacy Lift<\/strong> son ideales para quienes buscan un calzado vers\u00e1til y lleno de estilo. Su dise\u00f1o atemporal te permite combinarlas con jeans, faldas, vestidos o pantalones deportivos, adapt\u00e1ndose a cualquier look con facilidad.<\/p>\n<p class=\"\" data-start=\"2301\" data-end=\"2498\">Si buscas un par de zapatillas que eleven tu estilo sin sacrificar la comodidad, los <strong data-start=\"2386\" data-end=\"2407\">Court Legacy Lift<\/strong> son la opci\u00f3n perfecta para ti. \u00a1Dale un toque moderno a tu outfit y camina con confianza!<\/p>\n<\/div>\n<\/div>\n<\/div>\n<\/div>\n<\/div>\n<\/div>\n<\/div>\n<\/div>\n<\/article>\n<\/div>\n<\/div>\n<\/div>\n<\/div>\n","protected":false},"excerpt":{"rendered":"<p>COURT LEGACY LIFT: ESTILO CL\u00c1SICO CON UN TOQUE ELEVADO Haz una declaraci\u00f3n de estilo con los Nike Court Legacy Lift,<\/p>\n","protected":false},"featured_media":78716,"comment_status":"open","ping_status":"closed","template":"","meta":{"nf_dc_page":""},"product_brand":[],"product_cat":[73],"product_tag":[],"class_list":{"0":"post-78715","1":"product","2":"type-product","3":"status-publish","4":"has-post-thumbnail","6":"product_cat-femenino","8":"first","9":"instock","10":"shipping-taxable","11":"purchasable","12":"product-type-simple"},"_links":{"self":[{"href":"https:\/\/brandss.com.py\/index\/wp-json\/wp\/v2\/product\/78715","targetHints":{"allow":["GET"]}}],"collection":[{"href":"https:\/\/brandss.com.py\/index\/wp-json\/wp\/v2\/product"}],"about":[{"href":"https:\/\/brandss.com.py\/index\/wp-json\/wp\/v2\/types\/product"}],"replies":[{"embeddable":true,"href":"https:\/\/brandss.com.py\/index\/wp-json\/wp\/v2\/comments?post=78715"}],"version-history":[{"count":1,"href":"https:\/\/brandss.com.py\/index\/wp-json\/wp\/v2\/product\/78715\/revisions"}],"predecessor-version":[{"id":78721,"href":"https:\/\/brandss.com.py\/index\/wp-json\/wp\/v2\/product\/78715\/revisions\/78721"}],"wp:featuredmedia":[{"embeddable":true,"href":"https:\/\/brandss.com.py\/index\/wp-json\/wp\/v2\/media\/78716"}],"wp:attachment":[{"href":"https:\/\/brandss.com.py\/index\/wp-json\/wp\/v2\/media?parent=78715"}],"wp:term":[{"taxonomy":"product_brand","embeddable":true,"href":"https:\/\/brandss.com.py\/index\/wp-json\/wp\/v2\/product_brand?post=78715"},{"taxonomy":"product_cat","embeddable":true,"href":"https:\/\/brandss.com.py\/index\/wp-json\/wp\/v2\/product_cat?post=78715"},{"taxonomy":"product_tag","embeddable":true,"href":"https:\/\/brandss.com.py\/index\/wp-json\/wp\/v2\/product_tag?post=78715"}],"curies":[{"name":"wp","href":"https:\/\/api.w.org\/{rel}","templated":true}]}}