{"id":78722,"date":"2025-03-31T18:45:32","date_gmt":"2025-03-31T18:45:32","guid":{"rendered":"https:\/\/brandss.com.py\/index\/?post_type=product&#038;p=78722"},"modified":"2025-12-11T17:27:22","modified_gmt":"2025-12-11T17:27:22","slug":"perfume-femenino-mawwal-fantasy-halem-edp-100ml","status":"publish","type":"product","link":"https:\/\/brandss.com.py\/index\/producto\/perfume-femenino-mawwal-fantasy-halem-edp-100ml\/","title":{"rendered":"PERFUME FEMENINO MAWWAL FANTASY HALEM EDP 100ML"},"content":{"rendered":"<p><img loading=\"lazy\" decoding=\"async\" class=\"\" src=\"https:\/\/mawwal.com\/wp-content\/uploads\/2022\/02\/luxury-beige-3.png\" alt=\"Visual Identity - Mawwal\" width=\"77\" height=\"121\" \/><\/p>\n<h1>FANTASY HALEM<\/h1>\n<p>Escapa de lo com\u00fan. &#8220;Halem&#8221; es una invitaci\u00f3n susurrada por el viento del desierto, una mezcla de especias ex\u00f3ticas que despierta tus fantas\u00edas m\u00e1s salvajes y eleva tu esp\u00edritu.<\/p>\n<h3>Notas Olfativas<\/h3>\n<ul class=\"elementor-icon-list-items\">\n<li class=\"elementor-icon-list-item\"><span class=\"elementor-icon-list-text\"><span><strong>Familia olfativa:<\/strong> \u00c1MBAR FLORIENTAL<\/span><\/span><\/li>\n<li class=\"elementor-icon-list-item\"><span class=\"elementor-icon-list-text\"><span><strong>Notas de salida:<\/strong> Rosa Damascena, Mandarina, Espino y Grosella Negra<\/span><\/span><\/li>\n<li class=\"elementor-icon-list-item\"><span class=\"elementor-icon-list-text\"><span><strong>Notas de coraz\u00f3n:<\/strong> Absoluto de jazm\u00edn, flor de violeta y opop\u00f3naco.<\/span><\/span><\/li>\n<li class=\"elementor-icon-list-item\"><span class=\"elementor-icon-list-text\"><span><strong>Notas de fondo:<\/strong> Incienso, vainilla y almizcle blanco.<\/span><\/span><\/li>\n<\/ul>\n","protected":false},"excerpt":{"rendered":"<p>FANTASY HALEM Escapa de lo com\u00fan. &#8220;Halem&#8221; es una invitaci\u00f3n susurrada por el viento del desierto, una mezcla de especias<\/p>\n","protected":false},"featured_media":78736,"comment_status":"open","ping_status":"closed","template":"","meta":{"nf_dc_page":""},"product_brand":[2001],"product_cat":[84],"product_tag":[2005],"class_list":{"0":"post-78722","1":"product","2":"type-product","3":"status-publish","4":"has-post-thumbnail","6":"product_brand-mawwal","7":"product_cat-perfumeria","8":"product_tag-2005","10":"first","11":"outofstock","12":"shipping-taxable","13":"purchasable","14":"product-type-simple"},"_links":{"self":[{"href":"https:\/\/brandss.com.py\/index\/wp-json\/wp\/v2\/product\/78722","targetHints":{"allow":["GET"]}}],"collection":[{"href":"https:\/\/brandss.com.py\/index\/wp-json\/wp\/v2\/product"}],"about":[{"href":"https:\/\/brandss.com.py\/index\/wp-json\/wp\/v2\/types\/product"}],"replies":[{"embeddable":true,"href":"https:\/\/brandss.com.py\/index\/wp-json\/wp\/v2\/comments?post=78722"}],"version-history":[{"count":1,"href":"https:\/\/brandss.com.py\/index\/wp-json\/wp\/v2\/product\/78722\/revisions"}],"predecessor-version":[{"id":78739,"href":"https:\/\/brandss.com.py\/index\/wp-json\/wp\/v2\/product\/78722\/revisions\/78739"}],"wp:featuredmedia":[{"embeddable":true,"href":"https:\/\/brandss.com.py\/index\/wp-json\/wp\/v2\/media\/78736"}],"wp:attachment":[{"href":"https:\/\/brandss.com.py\/index\/wp-json\/wp\/v2\/media?parent=78722"}],"wp:term":[{"taxonomy":"product_brand","embeddable":true,"href":"https:\/\/brandss.com.py\/index\/wp-json\/wp\/v2\/product_brand?post=78722"},{"taxonomy":"product_cat","embeddable":true,"href":"https:\/\/brandss.com.py\/index\/wp-json\/wp\/v2\/product_cat?post=78722"},{"taxonomy":"product_tag","embeddable":true,"href":"https:\/\/brandss.com.py\/index\/wp-json\/wp\/v2\/product_tag?post=78722"}],"curies":[{"name":"wp","href":"https:\/\/api.w.org\/{rel}","templated":true}]}}