{"id":78741,"date":"2025-03-31T19:02:12","date_gmt":"2025-03-31T19:02:12","guid":{"rendered":"https:\/\/brandss.com.py\/index\/?post_type=product&#038;p=78741"},"modified":"2026-03-26T13:45:03","modified_gmt":"2026-03-26T13:45:03","slug":"perfume-masculino-mawwal-universe-sama-edp-100ml","status":"publish","type":"product","link":"https:\/\/brandss.com.py\/index\/producto\/perfume-masculino-mawwal-universe-sama-edp-100ml\/","title":{"rendered":"PERFUME MASCULINO MAWWAL UNIVERSE SAMA EDP 100ML"},"content":{"rendered":"<p><img loading=\"lazy\" decoding=\"async\" class=\"\" src=\"https:\/\/mawwal.com\/wp-content\/uploads\/2022\/02\/luxury-beige-3.png\" alt=\"Visual Identity - Mawwal\" width=\"128\" height=\"201\" \/><\/p>\n<h1>UNIVERSE SAMA<\/h1>\n<p>El aire fresco de la monta\u00f1a se impregna del eco de galaxias lejanas. Es la libertad de horizontes infinitos, la inmensidad capturada en un chorrito. Sama no es un perfume; es un sue\u00f1o embotellado, una invitaci\u00f3n a elevarse bajo la inmensidad del cielo.<\/p>\n<h3>Notas Olfativas<\/h3>\n<ul class=\"elementor-icon-list-items\">\n<li class=\"elementor-icon-list-item\"><span class=\"elementor-icon-list-text\"><span><strong>Familia olfativa:<\/strong> MADERA C\u00cdTRICA<\/span><\/span><\/li>\n<li class=\"elementor-icon-list-item\"><span class=\"elementor-icon-list-text\"><span><strong>Notas de salida:<\/strong> Pomelo, bergamota, hojas de violeta, pera, albahaca y grosella negra.<\/span><\/span><\/li>\n<li class=\"elementor-icon-list-item\"><span class=\"elementor-icon-list-text\"><span><strong>Notas de coraz\u00f3n:<\/strong> Muguet, melocot\u00f3n, jengibre, canela y cardamomo.<\/span><\/span><\/li>\n<li class=\"elementor-icon-list-item\"><span class=\"elementor-icon-list-text\"><span><strong>Notas de fondo:<\/strong> Cedro, S\u00e1ndalo, Pachul\u00ed, Vetiver, \u00c1mbar, Vainilla y Almizcle.<\/span><\/span><\/li>\n<\/ul>\n","protected":false},"excerpt":{"rendered":"<p>UNIVERSE SAMA El aire fresco de la monta\u00f1a se impregna del eco de galaxias lejanas. Es la libertad de horizontes<\/p>\n","protected":false},"featured_media":78749,"comment_status":"open","ping_status":"closed","template":"","meta":{"nf_dc_page":""},"product_brand":[2001],"product_cat":[84],"product_tag":[2006],"class_list":{"0":"post-78741","1":"product","2":"type-product","3":"status-publish","4":"has-post-thumbnail","6":"product_brand-mawwal","7":"product_cat-perfumeria","8":"product_tag-2006","10":"first","11":"outofstock","12":"shipping-taxable","13":"purchasable","14":"product-type-simple"},"_links":{"self":[{"href":"https:\/\/brandss.com.py\/index\/wp-json\/wp\/v2\/product\/78741","targetHints":{"allow":["GET"]}}],"collection":[{"href":"https:\/\/brandss.com.py\/index\/wp-json\/wp\/v2\/product"}],"about":[{"href":"https:\/\/brandss.com.py\/index\/wp-json\/wp\/v2\/types\/product"}],"replies":[{"embeddable":true,"href":"https:\/\/brandss.com.py\/index\/wp-json\/wp\/v2\/comments?post=78741"}],"version-history":[{"count":1,"href":"https:\/\/brandss.com.py\/index\/wp-json\/wp\/v2\/product\/78741\/revisions"}],"predecessor-version":[{"id":78752,"href":"https:\/\/brandss.com.py\/index\/wp-json\/wp\/v2\/product\/78741\/revisions\/78752"}],"wp:featuredmedia":[{"embeddable":true,"href":"https:\/\/brandss.com.py\/index\/wp-json\/wp\/v2\/media\/78749"}],"wp:attachment":[{"href":"https:\/\/brandss.com.py\/index\/wp-json\/wp\/v2\/media?parent=78741"}],"wp:term":[{"taxonomy":"product_brand","embeddable":true,"href":"https:\/\/brandss.com.py\/index\/wp-json\/wp\/v2\/product_brand?post=78741"},{"taxonomy":"product_cat","embeddable":true,"href":"https:\/\/brandss.com.py\/index\/wp-json\/wp\/v2\/product_cat?post=78741"},{"taxonomy":"product_tag","embeddable":true,"href":"https:\/\/brandss.com.py\/index\/wp-json\/wp\/v2\/product_tag?post=78741"}],"curies":[{"name":"wp","href":"https:\/\/api.w.org\/{rel}","templated":true}]}}