{"id":78763,"date":"2025-04-01T10:57:06","date_gmt":"2025-04-01T10:57:06","guid":{"rendered":"https:\/\/brandss.com.py\/index\/?post_type=product&#038;p=78763"},"modified":"2025-04-01T11:02:33","modified_gmt":"2025-04-01T11:02:33","slug":"masajeador-electrico-onida-on-5014-pro-relax-30w-recargable-bivolt-negro","status":"publish","type":"product","link":"https:\/\/brandss.com.py\/index\/producto\/masajeador-electrico-onida-on-5014-pro-relax-30w-recargable-bivolt-negro\/","title":{"rendered":"MASAJEADOR ELECTRICO ONIDA ON-5014 PRO RELAX-30W- RECARGABLE -BIVOLT-NEGRO"},"content":{"rendered":"<p><img decoding=\"async\" src=\"https:\/\/encrypted-tbn0.gstatic.com\/images?q=tbn:ANd9GcQ6pIgjjImzPSbch22ctVZmEyWVQOD0O_DDqarQGDp-WC4p3S7XfGMgXJSKkpbXcZauPa4&amp;usqp=CAU\" alt=\"Onida - Paraguay updated their profile picture.\" \/><\/p>\n<h1>PRO RELAX-30W- RECARGABLE -BIVOLT-NEGRO<\/h1>\n<p>El Masajeador El\u00e9ctrico Onida ON-5014 Pro Relax es una excelente opci\u00f3n para quienes buscan alivio y relajaci\u00f3n muscular de manera pr\u00e1ctica y eficiente. Con 30W de potencia, ofrece un masaje intenso y relajante, ideal para aliviar tensiones.<\/p>\n<h3 class=\"visby-bold f40-home texto-madrid bold mb-2\">Especificaciones<\/h3>\n<hr \/>\n<div class=\"w-100 rounded20 bordinha-cinza mt-3 mb-5\">\n<div id=\"item_product2\" class=\"col-12 item_product active\">\n<div class=\"col-12 box_detail\">\n<div class=\"col-12 item_detail item_dark \">\n<div class=\"col-6 item\">Marca<\/div>\n<div class=\"col-6 item\">Onida<\/div>\n<\/div>\n<div class=\"col-12 item_detail \">\n<div class=\"col-6 item\">Modelo<\/div>\n<div class=\"col-6 item\">ON-5014<\/div>\n<\/div>\n<div class=\"col-12 item_detail item_dark \">\n<div class=\"col-6 item\">Color<\/div>\n<div class=\"col-6 item\">Negro<\/div>\n<\/div>\n<div class=\"col-12 item_detail \">\n<div class=\"col-6 item\">Potencia<\/div>\n<div class=\"col-6 item\">30W<\/div>\n<\/div>\n<div class=\"col-12 item_detail item_dark \">\n<div class=\"col-6 item\">Velocidades<\/div>\n<div class=\"col-6 item\">32<\/div>\n<\/div>\n<div class=\"col-12 item_detail \">\n<div class=\"col-6 item\">Accesorios<\/div>\n<div class=\"col-6 item\">4 Cabezas de masaje<\/div>\n<\/div>\n<div class=\"col-12 item_detail item_dark \">\n<div class=\"col-6 item\">Voltaje<\/div>\n<div class=\"col-6 item\">Bivolt<\/div>\n<\/div>\n<div class=\"col-12 item_detail \">\n<div class=\"col-6 item\">Dimensiones del Embalaje<\/div>\n<div class=\"col-6 item\">19.00 cm X 22.20 cm X 6.50 cm<\/div>\n<\/div>\n<div class=\"col-12 item_detail item_dark \">\n<div class=\"col-6 item\">Peso Bruto<\/div>\n<div class=\"col-6 item\">0.609 kg<\/div>\n<\/div>\n<\/div>\n<\/div>\n<\/div>\n","protected":false},"excerpt":{"rendered":"<p>PRO RELAX-30W- RECARGABLE -BIVOLT-NEGRO El Masajeador El\u00e9ctrico Onida ON-5014 Pro Relax es una excelente opci\u00f3n para quienes buscan alivio y<\/p>\n","protected":false},"featured_media":78768,"comment_status":"open","ping_status":"closed","template":"","meta":{"nf_dc_page":""},"product_brand":[],"product_cat":[89],"product_tag":[],"class_list":{"0":"post-78763","1":"product","2":"type-product","3":"status-publish","4":"has-post-thumbnail","6":"product_cat-electronicos","8":"first","9":"instock","10":"shipping-taxable","11":"purchasable","12":"product-type-simple"},"_links":{"self":[{"href":"https:\/\/brandss.com.py\/index\/wp-json\/wp\/v2\/product\/78763","targetHints":{"allow":["GET"]}}],"collection":[{"href":"https:\/\/brandss.com.py\/index\/wp-json\/wp\/v2\/product"}],"about":[{"href":"https:\/\/brandss.com.py\/index\/wp-json\/wp\/v2\/types\/product"}],"replies":[{"embeddable":true,"href":"https:\/\/brandss.com.py\/index\/wp-json\/wp\/v2\/comments?post=78763"}],"version-history":[{"count":2,"href":"https:\/\/brandss.com.py\/index\/wp-json\/wp\/v2\/product\/78763\/revisions"}],"predecessor-version":[{"id":78769,"href":"https:\/\/brandss.com.py\/index\/wp-json\/wp\/v2\/product\/78763\/revisions\/78769"}],"wp:featuredmedia":[{"embeddable":true,"href":"https:\/\/brandss.com.py\/index\/wp-json\/wp\/v2\/media\/78768"}],"wp:attachment":[{"href":"https:\/\/brandss.com.py\/index\/wp-json\/wp\/v2\/media?parent=78763"}],"wp:term":[{"taxonomy":"product_brand","embeddable":true,"href":"https:\/\/brandss.com.py\/index\/wp-json\/wp\/v2\/product_brand?post=78763"},{"taxonomy":"product_cat","embeddable":true,"href":"https:\/\/brandss.com.py\/index\/wp-json\/wp\/v2\/product_cat?post=78763"},{"taxonomy":"product_tag","embeddable":true,"href":"https:\/\/brandss.com.py\/index\/wp-json\/wp\/v2\/product_tag?post=78763"}],"curies":[{"name":"wp","href":"https:\/\/api.w.org\/{rel}","templated":true}]}}