{"id":78784,"date":"2025-04-01T11:43:23","date_gmt":"2025-04-01T11:43:23","guid":{"rendered":"https:\/\/brandss.com.py\/index\/?post_type=product&#038;p=78784"},"modified":"2025-12-11T17:29:43","modified_gmt":"2025-12-11T17:29:43","slug":"perfume-unisex-mawwal-oasis-turab-edp-100ml","status":"publish","type":"product","link":"https:\/\/brandss.com.py\/index\/producto\/perfume-unisex-mawwal-oasis-turab-edp-100ml\/","title":{"rendered":"PERFUME UNISEX MAWWAL OASIS TURAB EDP 100ML"},"content":{"rendered":"<p><img loading=\"lazy\" decoding=\"async\" class=\"\" src=\"https:\/\/mawwal.com\/wp-content\/uploads\/2022\/02\/luxury-beige-3.png\" alt=\"Visual Identity - Mawwal\" width=\"95\" height=\"150\" \/><\/p>\n<h1>OASIS TURAB<\/h1>\n<p>Es la fragancia de resiliencia y vida que emana de la tierra. \u00abTurab\u00bb no es un perfume. Es una conexi\u00f3n vigorizante con la tierra, un recordatorio de la fuerza y \u200b\u200bel crecimiento que se despliegan bajo nuestros pies.<\/p>\n<h3>Notas Olfativas<\/h3>\n<ul class=\"elementor-icon-list-items\">\n<li class=\"elementor-icon-list-item\"><span class=\"elementor-icon-list-text\"><span><strong>Familia olfativa:<\/strong> MADERA ESPECIADA.<\/span><\/span><\/li>\n<li class=\"elementor-icon-list-item\"><span class=\"elementor-icon-list-text\"><span><strong>Notas de salida:<\/strong> Bergamota, naranja amarga, artemisa, bayas de enebro y azafr\u00e1n.<\/span><\/span><\/li>\n<li class=\"elementor-icon-list-item\"><span class=\"elementor-icon-list-text\"><span><strong>Notas de coraz\u00f3n:<\/strong> Geranio, Rosa, Hojas de violeta, Canela de Madagascar y Nuez moscada.<\/span><\/span><\/li>\n<li class=\"elementor-icon-list-item\"><span class=\"elementor-icon-list-text\"><span><strong>Notas de fondo:<\/strong> Cedro, S\u00e1ndalo, Pachul\u00ed, Cuero, \u00c1mbar y Ol\u00edbano.<\/span><\/span><\/li>\n<\/ul>\n<p>&nbsp;<\/p>\n","protected":false},"excerpt":{"rendered":"<p>OASIS TURAB Es la fragancia de resiliencia y vida que emana de la tierra. \u00abTurab\u00bb no es un perfume. Es<\/p>\n","protected":false},"featured_media":78791,"comment_status":"open","ping_status":"closed","template":"","meta":{"nf_dc_page":""},"product_brand":[2001],"product_cat":[84],"product_tag":[2009],"class_list":{"0":"post-78784","1":"product","2":"type-product","3":"status-publish","4":"has-post-thumbnail","6":"product_brand-mawwal","7":"product_cat-perfumeria","8":"product_tag-2009","10":"first","11":"instock","12":"shipping-taxable","13":"purchasable","14":"product-type-simple"},"_links":{"self":[{"href":"https:\/\/brandss.com.py\/index\/wp-json\/wp\/v2\/product\/78784","targetHints":{"allow":["GET"]}}],"collection":[{"href":"https:\/\/brandss.com.py\/index\/wp-json\/wp\/v2\/product"}],"about":[{"href":"https:\/\/brandss.com.py\/index\/wp-json\/wp\/v2\/types\/product"}],"replies":[{"embeddable":true,"href":"https:\/\/brandss.com.py\/index\/wp-json\/wp\/v2\/comments?post=78784"}],"version-history":[{"count":1,"href":"https:\/\/brandss.com.py\/index\/wp-json\/wp\/v2\/product\/78784\/revisions"}],"predecessor-version":[{"id":78801,"href":"https:\/\/brandss.com.py\/index\/wp-json\/wp\/v2\/product\/78784\/revisions\/78801"}],"wp:featuredmedia":[{"embeddable":true,"href":"https:\/\/brandss.com.py\/index\/wp-json\/wp\/v2\/media\/78791"}],"wp:attachment":[{"href":"https:\/\/brandss.com.py\/index\/wp-json\/wp\/v2\/media?parent=78784"}],"wp:term":[{"taxonomy":"product_brand","embeddable":true,"href":"https:\/\/brandss.com.py\/index\/wp-json\/wp\/v2\/product_brand?post=78784"},{"taxonomy":"product_cat","embeddable":true,"href":"https:\/\/brandss.com.py\/index\/wp-json\/wp\/v2\/product_cat?post=78784"},{"taxonomy":"product_tag","embeddable":true,"href":"https:\/\/brandss.com.py\/index\/wp-json\/wp\/v2\/product_tag?post=78784"}],"curies":[{"name":"wp","href":"https:\/\/api.w.org\/{rel}","templated":true}]}}