{"id":78811,"date":"2025-04-01T12:37:57","date_gmt":"2025-04-01T12:37:57","guid":{"rendered":"https:\/\/brandss.com.py\/index\/?post_type=product&#038;p=78811"},"modified":"2026-03-26T13:37:14","modified_gmt":"2026-03-26T13:37:14","slug":"perfume-femenino-mawwal-poison-abadeya-edp-100ml","status":"publish","type":"product","link":"https:\/\/brandss.com.py\/index\/producto\/perfume-femenino-mawwal-poison-abadeya-edp-100ml\/","title":{"rendered":"PERFUME FEMENINO MAWWAL POISON ABADEYA EDP 100ML"},"content":{"rendered":"<p><img loading=\"lazy\" decoding=\"async\" class=\"\" src=\"https:\/\/mawwal.com\/wp-content\/uploads\/2022\/02\/luxury-beige-3.png\" alt=\"Visual Identity - Mawwal\" width=\"58\" height=\"91\" \/><\/p>\n<h1>POISON ABADEYA<\/h1>\n<p>La botella deslustrada, \u00abAbadeya\u00bb, no conten\u00eda ning\u00fan elixir m\u00e1gico. Sin embargo, una sola bocanada despert\u00f3 un recuerdo olvidado: arena calentada por el sol, risas y el fuerte aroma salado del mar; una fragancia atemporal grabada para siempre.<\/p>\n<h3>Notas Olfativas<\/h3>\n<ul class=\"elementor-icon-list-items\">\n<li class=\"elementor-icon-list-item\"><span class=\"elementor-icon-list-text\"><span><strong>Familia olfativa:<\/strong> \u00c1MBAR FLORIENTAL<\/span><\/span><\/li>\n<li class=\"elementor-icon-list-item\"><span class=\"elementor-icon-list-text\"><span><strong>Notas de salida:<\/strong> mandarina, bergamota y lavanda<\/span><\/span><\/li>\n<li class=\"elementor-icon-list-item\"><span class=\"elementor-icon-list-text\"><span><strong>Notas de coraz\u00f3n:<\/strong> Flor de naranja, jazm\u00edn y orqu\u00eddea.<\/span><\/span><\/li>\n<li class=\"elementor-icon-list-item\"><span class=\"elementor-icon-list-text\"><span><strong>Notas de fondo:<\/strong> Vetiver, vainilla y \u00e1mbar.<\/span><\/span><\/li>\n<\/ul>\n","protected":false},"excerpt":{"rendered":"<p>POISON ABADEYA La botella deslustrada, \u00abAbadeya\u00bb, no conten\u00eda ning\u00fan elixir m\u00e1gico. Sin embargo, una sola bocanada despert\u00f3 un recuerdo olvidado:<\/p>\n","protected":false},"featured_media":78815,"comment_status":"open","ping_status":"closed","template":"","meta":{"nf_dc_page":""},"product_brand":[2001],"product_cat":[84],"product_tag":[2010],"class_list":{"0":"post-78811","1":"product","2":"type-product","3":"status-publish","4":"has-post-thumbnail","6":"product_brand-mawwal","7":"product_cat-perfumeria","8":"product_tag-2010","10":"first","11":"outofstock","12":"shipping-taxable","13":"purchasable","14":"product-type-simple"},"_links":{"self":[{"href":"https:\/\/brandss.com.py\/index\/wp-json\/wp\/v2\/product\/78811","targetHints":{"allow":["GET"]}}],"collection":[{"href":"https:\/\/brandss.com.py\/index\/wp-json\/wp\/v2\/product"}],"about":[{"href":"https:\/\/brandss.com.py\/index\/wp-json\/wp\/v2\/types\/product"}],"replies":[{"embeddable":true,"href":"https:\/\/brandss.com.py\/index\/wp-json\/wp\/v2\/comments?post=78811"}],"version-history":[{"count":1,"href":"https:\/\/brandss.com.py\/index\/wp-json\/wp\/v2\/product\/78811\/revisions"}],"predecessor-version":[{"id":78822,"href":"https:\/\/brandss.com.py\/index\/wp-json\/wp\/v2\/product\/78811\/revisions\/78822"}],"wp:featuredmedia":[{"embeddable":true,"href":"https:\/\/brandss.com.py\/index\/wp-json\/wp\/v2\/media\/78815"}],"wp:attachment":[{"href":"https:\/\/brandss.com.py\/index\/wp-json\/wp\/v2\/media?parent=78811"}],"wp:term":[{"taxonomy":"product_brand","embeddable":true,"href":"https:\/\/brandss.com.py\/index\/wp-json\/wp\/v2\/product_brand?post=78811"},{"taxonomy":"product_cat","embeddable":true,"href":"https:\/\/brandss.com.py\/index\/wp-json\/wp\/v2\/product_cat?post=78811"},{"taxonomy":"product_tag","embeddable":true,"href":"https:\/\/brandss.com.py\/index\/wp-json\/wp\/v2\/product_tag?post=78811"}],"curies":[{"name":"wp","href":"https:\/\/api.w.org\/{rel}","templated":true}]}}