{"id":78812,"date":"2025-04-01T12:34:38","date_gmt":"2025-04-01T12:34:38","guid":{"rendered":"https:\/\/brandss.com.py\/index\/?post_type=product&#038;p=78812"},"modified":"2025-09-16T19:14:01","modified_gmt":"2025-09-16T19:14:01","slug":"camara-de-segurodad-xiaomi-mi-home-imilab-security-c20-pro-cmsxj56b-2k-wifi-blanco","status":"publish","type":"product","link":"https:\/\/brandss.com.py\/index\/producto\/camara-de-segurodad-xiaomi-mi-home-imilab-security-c20-pro-cmsxj56b-2k-wifi-blanco\/","title":{"rendered":"CAMARA DE SEGURODAD XIAOMI MI HOME IMILAB SECURITY C20 PRO CMSXJ56B &#8211; 2K &#8211; WIFI &#8211; BLANCO"},"content":{"rendered":"<p><img loading=\"lazy\" decoding=\"async\" class=\"\" src=\"https:\/\/s1.elespanol.com\/2021\/03\/30\/omicrono\/hardware\/569954632_176909735_1706x1280.jpg\" alt=\"Xiaomi cambia su logo: \u00bferes capaz de reconocer cu\u00e1l es el ...\" width=\"215\" height=\"161\" \/><\/p>\n<p>Xiaomi Imilab C20 Pro es una c\u00e1mara IP innovadora del ecosistema Imilab con transmisi\u00f3n de im\u00e1genes HD de 3 MP y funci\u00f3n de control de APP.<\/p>\n<h3 class=\"visby-bold f40-home texto-madrid bold mb-2\">Especificaciones<\/h3>\n<hr \/>\n<div class=\"w-100 rounded20 bordinha-cinza mt-3 mb-5\">\n<div id=\"item_product2\" class=\"col-12 item_product active\">\n<div class=\"col-12 box_detail\">\n<div class=\"col-12 item_detail item_dark \">\n<div class=\"col-6 item\">Marca<\/div>\n<div class=\"col-6 item\">Xiaomi<\/div>\n<\/div>\n<div class=\"col-12 item_detail \">\n<div class=\"col-6 item\">Modelo<\/div>\n<div class=\"col-6 item\">Mi Home Imilab Security C20 Pro CMSXJ56B<\/div>\n<\/div>\n<div class=\"col-12 item_detail item_dark \">\n<div class=\"col-6 item\">Color<\/div>\n<div class=\"col-6 item\">Blanco<\/div>\n<\/div>\n<div class=\"col-12 item_detail \">\n<div class=\"col-6 item\">Resoluci\u00f3n<\/div>\n<div class=\"col-6 item\">2K<\/div>\n<\/div>\n<div class=\"col-12 item_detail item_dark \">\n<div class=\"col-6 item\">Conectividad<\/div>\n<div class=\"col-6 item\">Wi-Fi IEEE 802.11 b\/g\/n 2.4GHz<\/div>\n<\/div>\n<div class=\"col-12 item_detail \">\n<div class=\"col-6 item\">Funciones<\/div>\n<div class=\"col-6 item\">Monitorear ambientes interiores &#8211; Grabaci\u00f3n y transmisi\u00f3n en tiempo real &#8211; Detector de movimiento y sonido<\/div>\n<\/div>\n<div class=\"col-12 item_detail item_dark \">\n<div class=\"col-6 item\">Micr\u00f3fono<\/div>\n<div class=\"col-6 item\">Integrado<\/div>\n<\/div>\n<div class=\"col-12 item_detail \">\n<div class=\"col-6 item\">Alimentaci\u00f3n<\/div>\n<div class=\"col-6 item\">5V \/ 2A<\/div>\n<\/div>\n<div class=\"col-12 item_detail item_dark \">\n<div class=\"col-6 item\">Dimensiones del Embalaje<\/div>\n<div class=\"col-6 item\">15.20 cm X 9.30 cm X 8.40 cm<\/div>\n<\/div>\n<div class=\"col-12 item_detail \">\n<div class=\"col-6 item\">Peso Bruto<\/div>\n<div class=\"col-6 item\">0.315 kg<\/div>\n<\/div>\n<\/div>\n<\/div>\n<\/div>\n","protected":false},"excerpt":{"rendered":"<p>Xiaomi Imilab C20 Pro es una c\u00e1mara IP innovadora del ecosistema Imilab con transmisi\u00f3n de im\u00e1genes HD de 3 MP<\/p>\n","protected":false},"featured_media":78813,"comment_status":"open","ping_status":"closed","template":"","meta":{"nf_dc_page":""},"product_brand":[],"product_cat":[92],"product_tag":[],"class_list":{"0":"post-78812","1":"product","2":"type-product","3":"status-publish","4":"has-post-thumbnail","6":"product_cat-informatica","8":"first","9":"outofstock","10":"shipping-taxable","11":"purchasable","12":"product-type-simple"},"_links":{"self":[{"href":"https:\/\/brandss.com.py\/index\/wp-json\/wp\/v2\/product\/78812","targetHints":{"allow":["GET"]}}],"collection":[{"href":"https:\/\/brandss.com.py\/index\/wp-json\/wp\/v2\/product"}],"about":[{"href":"https:\/\/brandss.com.py\/index\/wp-json\/wp\/v2\/types\/product"}],"replies":[{"embeddable":true,"href":"https:\/\/brandss.com.py\/index\/wp-json\/wp\/v2\/comments?post=78812"}],"version-history":[{"count":1,"href":"https:\/\/brandss.com.py\/index\/wp-json\/wp\/v2\/product\/78812\/revisions"}],"predecessor-version":[{"id":78814,"href":"https:\/\/brandss.com.py\/index\/wp-json\/wp\/v2\/product\/78812\/revisions\/78814"}],"wp:featuredmedia":[{"embeddable":true,"href":"https:\/\/brandss.com.py\/index\/wp-json\/wp\/v2\/media\/78813"}],"wp:attachment":[{"href":"https:\/\/brandss.com.py\/index\/wp-json\/wp\/v2\/media?parent=78812"}],"wp:term":[{"taxonomy":"product_brand","embeddable":true,"href":"https:\/\/brandss.com.py\/index\/wp-json\/wp\/v2\/product_brand?post=78812"},{"taxonomy":"product_cat","embeddable":true,"href":"https:\/\/brandss.com.py\/index\/wp-json\/wp\/v2\/product_cat?post=78812"},{"taxonomy":"product_tag","embeddable":true,"href":"https:\/\/brandss.com.py\/index\/wp-json\/wp\/v2\/product_tag?post=78812"}],"curies":[{"name":"wp","href":"https:\/\/api.w.org\/{rel}","templated":true}]}}