{"id":78824,"date":"2025-04-01T13:34:15","date_gmt":"2025-04-01T13:34:15","guid":{"rendered":"https:\/\/brandss.com.py\/index\/?post_type=product&#038;p=78824"},"modified":"2026-03-26T13:40:29","modified_gmt":"2026-03-26T13:40:29","slug":"perfume-masculino-mawwal-poison-hiyam-edp-100ml","status":"publish","type":"product","link":"https:\/\/brandss.com.py\/index\/producto\/perfume-masculino-mawwal-poison-hiyam-edp-100ml\/","title":{"rendered":"PERFUME MASCULINO MAWWAL POISON HIYAM EDP 100ML"},"content":{"rendered":"<p><img loading=\"lazy\" decoding=\"async\" class=\"\" src=\"https:\/\/mawwal.com\/wp-content\/uploads\/2022\/02\/luxury-beige-3.png\" alt=\"Visual Identity - Mawwal\" width=\"73\" height=\"115\" \/><\/p>\n<h1>POISON HIYAM<\/h1>\n<p>Hiyam no es solo un perfume; es una sinfon\u00eda secreta en tu piel, una invitaci\u00f3n a una belleza oculta que espera ser compuesta, una melod\u00eda que espera ser descubierta.<\/p>\n<h3>Notas Olfativas<\/h3>\n<ul class=\"elementor-icon-list-items\">\n<li class=\"elementor-icon-list-item\"><span class=\"elementor-icon-list-text\"><span><strong>Familia olfativa:<\/strong> FOUGERE AROM\u00c1TICA<\/span><\/span><\/li>\n<li class=\"elementor-icon-list-item\"><span class=\"elementor-icon-list-text\"><span><strong>Notas de salida:<\/strong> Absenta, an\u00eds e hinojo.<\/span><\/span><\/li>\n<li class=\"elementor-icon-list-item\"><span class=\"elementor-icon-list-text\"><span><strong>Notas de coraz\u00f3n:<\/strong> Lavanda y Cuero<\/span><\/span><\/li>\n<li class=\"elementor-icon-list-item\"><span class=\"elementor-icon-list-text\"><span><strong>Notas de fondo:<\/strong> \u00c1mbar, vainilla y almizcle.<\/span><\/span><\/li>\n<\/ul>\n","protected":false},"excerpt":{"rendered":"<p>POISON HIYAM Hiyam no es solo un perfume; es una sinfon\u00eda secreta en tu piel, una invitaci\u00f3n a una belleza<\/p>\n","protected":false},"featured_media":78825,"comment_status":"open","ping_status":"closed","template":"","meta":{"nf_dc_page":""},"product_brand":[2001],"product_cat":[84],"product_tag":[2011],"class_list":{"0":"post-78824","1":"product","2":"type-product","3":"status-publish","4":"has-post-thumbnail","6":"product_brand-mawwal","7":"product_cat-perfumeria","8":"product_tag-2011","10":"first","11":"instock","12":"sale","13":"shipping-taxable","14":"purchasable","15":"product-type-simple"},"_links":{"self":[{"href":"https:\/\/brandss.com.py\/index\/wp-json\/wp\/v2\/product\/78824","targetHints":{"allow":["GET"]}}],"collection":[{"href":"https:\/\/brandss.com.py\/index\/wp-json\/wp\/v2\/product"}],"about":[{"href":"https:\/\/brandss.com.py\/index\/wp-json\/wp\/v2\/types\/product"}],"replies":[{"embeddable":true,"href":"https:\/\/brandss.com.py\/index\/wp-json\/wp\/v2\/comments?post=78824"}],"version-history":[{"count":1,"href":"https:\/\/brandss.com.py\/index\/wp-json\/wp\/v2\/product\/78824\/revisions"}],"predecessor-version":[{"id":78829,"href":"https:\/\/brandss.com.py\/index\/wp-json\/wp\/v2\/product\/78824\/revisions\/78829"}],"wp:featuredmedia":[{"embeddable":true,"href":"https:\/\/brandss.com.py\/index\/wp-json\/wp\/v2\/media\/78825"}],"wp:attachment":[{"href":"https:\/\/brandss.com.py\/index\/wp-json\/wp\/v2\/media?parent=78824"}],"wp:term":[{"taxonomy":"product_brand","embeddable":true,"href":"https:\/\/brandss.com.py\/index\/wp-json\/wp\/v2\/product_brand?post=78824"},{"taxonomy":"product_cat","embeddable":true,"href":"https:\/\/brandss.com.py\/index\/wp-json\/wp\/v2\/product_cat?post=78824"},{"taxonomy":"product_tag","embeddable":true,"href":"https:\/\/brandss.com.py\/index\/wp-json\/wp\/v2\/product_tag?post=78824"}],"curies":[{"name":"wp","href":"https:\/\/api.w.org\/{rel}","templated":true}]}}