{"id":78836,"date":"2025-04-01T13:47:01","date_gmt":"2025-04-01T13:47:01","guid":{"rendered":"https:\/\/brandss.com.py\/index\/?post_type=product&#038;p=78836"},"modified":"2026-03-06T12:56:28","modified_gmt":"2026-03-06T12:56:28","slug":"mouse-xiaomi-comfort-edition-xmwxsb04ym-inalambrico-1200dpi-3-botones-blanco","status":"publish","type":"product","link":"https:\/\/brandss.com.py\/index\/producto\/mouse-xiaomi-comfort-edition-xmwxsb04ym-inalambrico-1200dpi-3-botones-blanco\/","title":{"rendered":"MOUSE XIAOMI COMFORT EDITION XMWXSB04YM &#8211; INALAMBRICO -1200DPI -3 BOTONES &#8211; BLANCO"},"content":{"rendered":"<p><img loading=\"lazy\" decoding=\"async\" class=\"\" src=\"https:\/\/s1.elespanol.com\/2021\/03\/30\/omicrono\/hardware\/569954632_176909735_1706x1280.jpg\" alt=\"Xiaomi cambia su logo: \u00bferes capaz de reconocer cu\u00e1l es el ...\" width=\"402\" height=\"301\" \/><\/p>\n<h1>EDITION XMWXSB04YM &#8211; INALAMBRICO -1200DPI -3 BOTONES &#8211; BLANCO<\/h1>\n<p>Con una superficie contorneada y cuidadosamente dise\u00f1ada que se adapta a su mano, este mouse asim\u00e9trico ofrece un soporte confiable para el pulgar y la palma. Garantiza un uso c\u00f3modo del rat\u00f3n y reduce la tensi\u00f3n provocada por largos per\u00edodos de uso.<\/p>\n<h3 class=\"visby-bold f40-home texto-madrid bold mb-2\">Especificaciones<\/h3>\n<hr \/>\n<div class=\"w-100 rounded20 bordinha-cinza mt-3 mb-5\">\n<div id=\"item_product2\" class=\"col-12 item_product active\">\n<div class=\"col-12 box_detail\">\n<div class=\"col-12 item_detail item_dark \">\n<div class=\"col-6 item\">Marca<\/div>\n<div class=\"col-6 item\">Xiaomi<\/div>\n<\/div>\n<div class=\"col-12 item_detail \">\n<div class=\"col-6 item\">Modelo<\/div>\n<div class=\"col-6 item\">Comfort Edition XMWXSB04YM<\/div>\n<\/div>\n<div class=\"col-12 item_detail item_dark \">\n<div class=\"col-6 item\">Color<\/div>\n<div class=\"col-6 item\">Blanco<\/div>\n<\/div>\n<div class=\"col-12 item_detail \">\n<div class=\"col-6 item\">Conectividad<\/div>\n<div class=\"col-6 item\">Inal\u00e1mbrico de 2.4 GHz<\/div>\n<\/div>\n<div class=\"col-12 item_detail item_dark \">\n<div class=\"col-6 item\">DPI<\/div>\n<div class=\"col-6 item\">1200<\/div>\n<\/div>\n<div class=\"col-12 item_detail \">\n<div class=\"col-6 item\">Alimentaci\u00f3n<\/div>\n<div class=\"col-6 item\">Pila AA<\/div>\n<\/div>\n<div class=\"col-12 item_detail item_dark \">\n<div class=\"col-6 item\">Bot\u00f5es<\/div>\n<div class=\"col-6 item\">3<\/div>\n<\/div>\n<div class=\"col-12 item_detail \">\n<div class=\"col-6 item\">Dimensiones del Embalaje<\/div>\n<div class=\"col-6 item\">14.80 cm X 9.30 cm X 4.70 cm<\/div>\n<\/div>\n<div class=\"col-12 item_detail item_dark \">\n<div class=\"col-6 item\">Peso Bruto<\/div>\n<div class=\"col-6 item\">0.135 kg<\/div>\n<\/div>\n<\/div>\n<\/div>\n<\/div>\n","protected":false},"excerpt":{"rendered":"<p>EDITION XMWXSB04YM &#8211; INALAMBRICO -1200DPI -3 BOTONES &#8211; BLANCO Con una superficie contorneada y cuidadosamente dise\u00f1ada que se adapta a<\/p>\n","protected":false},"featured_media":78838,"comment_status":"open","ping_status":"closed","template":"","meta":{"nf_dc_page":""},"product_brand":[],"product_cat":[92],"product_tag":[],"class_list":{"0":"post-78836","1":"product","2":"type-product","3":"status-publish","4":"has-post-thumbnail","6":"product_cat-informatica","8":"first","9":"outofstock","10":"shipping-taxable","11":"purchasable","12":"product-type-simple"},"_links":{"self":[{"href":"https:\/\/brandss.com.py\/index\/wp-json\/wp\/v2\/product\/78836","targetHints":{"allow":["GET"]}}],"collection":[{"href":"https:\/\/brandss.com.py\/index\/wp-json\/wp\/v2\/product"}],"about":[{"href":"https:\/\/brandss.com.py\/index\/wp-json\/wp\/v2\/types\/product"}],"replies":[{"embeddable":true,"href":"https:\/\/brandss.com.py\/index\/wp-json\/wp\/v2\/comments?post=78836"}],"version-history":[{"count":1,"href":"https:\/\/brandss.com.py\/index\/wp-json\/wp\/v2\/product\/78836\/revisions"}],"predecessor-version":[{"id":78839,"href":"https:\/\/brandss.com.py\/index\/wp-json\/wp\/v2\/product\/78836\/revisions\/78839"}],"wp:featuredmedia":[{"embeddable":true,"href":"https:\/\/brandss.com.py\/index\/wp-json\/wp\/v2\/media\/78838"}],"wp:attachment":[{"href":"https:\/\/brandss.com.py\/index\/wp-json\/wp\/v2\/media?parent=78836"}],"wp:term":[{"taxonomy":"product_brand","embeddable":true,"href":"https:\/\/brandss.com.py\/index\/wp-json\/wp\/v2\/product_brand?post=78836"},{"taxonomy":"product_cat","embeddable":true,"href":"https:\/\/brandss.com.py\/index\/wp-json\/wp\/v2\/product_cat?post=78836"},{"taxonomy":"product_tag","embeddable":true,"href":"https:\/\/brandss.com.py\/index\/wp-json\/wp\/v2\/product_tag?post=78836"}],"curies":[{"name":"wp","href":"https:\/\/api.w.org\/{rel}","templated":true}]}}