{"id":78848,"date":"2025-04-01T14:11:46","date_gmt":"2025-04-01T14:11:46","guid":{"rendered":"https:\/\/brandss.com.py\/index\/?post_type=product&#038;p=78848"},"modified":"2026-03-26T13:40:11","modified_gmt":"2026-03-26T13:40:11","slug":"perfume-femenino-mawwal-poison-hawa-edp-100ml","status":"publish","type":"product","link":"https:\/\/brandss.com.py\/index\/producto\/perfume-femenino-mawwal-poison-hawa-edp-100ml\/","title":{"rendered":"PERFUME FEMENINO MAWWAL POISON HAWA EDP 100ML"},"content":{"rendered":"<p><img loading=\"lazy\" decoding=\"async\" class=\"\" src=\"https:\/\/mawwal.com\/wp-content\/uploads\/2022\/02\/luxury-beige-3.png\" alt=\"Visual Identity - Mawwal\" width=\"78\" height=\"123\" \/><\/p>\n<h1>POISON HAWA<\/h1>\n<p>&#8220;Hawa&#8221;, promet\u00eda una escapada apasionada. Sin embargo, el aroma que floreci\u00f3 no era de flores ex\u00f3ticas, sino de especias familiares: c\u00e1lido, reconfortante, record\u00e1ndoles que la belleza florece al abrazar lo que los hace \u00fanicos, el amor floreciendo justo donde estaban.<\/p>\n<h3>Notas Olfativas<\/h3>\n<ul class=\"elementor-icon-list-items\">\n<li class=\"elementor-icon-list-item\"><span class=\"elementor-icon-list-text\"><span><strong>Familia olfativa:<\/strong> FLORAL CHIPRE<\/span><\/span><\/li>\n<li class=\"elementor-icon-list-item\"><span class=\"elementor-icon-list-text\"><span><strong>Notas de salida:<\/strong> Bergamota, pomelo, melocot\u00f3n y notas marinas.<\/span><\/span><\/li>\n<li class=\"elementor-icon-list-item\"><span class=\"elementor-icon-list-text\"><span><strong>Notas de coraz\u00f3n:<\/strong> Jazm\u00edn, rosa, lirio y lichi.<\/span><\/span><\/li>\n<li class=\"elementor-icon-list-item\"><span class=\"elementor-icon-list-text\"><span><strong>Notas de fondo:<\/strong> S\u00e1ndalo, vetiver, pachul\u00ed, vainilla y almizcle.<\/span><\/span><\/li>\n<\/ul>\n","protected":false},"excerpt":{"rendered":"<p>POISON HAWA &#8220;Hawa&#8221;, promet\u00eda una escapada apasionada. Sin embargo, el aroma que floreci\u00f3 no era de flores ex\u00f3ticas, sino de<\/p>\n","protected":false},"featured_media":78855,"comment_status":"open","ping_status":"closed","template":"","meta":{"nf_dc_page":""},"product_brand":[2001],"product_cat":[84],"product_tag":[2012],"class_list":{"0":"post-78848","1":"product","2":"type-product","3":"status-publish","4":"has-post-thumbnail","6":"product_brand-mawwal","7":"product_cat-perfumeria","8":"product_tag-2012","10":"first","11":"outofstock","12":"shipping-taxable","13":"purchasable","14":"product-type-simple"},"_links":{"self":[{"href":"https:\/\/brandss.com.py\/index\/wp-json\/wp\/v2\/product\/78848","targetHints":{"allow":["GET"]}}],"collection":[{"href":"https:\/\/brandss.com.py\/index\/wp-json\/wp\/v2\/product"}],"about":[{"href":"https:\/\/brandss.com.py\/index\/wp-json\/wp\/v2\/types\/product"}],"replies":[{"embeddable":true,"href":"https:\/\/brandss.com.py\/index\/wp-json\/wp\/v2\/comments?post=78848"}],"version-history":[{"count":1,"href":"https:\/\/brandss.com.py\/index\/wp-json\/wp\/v2\/product\/78848\/revisions"}],"predecessor-version":[{"id":78859,"href":"https:\/\/brandss.com.py\/index\/wp-json\/wp\/v2\/product\/78848\/revisions\/78859"}],"wp:featuredmedia":[{"embeddable":true,"href":"https:\/\/brandss.com.py\/index\/wp-json\/wp\/v2\/media\/78855"}],"wp:attachment":[{"href":"https:\/\/brandss.com.py\/index\/wp-json\/wp\/v2\/media?parent=78848"}],"wp:term":[{"taxonomy":"product_brand","embeddable":true,"href":"https:\/\/brandss.com.py\/index\/wp-json\/wp\/v2\/product_brand?post=78848"},{"taxonomy":"product_cat","embeddable":true,"href":"https:\/\/brandss.com.py\/index\/wp-json\/wp\/v2\/product_cat?post=78848"},{"taxonomy":"product_tag","embeddable":true,"href":"https:\/\/brandss.com.py\/index\/wp-json\/wp\/v2\/product_tag?post=78848"}],"curies":[{"name":"wp","href":"https:\/\/api.w.org\/{rel}","templated":true}]}}