{"id":78874,"date":"2025-04-01T17:29:01","date_gmt":"2025-04-01T17:29:01","guid":{"rendered":"https:\/\/brandss.com.py\/index\/?post_type=product&#038;p=78874"},"modified":"2026-03-26T13:41:36","modified_gmt":"2026-03-26T13:41:36","slug":"perfume-masculino-mawwal-mystic-jinan-edp-100ml","status":"publish","type":"product","link":"https:\/\/brandss.com.py\/index\/producto\/perfume-masculino-mawwal-mystic-jinan-edp-100ml\/","title":{"rendered":"PERFUME MASCULINO MAWWAL MYSTIC JINAN EDP 100ML"},"content":{"rendered":"<p><img loading=\"lazy\" decoding=\"async\" class=\"\" src=\"https:\/\/mawwal.com\/wp-content\/uploads\/2022\/02\/luxury-beige-3.png\" alt=\"Visual Identity - Mawwal\" width=\"79\" height=\"124\" \/><\/p>\n<h1>MYSTIC JINAN<\/h1>\n<p>Jinan, un oasis ba\u00f1ado por el sol. Las flores danzan sobre el agua reflejada. Dulce floraci\u00f3n y riqueza terrosa. El aroma de la vida floreciente, una promesa a punto de florecer. Es una se\u00f1al para cultivar tu propia belleza.<\/p>\n<h3>Notas Olfativas<\/h3>\n<ul class=\"elementor-icon-list-items\">\n<li class=\"elementor-icon-list-item\"><span class=\"elementor-icon-list-text\"><span><strong>Familia olfativa:<\/strong> ORIENTAL FRUTAL.<\/span><\/span><\/li>\n<li class=\"elementor-icon-list-item\"><span class=\"elementor-icon-list-text\"><span><strong>Notas de salida:<\/strong> Bergamota, mandarina y manzana.<\/span><\/span><\/li>\n<li class=\"elementor-icon-list-item\"><span class=\"elementor-icon-list-text\"><span><strong>Notas de coraz\u00f3n:<\/strong> Geranio, hojas de violeta, flor de naranja, nuez moscada y semilla de zanahoria.<\/span><\/span><\/li>\n<li class=\"elementor-icon-list-item\"><span class=\"elementor-icon-list-text\"><span><strong>Notas de fondo:<\/strong> S\u00e1ndalo, madera de gaic, pachul\u00ed, cardamomo y vainilla.<\/span><\/span><\/li>\n<\/ul>\n","protected":false},"excerpt":{"rendered":"<p>MYSTIC JINAN Jinan, un oasis ba\u00f1ado por el sol. Las flores danzan sobre el agua reflejada. Dulce floraci\u00f3n y riqueza<\/p>\n","protected":false},"featured_media":78875,"comment_status":"open","ping_status":"closed","template":"","meta":{"nf_dc_page":""},"product_brand":[2001],"product_cat":[84],"product_tag":[2013],"class_list":{"0":"post-78874","1":"product","2":"type-product","3":"status-publish","4":"has-post-thumbnail","6":"product_brand-mawwal","7":"product_cat-perfumeria","8":"product_tag-2013","10":"first","11":"instock","12":"sale","13":"shipping-taxable","14":"purchasable","15":"product-type-simple"},"_links":{"self":[{"href":"https:\/\/brandss.com.py\/index\/wp-json\/wp\/v2\/product\/78874","targetHints":{"allow":["GET"]}}],"collection":[{"href":"https:\/\/brandss.com.py\/index\/wp-json\/wp\/v2\/product"}],"about":[{"href":"https:\/\/brandss.com.py\/index\/wp-json\/wp\/v2\/types\/product"}],"replies":[{"embeddable":true,"href":"https:\/\/brandss.com.py\/index\/wp-json\/wp\/v2\/comments?post=78874"}],"version-history":[{"count":1,"href":"https:\/\/brandss.com.py\/index\/wp-json\/wp\/v2\/product\/78874\/revisions"}],"predecessor-version":[{"id":78880,"href":"https:\/\/brandss.com.py\/index\/wp-json\/wp\/v2\/product\/78874\/revisions\/78880"}],"wp:featuredmedia":[{"embeddable":true,"href":"https:\/\/brandss.com.py\/index\/wp-json\/wp\/v2\/media\/78875"}],"wp:attachment":[{"href":"https:\/\/brandss.com.py\/index\/wp-json\/wp\/v2\/media?parent=78874"}],"wp:term":[{"taxonomy":"product_brand","embeddable":true,"href":"https:\/\/brandss.com.py\/index\/wp-json\/wp\/v2\/product_brand?post=78874"},{"taxonomy":"product_cat","embeddable":true,"href":"https:\/\/brandss.com.py\/index\/wp-json\/wp\/v2\/product_cat?post=78874"},{"taxonomy":"product_tag","embeddable":true,"href":"https:\/\/brandss.com.py\/index\/wp-json\/wp\/v2\/product_tag?post=78874"}],"curies":[{"name":"wp","href":"https:\/\/api.w.org\/{rel}","templated":true}]}}