{"id":78881,"date":"2025-04-01T18:22:28","date_gmt":"2025-04-01T18:22:28","guid":{"rendered":"https:\/\/brandss.com.py\/index\/?post_type=product&#038;p=78881"},"modified":"2025-12-11T17:32:39","modified_gmt":"2025-12-11T17:32:39","slug":"perfume-unisex-mawwal-mystic-jawhar-edp-100ml","status":"publish","type":"product","link":"https:\/\/brandss.com.py\/index\/producto\/perfume-unisex-mawwal-mystic-jawhar-edp-100ml\/","title":{"rendered":"PERFUME UNISEX MAWWAL MYSTIC JAWHAR EDP 100ML"},"content":{"rendered":"<p>&nbsp;<\/p>\n<p><img loading=\"lazy\" decoding=\"async\" class=\"\" src=\"https:\/\/mawwal.com\/wp-content\/uploads\/2022\/02\/luxury-beige-3.png\" width=\"66\" height=\"104\" \/><\/p>\n<h1>MYSTIC JAWHAR<\/h1>\n<p>Noche oscura, una estrella brilla tenuemente. Un frasco fresco encontrado. Una gema afilada se mezcla con minas terrosas. El aroma de un brillo oculto, una promesa esperando ser desenterrada. Jawhar no es perfume; es alquimia embotellada, una chispa esperando a encenderse.<\/p>\n<h3>Notas Olfativas<\/h3>\n<ul class=\"elementor-icon-list-items\">\n<li class=\"elementor-icon-list-item\"><span class=\"elementor-icon-list-text\"><span><strong>Familia olfativa:<\/strong> FLORAL AMBARINO<\/span><\/span><\/li>\n<li class=\"elementor-icon-list-item\"><span class=\"elementor-icon-list-text\"><span><strong>Notas de salida:<\/strong> Bergamota, rosa, elem\u00ed, jacinto y miel.<\/span><\/span><\/li>\n<li class=\"elementor-icon-list-item\"><span class=\"elementor-icon-list-text\"><strong>Notas de coraz\u00f3n: <\/strong>Jazm\u00edn, flor de naranja, geranio de Madagascar, gardenia, muguete y violeta.<\/span><\/li>\n<li class=\"elementor-icon-list-item\"><span class=\"elementor-icon-list-text\"><span><strong>Notas de fondo:<\/strong> Oud, pachul\u00ed, \u00e1mbar, vainilla de Madagascar, ol\u00edbano y almizcle.<\/span><\/span><\/li>\n<\/ul>\n","protected":false},"excerpt":{"rendered":"<p>&nbsp; MYSTIC JAWHAR Noche oscura, una estrella brilla tenuemente. Un frasco fresco encontrado. Una gema afilada se mezcla con minas<\/p>\n","protected":false},"featured_media":78882,"comment_status":"open","ping_status":"closed","template":"","meta":{"nf_dc_page":""},"product_brand":[2001],"product_cat":[84],"product_tag":[2014],"class_list":{"0":"post-78881","1":"product","2":"type-product","3":"status-publish","4":"has-post-thumbnail","6":"product_brand-mawwal","7":"product_cat-perfumeria","8":"product_tag-2014","10":"first","11":"instock","12":"shipping-taxable","13":"purchasable","14":"product-type-simple"},"_links":{"self":[{"href":"https:\/\/brandss.com.py\/index\/wp-json\/wp\/v2\/product\/78881","targetHints":{"allow":["GET"]}}],"collection":[{"href":"https:\/\/brandss.com.py\/index\/wp-json\/wp\/v2\/product"}],"about":[{"href":"https:\/\/brandss.com.py\/index\/wp-json\/wp\/v2\/types\/product"}],"replies":[{"embeddable":true,"href":"https:\/\/brandss.com.py\/index\/wp-json\/wp\/v2\/comments?post=78881"}],"version-history":[{"count":1,"href":"https:\/\/brandss.com.py\/index\/wp-json\/wp\/v2\/product\/78881\/revisions"}],"predecessor-version":[{"id":78886,"href":"https:\/\/brandss.com.py\/index\/wp-json\/wp\/v2\/product\/78881\/revisions\/78886"}],"wp:featuredmedia":[{"embeddable":true,"href":"https:\/\/brandss.com.py\/index\/wp-json\/wp\/v2\/media\/78882"}],"wp:attachment":[{"href":"https:\/\/brandss.com.py\/index\/wp-json\/wp\/v2\/media?parent=78881"}],"wp:term":[{"taxonomy":"product_brand","embeddable":true,"href":"https:\/\/brandss.com.py\/index\/wp-json\/wp\/v2\/product_brand?post=78881"},{"taxonomy":"product_cat","embeddable":true,"href":"https:\/\/brandss.com.py\/index\/wp-json\/wp\/v2\/product_cat?post=78881"},{"taxonomy":"product_tag","embeddable":true,"href":"https:\/\/brandss.com.py\/index\/wp-json\/wp\/v2\/product_tag?post=78881"}],"curies":[{"name":"wp","href":"https:\/\/api.w.org\/{rel}","templated":true}]}}