{"id":78887,"date":"2025-04-01T18:37:24","date_gmt":"2025-04-01T18:37:24","guid":{"rendered":"https:\/\/brandss.com.py\/index\/?post_type=product&#038;p=78887"},"modified":"2025-10-11T18:07:05","modified_gmt":"2025-10-11T18:07:05","slug":"auricular-headset-jbl-quantum-100-m2-con-cable-driver-40mm-negro","status":"publish","type":"product","link":"https:\/\/brandss.com.py\/index\/producto\/auricular-headset-jbl-quantum-100-m2-con-cable-driver-40mm-negro\/","title":{"rendered":"AURICULAR JBL QUANTUM 100 M2 CON CABLE DRIVER 40MM BLACK"},"content":{"rendered":"<p><img loading=\"lazy\" decoding=\"async\" class=\"\" src=\"https:\/\/cdn.worldvectorlogo.com\/logos\/jbl-2.svg\" alt=\"JBL Logotipo Vector - Descarga Gratis SVG | Worldvectorlogo\" width=\"354\" height=\"354\" \/><\/p>\n<h1>QUANTUM 100 M2 &#8211; CON CABLE &#8211; DRIVER 40MM &#8211; NEGRO<\/h1>\n<p>Lleva tu juego al pr\u00f3ximo nivel con la firma JBL Quantum SOUND! El auricular JBL Quantum 100 M2 ofrece una experiencia inmersiva, con sonido envolvente y preciso. Domina la competencia con detalles auditivos incre\u00edbles y sensaci\u00f3n de explosi\u00f3n intensa.<\/p>\n<h3 class=\"visby-bold f40-home texto-madrid bold mb-2\">Especificaciones<\/h3>\n<hr \/>\n<div class=\"w-100 rounded20 bordinha-cinza mt-3 mb-5\">\n<div id=\"item_product2\" class=\"col-12 item_product active\">\n<div class=\"col-12 box_detail\">\n<div class=\"col-12 item_detail item_dark \">\n<div class=\"col-6 item\">Marca<\/div>\n<div class=\"col-6 item\">JBL<\/div>\n<\/div>\n<div class=\"col-12 item_detail \">\n<div class=\"col-6 item\">Modelo<\/div>\n<div class=\"col-6 item\">Quantum 100 M2<\/div>\n<\/div>\n<div class=\"col-12 item_detail item_dark \">\n<div class=\"col-6 item\">Color<\/div>\n<div class=\"col-6 item\">Negro<\/div>\n<\/div>\n<div class=\"col-12 item_detail \">\n<div class=\"col-6 item\">Micr\u00f3fono<\/div>\n<div class=\"col-6 item\">Integrado<\/div>\n<\/div>\n<div class=\"col-12 item_detail item_dark \">\n<div class=\"col-6 item\">Driver<\/div>\n<div class=\"col-6 item\">40mm<\/div>\n<\/div>\n<div class=\"col-12 item_detail \">\n<div class=\"col-6 item\">Respuesta de Frecuencia<\/div>\n<div class=\"col-6 item\">20Hz &#8211; 20KHz<\/div>\n<\/div>\n<div class=\"col-12 item_detail item_dark \">\n<div class=\"col-6 item\">Impedancia<\/div>\n<div class=\"col-6 item\">32 Ohms<\/div>\n<\/div>\n<div class=\"col-12 item_detail \">\n<div class=\"col-6 item\">Sensibilidad<\/div>\n<div class=\"col-6 item\">96dB<\/div>\n<\/div>\n<div class=\"col-12 item_detail item_dark \">\n<div class=\"col-6 item\">Largor del cable<\/div>\n<div class=\"col-6 item\">1.2 m<\/div>\n<\/div>\n<div class=\"col-12 item_detail \">\n<div class=\"col-6 item\">Dimensiones del Embalaje<\/div>\n<div class=\"col-6 item\">24.50 cm X 23.00 cm X 7.00 cm<\/div>\n<\/div>\n<div class=\"col-12 item_detail item_dark \">\n<div class=\"col-6 item\">Peso Bruto<\/div>\n<div class=\"col-6 item\">0.430 kg<\/div>\n<\/div>\n<\/div>\n<\/div>\n<\/div>\n<p>&nbsp;<\/p>\n","protected":false},"excerpt":{"rendered":"<p>QUANTUM 100 M2 &#8211; CON CABLE &#8211; DRIVER 40MM &#8211; NEGRO Lleva tu juego al pr\u00f3ximo nivel con la firma<\/p>\n","protected":false},"featured_media":78888,"comment_status":"open","ping_status":"closed","template":"","meta":{"nf_dc_page":""},"product_brand":[541],"product_cat":[89],"product_tag":[969],"class_list":{"0":"post-78887","1":"product","2":"type-product","3":"status-publish","4":"has-post-thumbnail","6":"product_brand-jbl","7":"product_cat-electronicos","8":"product_tag-969","10":"first","11":"outofstock","12":"shipping-taxable","13":"purchasable","14":"product-type-simple"},"_links":{"self":[{"href":"https:\/\/brandss.com.py\/index\/wp-json\/wp\/v2\/product\/78887","targetHints":{"allow":["GET"]}}],"collection":[{"href":"https:\/\/brandss.com.py\/index\/wp-json\/wp\/v2\/product"}],"about":[{"href":"https:\/\/brandss.com.py\/index\/wp-json\/wp\/v2\/types\/product"}],"replies":[{"embeddable":true,"href":"https:\/\/brandss.com.py\/index\/wp-json\/wp\/v2\/comments?post=78887"}],"version-history":[{"count":3,"href":"https:\/\/brandss.com.py\/index\/wp-json\/wp\/v2\/product\/78887\/revisions"}],"predecessor-version":[{"id":91943,"href":"https:\/\/brandss.com.py\/index\/wp-json\/wp\/v2\/product\/78887\/revisions\/91943"}],"wp:featuredmedia":[{"embeddable":true,"href":"https:\/\/brandss.com.py\/index\/wp-json\/wp\/v2\/media\/78888"}],"wp:attachment":[{"href":"https:\/\/brandss.com.py\/index\/wp-json\/wp\/v2\/media?parent=78887"}],"wp:term":[{"taxonomy":"product_brand","embeddable":true,"href":"https:\/\/brandss.com.py\/index\/wp-json\/wp\/v2\/product_brand?post=78887"},{"taxonomy":"product_cat","embeddable":true,"href":"https:\/\/brandss.com.py\/index\/wp-json\/wp\/v2\/product_cat?post=78887"},{"taxonomy":"product_tag","embeddable":true,"href":"https:\/\/brandss.com.py\/index\/wp-json\/wp\/v2\/product_tag?post=78887"}],"curies":[{"name":"wp","href":"https:\/\/api.w.org\/{rel}","templated":true}]}}