{"id":78894,"date":"2025-04-01T18:45:14","date_gmt":"2025-04-01T18:45:14","guid":{"rendered":"https:\/\/brandss.com.py\/index\/?post_type=product&#038;p=78894"},"modified":"2026-03-26T13:44:07","modified_gmt":"2026-03-26T13:44:07","slug":"perfume-femenino-mawwal-mystic-sabeel-edp-100ml","status":"publish","type":"product","link":"https:\/\/brandss.com.py\/index\/producto\/perfume-femenino-mawwal-mystic-sabeel-edp-100ml\/","title":{"rendered":"PERFUME FEMENINO MAWWAL MYSTIC SABEEL EDP 100ML"},"content":{"rendered":"<p><img loading=\"lazy\" decoding=\"async\" class=\"\" src=\"https:\/\/mawwal.com\/wp-content\/uploads\/2022\/02\/luxury-beige-3.png\" width=\"121\" height=\"190\" \/><\/p>\n<h1>MYSTIC SABEEL<\/h1>\n<p>El refrescante agua de manantial Sabeel se fusiona con el d\u00e1til del desierto. El aroma de viajes interminables, una promesa de consuelo en el camino. Un oasis embotellado, una invitaci\u00f3n a explorar.<\/p>\n<h3>Notas Olfativas<\/h3>\n<ul class=\"elementor-icon-list-items\">\n<li class=\"elementor-icon-list-item\"><span class=\"elementor-icon-list-text\"><span><strong>Familia olfativa:<\/strong> ORIENTAL AMADERADA.<\/span><\/span><\/li>\n<li class=\"elementor-icon-list-item\"><span class=\"elementor-icon-list-text\"><span><strong>Notas de salida:<\/strong> Bergamota, pera, artemisa, bayas de enebro, cilantro, azafr\u00e1n y ol\u00edbano.<\/span><\/span><\/li>\n<li class=\"elementor-icon-list-item\"><span class=\"elementor-icon-list-text\"><span><strong>Notas de coraz\u00f3n:<\/strong> Jazm\u00edn, rosa, violeta, canela de Madagascar, salvia esclarea y nuez moscada.<\/span><\/span><\/li>\n<li class=\"elementor-icon-list-item\"><span class=\"elementor-icon-list-text\"><span><strong>Notas de fondo:<\/strong> Cedro, S\u00e1ndalo, Pachul\u00ed de Sulawesi, Vainilla y \u00c1mbar.<\/span><\/span><\/li>\n<\/ul>\n","protected":false},"excerpt":{"rendered":"<p>MYSTIC SABEEL El refrescante agua de manantial Sabeel se fusiona con el d\u00e1til del desierto. El aroma de viajes interminables,<\/p>\n","protected":false},"featured_media":78896,"comment_status":"open","ping_status":"closed","template":"","meta":{"nf_dc_page":""},"product_brand":[2001],"product_cat":[84],"product_tag":[2015],"class_list":{"0":"post-78894","1":"product","2":"type-product","3":"status-publish","4":"has-post-thumbnail","6":"product_brand-mawwal","7":"product_cat-perfumeria","8":"product_tag-2015","10":"first","11":"instock","12":"sale","13":"shipping-taxable","14":"purchasable","15":"product-type-simple"},"_links":{"self":[{"href":"https:\/\/brandss.com.py\/index\/wp-json\/wp\/v2\/product\/78894","targetHints":{"allow":["GET"]}}],"collection":[{"href":"https:\/\/brandss.com.py\/index\/wp-json\/wp\/v2\/product"}],"about":[{"href":"https:\/\/brandss.com.py\/index\/wp-json\/wp\/v2\/types\/product"}],"replies":[{"embeddable":true,"href":"https:\/\/brandss.com.py\/index\/wp-json\/wp\/v2\/comments?post=78894"}],"version-history":[{"count":1,"href":"https:\/\/brandss.com.py\/index\/wp-json\/wp\/v2\/product\/78894\/revisions"}],"predecessor-version":[{"id":78903,"href":"https:\/\/brandss.com.py\/index\/wp-json\/wp\/v2\/product\/78894\/revisions\/78903"}],"wp:featuredmedia":[{"embeddable":true,"href":"https:\/\/brandss.com.py\/index\/wp-json\/wp\/v2\/media\/78896"}],"wp:attachment":[{"href":"https:\/\/brandss.com.py\/index\/wp-json\/wp\/v2\/media?parent=78894"}],"wp:term":[{"taxonomy":"product_brand","embeddable":true,"href":"https:\/\/brandss.com.py\/index\/wp-json\/wp\/v2\/product_brand?post=78894"},{"taxonomy":"product_cat","embeddable":true,"href":"https:\/\/brandss.com.py\/index\/wp-json\/wp\/v2\/product_cat?post=78894"},{"taxonomy":"product_tag","embeddable":true,"href":"https:\/\/brandss.com.py\/index\/wp-json\/wp\/v2\/product_tag?post=78894"}],"curies":[{"name":"wp","href":"https:\/\/api.w.org\/{rel}","templated":true}]}}