{"id":78906,"date":"2025-04-01T18:53:35","date_gmt":"2025-04-01T18:53:35","guid":{"rendered":"https:\/\/brandss.com.py\/index\/?post_type=product&#038;p=78906"},"modified":"2025-05-26T12:21:49","modified_gmt":"2025-05-26T12:21:49","slug":"auricular-xiaomi-redmi-buds-6-play-m2420e1-bluetooth-rosa","status":"publish","type":"product","link":"https:\/\/brandss.com.py\/index\/producto\/auricular-xiaomi-redmi-buds-6-play-m2420e1-bluetooth-rosa\/","title":{"rendered":"AURICULAR XIAOMI REDMI BUDS 6 PLAY M2420E1 &#8211; BLUETOOTH &#8211; ROSA"},"content":{"rendered":"<p><img loading=\"lazy\" decoding=\"async\" class=\"\" src=\"https:\/\/s1.elespanol.com\/2021\/03\/30\/omicrono\/hardware\/569954632_176909735_1706x1280.jpg\" alt=\"Xiaomi cambia su logo: \u00bferes capaz de reconocer cu\u00e1l es el ...\" width=\"369\" height=\"277\" \/><\/p>\n<h1>REDMI BUDS 6 PLAY M2420E1 &#8211; BLUETOOTH &#8211; ROSA<\/h1>\n<p>Los Auriculares Xiaomi Redmi Buds 6 Play M2420E1 son la elecci\u00f3n perfecta para quienes buscan un audio de calidad y comodidad. Con tecnolog\u00eda Bluetooth, ofrecen una conexi\u00f3n estable y sin cables para escuchar tus canciones, hacer llamadas o ver videos.<\/p>\n<h3 class=\"visby-bold f40-home texto-madrid bold mb-2\">Especificaciones<\/h3>\n<hr \/>\n<div class=\"w-100 rounded20 bordinha-cinza mt-3 mb-5\">\n<div id=\"item_product2\" class=\"col-12 item_product active\">\n<div class=\"col-12 box_detail\">\n<div class=\"col-12 item_detail item_dark \">\n<div class=\"col-6 item\">Marca<\/div>\n<div class=\"col-6 item\">Xiaomi<\/div>\n<\/div>\n<div class=\"col-12 item_detail \">\n<div class=\"col-6 item\">Modelo<\/div>\n<div class=\"col-6 item\">Redmi Buds 6 Play M2420E1<\/div>\n<\/div>\n<div class=\"col-12 item_detail item_dark \">\n<div class=\"col-6 item\">Color<\/div>\n<div class=\"col-6 item\">Rosa<\/div>\n<\/div>\n<div class=\"col-12 item_detail \">\n<div class=\"col-6 item\">Conectividad<\/div>\n<div class=\"col-6 item\">Bluetooth 5.4<\/div>\n<\/div>\n<div class=\"col-12 item_detail item_dark \">\n<div class=\"col-6 item\">Micr\u00f3fono<\/div>\n<div class=\"col-6 item\">Integrado<\/div>\n<\/div>\n<div class=\"col-12 item_detail \">\n<div class=\"col-6 item\">Driver<\/div>\n<div class=\"col-6 item\">10mm<\/div>\n<\/div>\n<div class=\"col-12 item_detail item_dark \">\n<div class=\"col-6 item\">Caracteristicas<\/div>\n<div class=\"col-6 item\">Minimiza el ruido ambiental, mejorando la calidad del audio (tanto en reproducciones como en llamadas telef\u00f3nicas) &#8211; Funciona con la aplicaci\u00f3n Xiaomi Earbuds &#8211; Compatible con asistentes virtuales &#8211; Para reproducci\u00f3n y llamadas, integrado en la estructura<\/div>\n<\/div>\n<div class=\"col-12 item_detail \">\n<div class=\"col-6 item\">Bateria<\/div>\n<div class=\"col-6 item\">Hasta 36 horas con estuche<\/div>\n<\/div>\n<div class=\"col-12 item_detail item_dark \">\n<div class=\"col-6 item\">Dimensiones del Embalaje<\/div>\n<div class=\"col-6 item\">12.10 cm X 10.10 cm X 3.20 cm<\/div>\n<\/div>\n<div class=\"col-12 item_detail \">\n<div class=\"col-6 item\">Peso Bruto<\/div>\n<div class=\"col-6 item\">0.094 kg<\/div>\n<\/div>\n<\/div>\n<\/div>\n<\/div>\n","protected":false},"excerpt":{"rendered":"<p>REDMI BUDS 6 PLAY M2420E1 &#8211; BLUETOOTH &#8211; ROSA Los Auriculares Xiaomi Redmi Buds 6 Play M2420E1 son la elecci\u00f3n<\/p>\n","protected":false},"featured_media":78907,"comment_status":"open","ping_status":"closed","template":"","meta":{"nf_dc_page":""},"product_brand":[],"product_cat":[89],"product_tag":[],"class_list":{"0":"post-78906","1":"product","2":"type-product","3":"status-publish","4":"has-post-thumbnail","6":"product_cat-electronicos","8":"first","9":"outofstock","10":"shipping-taxable","11":"purchasable","12":"product-type-simple"},"_links":{"self":[{"href":"https:\/\/brandss.com.py\/index\/wp-json\/wp\/v2\/product\/78906","targetHints":{"allow":["GET"]}}],"collection":[{"href":"https:\/\/brandss.com.py\/index\/wp-json\/wp\/v2\/product"}],"about":[{"href":"https:\/\/brandss.com.py\/index\/wp-json\/wp\/v2\/types\/product"}],"replies":[{"embeddable":true,"href":"https:\/\/brandss.com.py\/index\/wp-json\/wp\/v2\/comments?post=78906"}],"version-history":[{"count":3,"href":"https:\/\/brandss.com.py\/index\/wp-json\/wp\/v2\/product\/78906\/revisions"}],"predecessor-version":[{"id":78912,"href":"https:\/\/brandss.com.py\/index\/wp-json\/wp\/v2\/product\/78906\/revisions\/78912"}],"wp:featuredmedia":[{"embeddable":true,"href":"https:\/\/brandss.com.py\/index\/wp-json\/wp\/v2\/media\/78907"}],"wp:attachment":[{"href":"https:\/\/brandss.com.py\/index\/wp-json\/wp\/v2\/media?parent=78906"}],"wp:term":[{"taxonomy":"product_brand","embeddable":true,"href":"https:\/\/brandss.com.py\/index\/wp-json\/wp\/v2\/product_brand?post=78906"},{"taxonomy":"product_cat","embeddable":true,"href":"https:\/\/brandss.com.py\/index\/wp-json\/wp\/v2\/product_cat?post=78906"},{"taxonomy":"product_tag","embeddable":true,"href":"https:\/\/brandss.com.py\/index\/wp-json\/wp\/v2\/product_tag?post=78906"}],"curies":[{"name":"wp","href":"https:\/\/api.w.org\/{rel}","templated":true}]}}