{"id":78913,"date":"2025-04-01T19:00:33","date_gmt":"2025-04-01T19:00:33","guid":{"rendered":"https:\/\/brandss.com.py\/index\/?post_type=product&#038;p=78913"},"modified":"2026-03-26T13:39:18","modified_gmt":"2026-03-26T13:39:18","slug":"perfume-masculino-mawwal-energy-fada-edp-100ml","status":"publish","type":"product","link":"https:\/\/brandss.com.py\/index\/producto\/perfume-masculino-mawwal-energy-fada-edp-100ml\/","title":{"rendered":"PERFUME MASCULINO MAWWAL ENERGY FADA EDP 100ML"},"content":{"rendered":"<p><img loading=\"lazy\" decoding=\"async\" class=\"\" src=\"https:\/\/mawwal.com\/wp-content\/uploads\/2022\/02\/luxury-beige-3.png\" width=\"146\" height=\"230\" \/><\/p>\n<h1>ENERGY FADA<\/h1>\n<p>La mano se apret\u00f3 alrededor de la botella fresca y ornamentada con la etiqueta \u00abFada\u00bb. Promet\u00eda una escapada, un mundo m\u00e1s all\u00e1 de las paredes sofocantes. Pero el aroma que floreci\u00f3 al abrirla no era de tierras ex\u00f3ticas, sino del cielo infinito: vasto, ind\u00f3mito, un susurro de libertad justo all\u00ed donde se encontraban.<\/p>\n<h3>Notas Olfativas<\/h3>\n<ul class=\"elementor-icon-list-items\">\n<li class=\"elementor-icon-list-item\"><span class=\"elementor-icon-list-text\"><span><strong>Familia olfativa:<\/strong> FOUG\u00c8RE AMADERADO.<\/span><\/span><\/li>\n<li class=\"elementor-icon-list-item\"><span class=\"elementor-icon-list-text\"><span><strong>Notas de salida:<\/strong> Pomelo, nuez moscada, cardamomo y canela.<\/span><\/span><\/li>\n<li class=\"elementor-icon-list-item\"><span class=\"elementor-icon-list-text\"><span><strong>Notas de coraz\u00f3n:<\/strong> Lavanda, Regaliz, Olibanum, Nuez Moscada.<\/span><\/span><\/li>\n<li class=\"elementor-icon-list-item\"><span class=\"elementor-icon-list-text\"><span><strong>Notas de fondo:<\/strong> S\u00e1ndalo, pachul\u00ed, vetiver y \u00e1mbar.<\/span><\/span><\/li>\n<\/ul>\n","protected":false},"excerpt":{"rendered":"<p>ENERGY FADA La mano se apret\u00f3 alrededor de la botella fresca y ornamentada con la etiqueta \u00abFada\u00bb. Promet\u00eda una escapada,<\/p>\n","protected":false},"featured_media":78914,"comment_status":"open","ping_status":"closed","template":"","meta":{"nf_dc_page":""},"product_brand":[2001],"product_cat":[84],"product_tag":[2016],"class_list":{"0":"post-78913","1":"product","2":"type-product","3":"status-publish","4":"has-post-thumbnail","6":"product_brand-mawwal","7":"product_cat-perfumeria","8":"product_tag-2016","10":"first","11":"instock","12":"sale","13":"shipping-taxable","14":"purchasable","15":"product-type-simple"},"_links":{"self":[{"href":"https:\/\/brandss.com.py\/index\/wp-json\/wp\/v2\/product\/78913","targetHints":{"allow":["GET"]}}],"collection":[{"href":"https:\/\/brandss.com.py\/index\/wp-json\/wp\/v2\/product"}],"about":[{"href":"https:\/\/brandss.com.py\/index\/wp-json\/wp\/v2\/types\/product"}],"replies":[{"embeddable":true,"href":"https:\/\/brandss.com.py\/index\/wp-json\/wp\/v2\/comments?post=78913"}],"version-history":[{"count":1,"href":"https:\/\/brandss.com.py\/index\/wp-json\/wp\/v2\/product\/78913\/revisions"}],"predecessor-version":[{"id":78918,"href":"https:\/\/brandss.com.py\/index\/wp-json\/wp\/v2\/product\/78913\/revisions\/78918"}],"wp:featuredmedia":[{"embeddable":true,"href":"https:\/\/brandss.com.py\/index\/wp-json\/wp\/v2\/media\/78914"}],"wp:attachment":[{"href":"https:\/\/brandss.com.py\/index\/wp-json\/wp\/v2\/media?parent=78913"}],"wp:term":[{"taxonomy":"product_brand","embeddable":true,"href":"https:\/\/brandss.com.py\/index\/wp-json\/wp\/v2\/product_brand?post=78913"},{"taxonomy":"product_cat","embeddable":true,"href":"https:\/\/brandss.com.py\/index\/wp-json\/wp\/v2\/product_cat?post=78913"},{"taxonomy":"product_tag","embeddable":true,"href":"https:\/\/brandss.com.py\/index\/wp-json\/wp\/v2\/product_tag?post=78913"}],"curies":[{"name":"wp","href":"https:\/\/api.w.org\/{rel}","templated":true}]}}