{"id":78919,"date":"2025-04-01T19:16:47","date_gmt":"2025-04-01T19:16:47","guid":{"rendered":"https:\/\/brandss.com.py\/index\/?post_type=product&#038;p=78919"},"modified":"2026-03-26T13:47:20","modified_gmt":"2026-03-26T13:47:20","slug":"perfume-femenino-mawwal-energy-zuhoor-edp-100ml","status":"publish","type":"product","link":"https:\/\/brandss.com.py\/index\/producto\/perfume-femenino-mawwal-energy-zuhoor-edp-100ml\/","title":{"rendered":"PERFUME FEMENINO MAWWAL ENERGY ZUHOOR EDP 100ML"},"content":{"rendered":"<p><img loading=\"lazy\" decoding=\"async\" class=\"\" src=\"https:\/\/mawwal.com\/wp-content\/uploads\/2022\/02\/luxury-beige-3.png\" width=\"100\" height=\"157\" \/><\/p>\n<h1>ENERGY ZUHOOR<\/h1>\n<p>La desgastada inscripci\u00f3n \u00e1rabe en la botella dec\u00eda \u00abZuhoor\u00bb. Burl\u00e1ndose, esperaban escapar. Sin embargo, el aroma que emanaba no era de tierras lejanas, sino de tierra f\u00e9rtil: rica, potente, prometiendo el poder de florecer magn\u00edficamente, justo donde estaban plantados.<\/p>\n<h3>Notas Olfativas<\/h3>\n<ul class=\"elementor-icon-list-items\">\n<li class=\"elementor-icon-list-item\"><span class=\"elementor-icon-list-text\"><span><strong>Familia olfativa:<\/strong> CHIPRE AMADERADO<\/span><\/span><\/li>\n<li class=\"elementor-icon-list-item\"><span class=\"elementor-icon-list-text\"><span><strong>Notas de salida:<\/strong> naranja sanguina y mandarina<\/span><\/span><\/li>\n<li class=\"elementor-icon-list-item\"><span class=\"elementor-icon-list-text\"><span><strong>Notas de coraz\u00f3n:<\/strong> Flor de naranja, jazm\u00edn, gardenia, melocot\u00f3n y miel.<\/span><\/span><\/li>\n<li class=\"elementor-icon-list-item\"><span class=\"elementor-icon-list-text\"><span><strong>Notas de fondo:<\/strong> pachul\u00ed, regaliz y caramelo<\/span><\/span><\/li>\n<\/ul>\n","protected":false},"excerpt":{"rendered":"<p>ENERGY ZUHOOR La desgastada inscripci\u00f3n \u00e1rabe en la botella dec\u00eda \u00abZuhoor\u00bb. Burl\u00e1ndose, esperaban escapar. Sin embargo, el aroma que emanaba<\/p>\n","protected":false},"featured_media":78920,"comment_status":"open","ping_status":"closed","template":"","meta":{"nf_dc_page":""},"product_brand":[2001],"product_cat":[84],"product_tag":[2017],"class_list":{"0":"post-78919","1":"product","2":"type-product","3":"status-publish","4":"has-post-thumbnail","6":"product_brand-mawwal","7":"product_cat-perfumeria","8":"product_tag-2017","10":"first","11":"instock","12":"sale","13":"shipping-taxable","14":"purchasable","15":"product-type-simple"},"_links":{"self":[{"href":"https:\/\/brandss.com.py\/index\/wp-json\/wp\/v2\/product\/78919","targetHints":{"allow":["GET"]}}],"collection":[{"href":"https:\/\/brandss.com.py\/index\/wp-json\/wp\/v2\/product"}],"about":[{"href":"https:\/\/brandss.com.py\/index\/wp-json\/wp\/v2\/types\/product"}],"replies":[{"embeddable":true,"href":"https:\/\/brandss.com.py\/index\/wp-json\/wp\/v2\/comments?post=78919"}],"version-history":[{"count":1,"href":"https:\/\/brandss.com.py\/index\/wp-json\/wp\/v2\/product\/78919\/revisions"}],"predecessor-version":[{"id":78924,"href":"https:\/\/brandss.com.py\/index\/wp-json\/wp\/v2\/product\/78919\/revisions\/78924"}],"wp:featuredmedia":[{"embeddable":true,"href":"https:\/\/brandss.com.py\/index\/wp-json\/wp\/v2\/media\/78920"}],"wp:attachment":[{"href":"https:\/\/brandss.com.py\/index\/wp-json\/wp\/v2\/media?parent=78919"}],"wp:term":[{"taxonomy":"product_brand","embeddable":true,"href":"https:\/\/brandss.com.py\/index\/wp-json\/wp\/v2\/product_brand?post=78919"},{"taxonomy":"product_cat","embeddable":true,"href":"https:\/\/brandss.com.py\/index\/wp-json\/wp\/v2\/product_cat?post=78919"},{"taxonomy":"product_tag","embeddable":true,"href":"https:\/\/brandss.com.py\/index\/wp-json\/wp\/v2\/product_tag?post=78919"}],"curies":[{"name":"wp","href":"https:\/\/api.w.org\/{rel}","templated":true}]}}