{"id":78936,"date":"2025-04-02T13:51:38","date_gmt":"2025-04-02T13:51:38","guid":{"rendered":"https:\/\/brandss.com.py\/index\/?post_type=product&#038;p=78936"},"modified":"2026-03-26T13:42:32","modified_gmt":"2026-03-26T13:42:32","slug":"perfume-femenino-mawwal-sense-mashaer-edp-100ml","status":"publish","type":"product","link":"https:\/\/brandss.com.py\/index\/producto\/perfume-femenino-mawwal-sense-mashaer-edp-100ml\/","title":{"rendered":"PERFUME FEMENINO MAWWAL SENSE MASHAER EDP 100ML"},"content":{"rendered":"<p><img loading=\"lazy\" decoding=\"async\" class=\"\" src=\"https:\/\/mawwal.com\/wp-content\/uploads\/2022\/02\/luxury-beige-3.png\" width=\"121\" height=\"190\" \/><\/p>\n<h1>SENSE MASHAER<\/h1>\n<p>La rutina diaria a veces puede empa\u00f1ar nuestras emociones. Sin embargo, los aromas persistentes tienen el poder \u00fanico de reavivarlas. El perfume &#8220;Mashaer&#8221; es un viaje a trav\u00e9s de los susurros de recuerdos preciados. Conmueve el coraz\u00f3n con ecos del pasado, revitalizando el presente con la fragancia del amor y el optimismo.<\/p>\n<h3>Notas Olfativas<\/h3>\n<ul class=\"elementor-icon-list-items\">\n<li class=\"elementor-icon-list-item\"><span class=\"elementor-icon-list-text\"><span><strong>Familia olfativa:<\/strong> FLORAL FRUTAL<\/span><\/span><\/li>\n<li class=\"elementor-icon-list-item\"><span class=\"elementor-icon-list-text\"><span><strong>Notas de salida:<\/strong> mandarina, notas verdes, ylang-ylang y aldeh\u00eddos.<\/span><\/span><\/li>\n<li class=\"elementor-icon-list-item\"><span class=\"elementor-icon-list-text\"><span><strong>Notas de coraz\u00f3n:<\/strong> Neroli, Jazm\u00edn, Rosa Damascena, Muguet, Nardos y Violeta<\/span><\/span><\/li>\n<li class=\"elementor-icon-list-item\"><span class=\"elementor-icon-list-text\"><span><strong>Notas de fondo:<\/strong> S\u00e1ndalo, cedro, ciruela y almizcle.<\/span><\/span><\/li>\n<\/ul>\n","protected":false},"excerpt":{"rendered":"<p>SENSE MASHAER La rutina diaria a veces puede empa\u00f1ar nuestras emociones. Sin embargo, los aromas persistentes tienen el poder \u00fanico<\/p>\n","protected":false},"featured_media":78937,"comment_status":"open","ping_status":"closed","template":"","meta":{"nf_dc_page":""},"product_brand":[2001],"product_cat":[84],"product_tag":[2020],"class_list":{"0":"post-78936","1":"product","2":"type-product","3":"status-publish","4":"has-post-thumbnail","6":"product_brand-mawwal","7":"product_cat-perfumeria","8":"product_tag-2020","10":"first","11":"instock","12":"sale","13":"shipping-taxable","14":"purchasable","15":"product-type-simple"},"_links":{"self":[{"href":"https:\/\/brandss.com.py\/index\/wp-json\/wp\/v2\/product\/78936","targetHints":{"allow":["GET"]}}],"collection":[{"href":"https:\/\/brandss.com.py\/index\/wp-json\/wp\/v2\/product"}],"about":[{"href":"https:\/\/brandss.com.py\/index\/wp-json\/wp\/v2\/types\/product"}],"replies":[{"embeddable":true,"href":"https:\/\/brandss.com.py\/index\/wp-json\/wp\/v2\/comments?post=78936"}],"version-history":[{"count":1,"href":"https:\/\/brandss.com.py\/index\/wp-json\/wp\/v2\/product\/78936\/revisions"}],"predecessor-version":[{"id":78940,"href":"https:\/\/brandss.com.py\/index\/wp-json\/wp\/v2\/product\/78936\/revisions\/78940"}],"wp:featuredmedia":[{"embeddable":true,"href":"https:\/\/brandss.com.py\/index\/wp-json\/wp\/v2\/media\/78937"}],"wp:attachment":[{"href":"https:\/\/brandss.com.py\/index\/wp-json\/wp\/v2\/media?parent=78936"}],"wp:term":[{"taxonomy":"product_brand","embeddable":true,"href":"https:\/\/brandss.com.py\/index\/wp-json\/wp\/v2\/product_brand?post=78936"},{"taxonomy":"product_cat","embeddable":true,"href":"https:\/\/brandss.com.py\/index\/wp-json\/wp\/v2\/product_cat?post=78936"},{"taxonomy":"product_tag","embeddable":true,"href":"https:\/\/brandss.com.py\/index\/wp-json\/wp\/v2\/product_tag?post=78936"}],"curies":[{"name":"wp","href":"https:\/\/api.w.org\/{rel}","templated":true}]}}