{"id":78941,"date":"2025-04-02T16:49:03","date_gmt":"2025-04-02T16:49:03","guid":{"rendered":"https:\/\/brandss.com.py\/index\/?post_type=product&#038;p=78941"},"modified":"2026-03-26T13:45:58","modified_gmt":"2026-03-26T13:45:58","slug":"perfume-femenino-mawwal-symphony-sitar-edp-100ml","status":"publish","type":"product","link":"https:\/\/brandss.com.py\/index\/producto\/perfume-femenino-mawwal-symphony-sitar-edp-100ml\/","title":{"rendered":"PERFUME FEMENINO MAWWAL SYMPHONY SITAR EDP 100ML"},"content":{"rendered":"<p><img loading=\"lazy\" decoding=\"async\" class=\"\" src=\"https:\/\/mawwal.com\/wp-content\/uploads\/2022\/02\/luxury-beige-3.png\" width=\"84\" height=\"132\" \/><\/p>\n<h1>SYMPHONY SITAR<\/h1>\n<p>La ornamentada botella, \u00abSitar\u00bb, susurraba sobre grandes serenatas. Pero la fragancia que floreci\u00f3 no era la de un escenario bullicioso, sino la de c\u00e1lidas especias y maderas resonantes: una invitaci\u00f3n a encontrar su propia m\u00fasica, una sinfon\u00eda que esperaba ser compuesta en su interior.<\/p>\n<h3>Notas Olfativas<\/h3>\n<ul class=\"elementor-icon-list-items\">\n<li class=\"elementor-icon-list-item\"><span class=\"elementor-icon-list-text\"><span><strong>Familia olfativa:<\/strong> FLORAL FRUTAL<\/span><\/span><\/li>\n<li class=\"elementor-icon-list-item\"><span class=\"elementor-icon-list-text\"><span><strong>Notas de salida:<\/strong> lichi y pimienta rosa<\/span><\/span><\/li>\n<li class=\"elementor-icon-list-item\"><span class=\"elementor-icon-list-text\"><span><strong>Notas de coraz\u00f3n:<\/strong> Fresia, rosa, flor de durazno<\/span><\/span><\/li>\n<li class=\"elementor-icon-list-item\"><span class=\"elementor-icon-list-text\"><span><strong>Notas de fondo:<\/strong> S\u00e1ndalo, \u00e1mbar y almizcle.<\/span><\/span><\/li>\n<\/ul>\n","protected":false},"excerpt":{"rendered":"<p>SYMPHONY SITAR La ornamentada botella, \u00abSitar\u00bb, susurraba sobre grandes serenatas. Pero la fragancia que floreci\u00f3 no era la de un<\/p>\n","protected":false},"featured_media":78942,"comment_status":"open","ping_status":"closed","template":"","meta":{"nf_dc_page":""},"product_brand":[2001],"product_cat":[84],"product_tag":[2021],"class_list":{"0":"post-78941","1":"product","2":"type-product","3":"status-publish","4":"has-post-thumbnail","6":"product_brand-mawwal","7":"product_cat-perfumeria","8":"product_tag-2021","10":"first","11":"instock","12":"sale","13":"shipping-taxable","14":"purchasable","15":"product-type-simple"},"_links":{"self":[{"href":"https:\/\/brandss.com.py\/index\/wp-json\/wp\/v2\/product\/78941","targetHints":{"allow":["GET"]}}],"collection":[{"href":"https:\/\/brandss.com.py\/index\/wp-json\/wp\/v2\/product"}],"about":[{"href":"https:\/\/brandss.com.py\/index\/wp-json\/wp\/v2\/types\/product"}],"replies":[{"embeddable":true,"href":"https:\/\/brandss.com.py\/index\/wp-json\/wp\/v2\/comments?post=78941"}],"version-history":[{"count":1,"href":"https:\/\/brandss.com.py\/index\/wp-json\/wp\/v2\/product\/78941\/revisions"}],"predecessor-version":[{"id":78945,"href":"https:\/\/brandss.com.py\/index\/wp-json\/wp\/v2\/product\/78941\/revisions\/78945"}],"wp:featuredmedia":[{"embeddable":true,"href":"https:\/\/brandss.com.py\/index\/wp-json\/wp\/v2\/media\/78942"}],"wp:attachment":[{"href":"https:\/\/brandss.com.py\/index\/wp-json\/wp\/v2\/media?parent=78941"}],"wp:term":[{"taxonomy":"product_brand","embeddable":true,"href":"https:\/\/brandss.com.py\/index\/wp-json\/wp\/v2\/product_brand?post=78941"},{"taxonomy":"product_cat","embeddable":true,"href":"https:\/\/brandss.com.py\/index\/wp-json\/wp\/v2\/product_cat?post=78941"},{"taxonomy":"product_tag","embeddable":true,"href":"https:\/\/brandss.com.py\/index\/wp-json\/wp\/v2\/product_tag?post=78941"}],"curies":[{"name":"wp","href":"https:\/\/api.w.org\/{rel}","templated":true}]}}