{"id":78946,"date":"2025-04-02T17:05:52","date_gmt":"2025-04-02T17:05:52","guid":{"rendered":"https:\/\/brandss.com.py\/index\/?post_type=product&#038;p=78946"},"modified":"2026-03-26T13:44:32","modified_gmt":"2026-03-26T13:44:32","slug":"perfume-unisex-mawwal-fantasy-saher-edp-100ml","status":"publish","type":"product","link":"https:\/\/brandss.com.py\/index\/producto\/perfume-unisex-mawwal-fantasy-saher-edp-100ml\/","title":{"rendered":"PERFUME UNISEX MAWWAL FANTASY SAHER EDP 100ML"},"content":{"rendered":"<p><img loading=\"lazy\" decoding=\"async\" class=\"\" src=\"https:\/\/mawwal.com\/wp-content\/uploads\/2022\/02\/luxury-beige-3.png\" width=\"88\" height=\"139\" \/><\/p>\n<h1>FANTASY SAHER<\/h1>\n<p>La ciudad duerme, pero t\u00fa te despiertas. \u00abSaher\u00bb despierta tus sentidos con un toque c\u00edtrico y especiado. Sum\u00e9rgete en la vibrante energ\u00eda de la noche, donde los sue\u00f1os alzan vuelo y las posibilidades se hacen realidad.<\/p>\n<h3>Notas Olfativas<\/h3>\n<ul class=\"elementor-icon-list-items\">\n<li class=\"elementor-icon-list-item\"><span class=\"elementor-icon-list-text\"><span><strong>Familia olfativa:<\/strong> MADERA ESPECIADA.<\/span><\/span><\/li>\n<li class=\"elementor-icon-list-item\"><span class=\"elementor-icon-list-text\"><span><strong>Notas de salida:<\/strong> mandarina, lavanda y azafr\u00e1n.<\/span><\/span><\/li>\n<li class=\"elementor-icon-list-item\"><span class=\"elementor-icon-list-text\"><span><strong>Notas de coraz\u00f3n:<\/strong> Nuez moscada, osmanto y violeta.<\/span><\/span><\/li>\n<li class=\"elementor-icon-list-item\"><span class=\"elementor-icon-list-text\"><span><strong>Notas de fondo:<\/strong> Oud, pachul\u00ed, flor de siempreviva y almizcle.<\/span><\/span><\/li>\n<\/ul>\n","protected":false},"excerpt":{"rendered":"<p>FANTASY SAHER La ciudad duerme, pero t\u00fa te despiertas. \u00abSaher\u00bb despierta tus sentidos con un toque c\u00edtrico y especiado. Sum\u00e9rgete<\/p>\n","protected":false},"featured_media":78947,"comment_status":"open","ping_status":"closed","template":"","meta":{"nf_dc_page":""},"product_brand":[2001],"product_cat":[84],"product_tag":[2022],"class_list":{"0":"post-78946","1":"product","2":"type-product","3":"status-publish","4":"has-post-thumbnail","6":"product_brand-mawwal","7":"product_cat-perfumeria","8":"product_tag-2022","10":"first","11":"instock","12":"shipping-taxable","13":"purchasable","14":"product-type-simple"},"_links":{"self":[{"href":"https:\/\/brandss.com.py\/index\/wp-json\/wp\/v2\/product\/78946","targetHints":{"allow":["GET"]}}],"collection":[{"href":"https:\/\/brandss.com.py\/index\/wp-json\/wp\/v2\/product"}],"about":[{"href":"https:\/\/brandss.com.py\/index\/wp-json\/wp\/v2\/types\/product"}],"replies":[{"embeddable":true,"href":"https:\/\/brandss.com.py\/index\/wp-json\/wp\/v2\/comments?post=78946"}],"version-history":[{"count":1,"href":"https:\/\/brandss.com.py\/index\/wp-json\/wp\/v2\/product\/78946\/revisions"}],"predecessor-version":[{"id":78950,"href":"https:\/\/brandss.com.py\/index\/wp-json\/wp\/v2\/product\/78946\/revisions\/78950"}],"wp:featuredmedia":[{"embeddable":true,"href":"https:\/\/brandss.com.py\/index\/wp-json\/wp\/v2\/media\/78947"}],"wp:attachment":[{"href":"https:\/\/brandss.com.py\/index\/wp-json\/wp\/v2\/media?parent=78946"}],"wp:term":[{"taxonomy":"product_brand","embeddable":true,"href":"https:\/\/brandss.com.py\/index\/wp-json\/wp\/v2\/product_brand?post=78946"},{"taxonomy":"product_cat","embeddable":true,"href":"https:\/\/brandss.com.py\/index\/wp-json\/wp\/v2\/product_cat?post=78946"},{"taxonomy":"product_tag","embeddable":true,"href":"https:\/\/brandss.com.py\/index\/wp-json\/wp\/v2\/product_tag?post=78946"}],"curies":[{"name":"wp","href":"https:\/\/api.w.org\/{rel}","templated":true}]}}