{"id":78951,"date":"2025-04-02T18:09:46","date_gmt":"2025-04-02T18:09:46","guid":{"rendered":"https:\/\/brandss.com.py\/index\/?post_type=product&#038;p=78951"},"modified":"2026-03-19T16:17:33","modified_gmt":"2026-03-19T16:17:33","slug":"perfume-femenino-cacharel-anais-anais-edt-100ml","status":"publish","type":"product","link":"https:\/\/brandss.com.py\/index\/producto\/perfume-femenino-cacharel-anais-anais-edt-100ml\/","title":{"rendered":"PERFUME FEMENINO CACHAREL ANAIS ANAIS EDT 100ML"},"content":{"rendered":"<p><img loading=\"lazy\" decoding=\"async\" class=\"\" src=\"https:\/\/1000logos.net\/wp-content\/uploads\/2020\/04\/Cacharel-Logo-1958.png\" alt=\"Cacharel Logo and symbol, meaning, history, PNG, brand\" width=\"114\" height=\"64\" \/><\/p>\n<h1>ANAIS ANAIS<\/h1>\n<p>El m\u00e1s joven y tierno de los grandes cl\u00e1sicos de la perfumer\u00eda, Ana\u00efs Ana\u00efs Eau de Toilette transmite un mensaje de ternura. Ya no es una ni\u00f1a, casi ya una mujer, la ni\u00f1a Ana\u00efs Ana\u00efs es polifac\u00e9tica. Un perfume dedicado a las j\u00f3venes que Cacharel imagina como femenino, dulce y sensual. Fresco como el roc\u00edo sobre los tallos reci\u00e9n cortados. Rom\u00e1ntico como brazos llenos de flores blancas. Sensual cuando los almizcles polvorientos acarician su piel. O carnal, cuando esta piel arde bajo el fuego de los bosques de \u00e1mbar. El eau de parfum Ana\u00efs Ana\u00efs es irresistible, de hecho.<\/p>\n<p><b>M\u00e1s de 300 flores:<img loading=\"lazy\" decoding=\"async\" class=\"alignleft\" src=\"https:\/\/i1.perfumesclub.com\/grandewp\/86445-4.webp\" width=\"602\" height=\"602\" \/><\/b><\/p>\n<p>Esta fragancia cuenta en su formulaci\u00f3n con m\u00e1s de 300 notas florales diferentes. Una explosi\u00f3n de dulzura y belleza, en la que cada flor simboliza un aspecto del amor<\/p>\n<p><b>Anahita:<\/b><\/p>\n<p>El nombre de esta fragancia se debe a Anahita, la Diosa Griega de la fertilidad. Cacharel adopt\u00f3 este nombre, y le quiso dar un tono m\u00e1s franc\u00e9s, de ah\u00ed naci\u00f3 ANA\u00cfS ANA\u00cfS.<\/p>\n<p><b>Revoluci\u00f3n ochentera:<\/b><\/p>\n<p>En la d\u00e9cada de los 80, este perfume se convirti\u00f3 en la fragancia de cabecera de millones de j\u00f3venes. Un aroma in\u00e9dito y a d\u00eda de hoy inolvidable, que nos permite viajar a nuestra infancia en cuesti\u00f3n de segundos.<\/p>\n<p><strong>La Botella: <\/strong><\/p>\n<p>Para dar la bienvenida a este ramo de ternura, una botella de opalina blanca adornada con un tap\u00f3n plateado inspirado en antiguos frascos de perfume.<\/p>\n<p>Un cl\u00e1sico en la memoria desde hace d\u00e9cadas, \u00a1que permanece en el coraz\u00f3n!<\/p>\n<h3>Notas Olfativas<\/h3>\n<p>&nbsp;<\/p>\n<div id=\"description\" class=\"collapse in product\">\n<p>Una fragancia audaz que hizo que las j\u00f3venes entraran en la perfumer\u00eda, \u00a1para entregarse a una composici\u00f3n donde maravilla, romanticismo, frescor y ternura encajan a la perfecci\u00f3n!<\/p>\n<div><\/div>\n<\/div>\n<div id=\"howTo\" class=\"collapse in product\">\n<p><strong>Notas\u00a0de salida:<\/strong> grosella negra, jacinto, lirio de los valles.<br \/>\n<strong>Notas\u00a0de\u00a0coraz\u00f3n:<\/strong> flor de lis, clavel, rosa centifolia.<br \/>\n<strong>Notas\u00a0de fondo:<\/strong> s\u00e1ndalo, cedro tejano, musgo, vainilla, almizcle.<\/p>\n<\/div>\n","protected":false},"excerpt":{"rendered":"<p>ANAIS ANAIS El m\u00e1s joven y tierno de los grandes cl\u00e1sicos de la perfumer\u00eda, Ana\u00efs Ana\u00efs Eau de Toilette transmite<\/p>\n","protected":false},"featured_media":78952,"comment_status":"open","ping_status":"closed","template":"","meta":{"nf_dc_page":""},"product_brand":[1689],"product_cat":[84],"product_tag":[2023],"class_list":{"0":"post-78951","1":"product","2":"type-product","3":"status-publish","4":"has-post-thumbnail","6":"product_brand-cacharel","7":"product_cat-perfumeria","8":"product_tag-2023","10":"first","11":"instock","12":"shipping-taxable","13":"purchasable","14":"product-type-simple"},"_links":{"self":[{"href":"https:\/\/brandss.com.py\/index\/wp-json\/wp\/v2\/product\/78951","targetHints":{"allow":["GET"]}}],"collection":[{"href":"https:\/\/brandss.com.py\/index\/wp-json\/wp\/v2\/product"}],"about":[{"href":"https:\/\/brandss.com.py\/index\/wp-json\/wp\/v2\/types\/product"}],"replies":[{"embeddable":true,"href":"https:\/\/brandss.com.py\/index\/wp-json\/wp\/v2\/comments?post=78951"}],"version-history":[{"count":1,"href":"https:\/\/brandss.com.py\/index\/wp-json\/wp\/v2\/product\/78951\/revisions"}],"predecessor-version":[{"id":78958,"href":"https:\/\/brandss.com.py\/index\/wp-json\/wp\/v2\/product\/78951\/revisions\/78958"}],"wp:featuredmedia":[{"embeddable":true,"href":"https:\/\/brandss.com.py\/index\/wp-json\/wp\/v2\/media\/78952"}],"wp:attachment":[{"href":"https:\/\/brandss.com.py\/index\/wp-json\/wp\/v2\/media?parent=78951"}],"wp:term":[{"taxonomy":"product_brand","embeddable":true,"href":"https:\/\/brandss.com.py\/index\/wp-json\/wp\/v2\/product_brand?post=78951"},{"taxonomy":"product_cat","embeddable":true,"href":"https:\/\/brandss.com.py\/index\/wp-json\/wp\/v2\/product_cat?post=78951"},{"taxonomy":"product_tag","embeddable":true,"href":"https:\/\/brandss.com.py\/index\/wp-json\/wp\/v2\/product_tag?post=78951"}],"curies":[{"name":"wp","href":"https:\/\/api.w.org\/{rel}","templated":true}]}}