{"id":78959,"date":"2025-04-02T18:38:58","date_gmt":"2025-04-02T18:38:58","guid":{"rendered":"https:\/\/brandss.com.py\/index\/?post_type=product&#038;p=78959"},"modified":"2026-01-23T18:31:10","modified_gmt":"2026-01-23T18:31:10","slug":"perfume-femenino-givenchy-amarige-edt-100ml","status":"publish","type":"product","link":"https:\/\/brandss.com.py\/index\/producto\/perfume-femenino-givenchy-amarige-edt-100ml\/","title":{"rendered":"PERFUME FEMENINO GIVENCHY AMARIGE EDT 100ML"},"content":{"rendered":"<p><img loading=\"lazy\" decoding=\"async\" class=\"\" src=\"https:\/\/encrypted-tbn0.gstatic.com\/images?q=tbn:ANd9GcTxEzvymb_b6B1exNkYHEXNYmq1wMXAuabI0g&amp;s\" alt=\"Logo Givenchy PNG transparente - StickPNG\" width=\"107\" height=\"80\" \/><\/p>\n<h1>AMARIGE<\/h1>\n<p>La mujer Amarige es elegante, alegre y encantadora, una aut\u00e9ntica francesa enamorada. Irradia alegr\u00eda y regala una sonrisa feliz. Es una fragancia cautivadora y atemporal que encarna la esencia de la feminidad y la sofisticaci\u00f3n. Creada por la reconocida marca de lujo Givenchy, esta ic\u00f3nica fragancia celebra el amor y la alegr\u00eda, capturando el esp\u00edritu de una mujer radiante y segura de s\u00ed misma. Amarige\u00a0de\u00a0Givenchy\u00a0es una fragancia floral para mujer.\u00a0Amarige\u00a0se lanz\u00f3 en 1991. Su autor es Dominique Ropion. El nombre del perfume, \u00abAmarige\u00bb, es un anagrama de la palabra francesa \u00abmariage\u00bb. Por eso, esta fragancia es tan intensa como una sensaci\u00f3n intensa, alegre, jugosa e inolvidable como un momento de feliz matrimonio. Es tan opulenta y floral que parece que su composici\u00f3n incluye todas las flores hermosas del mundo.<\/p>\n<p><img loading=\"lazy\" decoding=\"async\" class=\"alignleft\" src=\"https:\/\/aromatica.cr\/cdn\/shop\/files\/Givenchy-Amarige-EDT-para-mujer-100-ml-Aromatica-CR-84986645.webp?v=1728071505&amp;width=823\" width=\"603\" height=\"602\" \/><\/p>\n<h3><\/h3>\n<h3>Notas Olfativas<\/h3>\n<p>Amarige Eau de Toilette Givenchy, lanzada en 1991, est\u00e1 clasificada como una fragancia para mujeres y pertenece a la familia Floral. Fue creada por Dominique Ropion, Hubert de Givenchy y Fran\u00e7oise Donche.<\/p>\n<p>Las notas de salida se componen de frutas frescas: melocot\u00f3n, ciruela, naranja y mandarina, con la dulzura del palo de rosa y el neroli. El bouquet floral, muy intenso y exquisito, est\u00e1 compuesto por mimosa, neroli, nardos, gardenia y acacia, con un toque suculento de grosella negra. El c\u00e1lido fondo amaderado se compone de almizcle, s\u00e1ndalo, vainilla, \u00e1mbar, haba tonka y cedro.<\/p>\n<p><strong><span>Notas de salida:<\/span><\/strong><span>\u00a0Flor de azahar, melocot\u00f3n, ciruela, neroli, palo de rosa de Brasil, mandarina y violeta.<\/p>\n<p><\/span><\/p>\n<p><strong><span>Notas de coraz\u00f3n:<\/span><\/strong><span>\u00a0Nardos, Mimosa, Gardenia, Ylang-Ylang, Jazm\u00edn, Acacia negra, Clavel, Frutos rojos, Grosella negra, Casia, Rosa y Orqu\u00eddea.<\/span><\/p>\n<p><strong><span>Notas de fondo:<\/span><\/strong><span>\u00a0s\u00e1ndalo, vainilla, notas amaderadas, \u00e1mbar, haba tonka, almizcle y cedro.<\/span><\/p>\n","protected":false},"excerpt":{"rendered":"<p>AMARIGE La mujer Amarige es elegante, alegre y encantadora, una aut\u00e9ntica francesa enamorada. Irradia alegr\u00eda y regala una sonrisa feliz.<\/p>\n","protected":false},"featured_media":78960,"comment_status":"open","ping_status":"closed","template":"","meta":{"nf_dc_page":""},"product_brand":[132],"product_cat":[84],"product_tag":[2024],"class_list":{"0":"post-78959","1":"product","2":"type-product","3":"status-publish","4":"has-post-thumbnail","6":"product_brand-givenchy","7":"product_cat-perfumeria","8":"product_tag-2024","10":"first","11":"outofstock","12":"shipping-taxable","13":"purchasable","14":"product-type-simple"},"_links":{"self":[{"href":"https:\/\/brandss.com.py\/index\/wp-json\/wp\/v2\/product\/78959","targetHints":{"allow":["GET"]}}],"collection":[{"href":"https:\/\/brandss.com.py\/index\/wp-json\/wp\/v2\/product"}],"about":[{"href":"https:\/\/brandss.com.py\/index\/wp-json\/wp\/v2\/types\/product"}],"replies":[{"embeddable":true,"href":"https:\/\/brandss.com.py\/index\/wp-json\/wp\/v2\/comments?post=78959"}],"version-history":[{"count":1,"href":"https:\/\/brandss.com.py\/index\/wp-json\/wp\/v2\/product\/78959\/revisions"}],"predecessor-version":[{"id":78966,"href":"https:\/\/brandss.com.py\/index\/wp-json\/wp\/v2\/product\/78959\/revisions\/78966"}],"wp:featuredmedia":[{"embeddable":true,"href":"https:\/\/brandss.com.py\/index\/wp-json\/wp\/v2\/media\/78960"}],"wp:attachment":[{"href":"https:\/\/brandss.com.py\/index\/wp-json\/wp\/v2\/media?parent=78959"}],"wp:term":[{"taxonomy":"product_brand","embeddable":true,"href":"https:\/\/brandss.com.py\/index\/wp-json\/wp\/v2\/product_brand?post=78959"},{"taxonomy":"product_cat","embeddable":true,"href":"https:\/\/brandss.com.py\/index\/wp-json\/wp\/v2\/product_cat?post=78959"},{"taxonomy":"product_tag","embeddable":true,"href":"https:\/\/brandss.com.py\/index\/wp-json\/wp\/v2\/product_tag?post=78959"}],"curies":[{"name":"wp","href":"https:\/\/api.w.org\/{rel}","templated":true}]}}