{"id":78978,"date":"2025-04-03T11:12:57","date_gmt":"2025-04-03T11:12:57","guid":{"rendered":"https:\/\/brandss.com.py\/index\/?post_type=product&#038;p=78978"},"modified":"2025-10-14T13:45:14","modified_gmt":"2025-10-14T13:45:14","slug":"adaptador-multimedia-amazon-fire-stick-4k-wi-fi-bluetooth-2a-generacion-negro","status":"publish","type":"product","link":"https:\/\/brandss.com.py\/index\/producto\/adaptador-multimedia-amazon-fire-stick-4k-wi-fi-bluetooth-2a-generacion-negro\/","title":{"rendered":"ADAPTADOR PORT\u00c1TIL AMAZON FIRE TV STICK 2\u00aa GENERACION 4K BLACK"},"content":{"rendered":"<p><img loading=\"lazy\" decoding=\"async\" class=\"\" src=\"https:\/\/brandemia.org\/contenido\/subidas\/2022\/11\/logo-amazon-2000-actualidad-1024x576.png\" alt=\"La historia del logo de Amazon y su evoluci\u00f3n\" width=\"363\" height=\"204\" \/><\/p>\n<h1>FIRE STICK &#8211; 4K &#8211; WI-FI\/BLUETOOTH &#8211; 2\u00aa GENERACION<\/h1>\n<p>El Amazon Fire TV Stick es compatible con televisores HD y 4K UHD. Transmita contenido gratis con Pluto TV, Freevee, YouTube y m\u00e1s. Disfrute de im\u00e1genes vibrantes en calidad 4K Ultra HD, como en el cine. La transmisi\u00f3n 4K requiere un televisor 4K UHD y contenido disponible en 4K.<\/p>\n<h3 class=\"visby-bold f40-home texto-madrid bold mb-2\">Especificaciones<\/h3>\n<hr \/>\n<div class=\"w-100 rounded20 bordinha-cinza mt-3 mb-5\">\n<div id=\"item_product2\" class=\"col-12 item_product active\">\n<div class=\"col-12 box_detail\">\n<div class=\"col-12 item_detail item_dark \">\n<div class=\"col-6 item\">Marca<\/div>\n<div class=\"col-6 item\">Amazon<\/div>\n<\/div>\n<div class=\"col-12 item_detail \">\n<div class=\"col-6 item\">Modelo<\/div>\n<div class=\"col-6 item\">Fire Stick 2\u00aa Generaci\u00f3n<\/div>\n<\/div>\n<div class=\"col-12 item_detail item_dark \">\n<div class=\"col-6 item\">Color<\/div>\n<div class=\"col-6 item\">Negro<\/div>\n<\/div>\n<div class=\"col-12 item_detail \">\n<div class=\"col-6 item\">Resoluci\u00f3n<\/div>\n<div class=\"col-6 item\">4K<\/div>\n<\/div>\n<div class=\"col-12 item_detail item_dark \">\n<div class=\"col-6 item\">Memoria interna<\/div>\n<div class=\"col-6 item\">8GB<\/div>\n<\/div>\n<div class=\"col-12 item_detail \">\n<div class=\"col-6 item\">CPU<\/div>\n<div class=\"col-6 item\">Quad Core de 1.7GHz<\/div>\n<\/div>\n<div class=\"col-12 item_detail item_dark \">\n<div class=\"col-6 item\">Conectividad<\/div>\n<div class=\"col-6 item\">Wi-Fi 6 802.11 a\/b\/g\/n\/ac Doble Banda 2.4GHz e 5GHz &#8211; Bluetooth 5.0<\/div>\n<\/div>\n<div class=\"col-12 item_detail \">\n<div class=\"col-6 item\">Interfaz<\/div>\n<div class=\"col-6 item\">HDMI &#8211; Micro USB<\/div>\n<\/div>\n<div class=\"col-12 item_detail item_dark \">\n<div class=\"col-6 item\">Caracteristicas<\/div>\n<div class=\"col-6 item\">Comandos de voz a trav\u00e9s del asistente virtual Alexa Voice Remote &#8211; Compatible con todas las aplicaciones de streaming &#8211; Dolby Atmos Audio<\/div>\n<\/div>\n<div class=\"col-12 item_detail \">\n<div class=\"col-6 item\">Dimensiones del Embalaje<\/div>\n<div class=\"col-6 item\">16.50 cm X 8.50 cm X 3.20 cm<\/div>\n<\/div>\n<div class=\"col-12 item_detail item_dark \">\n<div class=\"col-6 item\">Peso Bruto<\/div>\n<div class=\"col-6 item\">0.252 kg<\/div>\n<\/div>\n<\/div>\n<\/div>\n<\/div>\n<p>&nbsp;<\/p>\n","protected":false},"excerpt":{"rendered":"<p>FIRE STICK &#8211; 4K &#8211; WI-FI\/BLUETOOTH &#8211; 2\u00aa GENERACION El Amazon Fire TV Stick es compatible con televisores HD y<\/p>\n","protected":false},"featured_media":78979,"comment_status":"open","ping_status":"closed","template":"","meta":{"nf_dc_page":""},"product_brand":[539],"product_cat":[89],"product_tag":[996],"class_list":{"0":"post-78978","1":"product","2":"type-product","3":"status-publish","4":"has-post-thumbnail","6":"product_brand-amazon","7":"product_cat-electronicos","8":"product_tag-996","10":"first","11":"outofstock","12":"shipping-taxable","13":"purchasable","14":"product-type-simple"},"_links":{"self":[{"href":"https:\/\/brandss.com.py\/index\/wp-json\/wp\/v2\/product\/78978","targetHints":{"allow":["GET"]}}],"collection":[{"href":"https:\/\/brandss.com.py\/index\/wp-json\/wp\/v2\/product"}],"about":[{"href":"https:\/\/brandss.com.py\/index\/wp-json\/wp\/v2\/types\/product"}],"replies":[{"embeddable":true,"href":"https:\/\/brandss.com.py\/index\/wp-json\/wp\/v2\/comments?post=78978"}],"version-history":[{"count":2,"href":"https:\/\/brandss.com.py\/index\/wp-json\/wp\/v2\/product\/78978\/revisions"}],"predecessor-version":[{"id":92070,"href":"https:\/\/brandss.com.py\/index\/wp-json\/wp\/v2\/product\/78978\/revisions\/92070"}],"wp:featuredmedia":[{"embeddable":true,"href":"https:\/\/brandss.com.py\/index\/wp-json\/wp\/v2\/media\/78979"}],"wp:attachment":[{"href":"https:\/\/brandss.com.py\/index\/wp-json\/wp\/v2\/media?parent=78978"}],"wp:term":[{"taxonomy":"product_brand","embeddable":true,"href":"https:\/\/brandss.com.py\/index\/wp-json\/wp\/v2\/product_brand?post=78978"},{"taxonomy":"product_cat","embeddable":true,"href":"https:\/\/brandss.com.py\/index\/wp-json\/wp\/v2\/product_cat?post=78978"},{"taxonomy":"product_tag","embeddable":true,"href":"https:\/\/brandss.com.py\/index\/wp-json\/wp\/v2\/product_tag?post=78978"}],"curies":[{"name":"wp","href":"https:\/\/api.w.org\/{rel}","templated":true}]}}