{"id":78983,"date":"2025-04-03T11:28:38","date_gmt":"2025-04-03T11:28:38","guid":{"rendered":"https:\/\/brandss.com.py\/index\/?post_type=product&#038;p=78983"},"modified":"2025-05-26T12:22:09","modified_gmt":"2025-05-26T12:22:09","slug":"auricular-xiaomi-redmi-buds-6-play-m2420e1-bluetooth-con-microfono-negro","status":"publish","type":"product","link":"https:\/\/brandss.com.py\/index\/producto\/auricular-xiaomi-redmi-buds-6-play-m2420e1-bluetooth-con-microfono-negro\/","title":{"rendered":"AURICULAR XIAOMI REDMI BUDS 6 PLAY M2420E1 &#8211; BLUETOOTH &#8211; CON MICROFONO &#8211; NEGRO"},"content":{"rendered":"<p><img loading=\"lazy\" decoding=\"async\" class=\"\" src=\"https:\/\/s1.elespanol.com\/2021\/03\/30\/omicrono\/hardware\/569954632_176909735_1706x1280.jpg\" alt=\"Xiaomi cambia su logo: \u00bferes capaz de reconocer cu\u00e1l es el ...\" width=\"423\" height=\"317\" \/><\/p>\n<h1>BUDS 6 PLAY M2420E1<\/h1>\n<p>Los Xiaomi Redmi Buds 6 Play M2420E1 ofrecen una experiencia de audio inal\u00e1mbrica confiable y de alta calidad con la conexi\u00f3n Bluetooth 5.4. Equipados con drivers de 10 mm, proporcionan un sonido claro y potente. La interfaz USB-C permite una carga r\u00e1pida y eficiente.<\/p>\n<h3 class=\"visby-bold f40-home texto-madrid bold mb-2\">Especificaciones<\/h3>\n<hr \/>\n<div class=\"w-100 rounded20 bordinha-cinza mt-3 mb-5\">\n<div id=\"item_product2\" class=\"col-12 item_product active\">\n<div class=\"col-12 box_detail\">\n<div class=\"col-12 item_detail item_dark \">\n<div class=\"col-6 item\">Marca<\/div>\n<div class=\"col-6 item\">Xiaomi<\/div>\n<\/div>\n<div class=\"col-12 item_detail \">\n<div class=\"col-6 item\">Modelo<\/div>\n<div class=\"col-6 item\">Redmi Buds 6 Play M2420E1<\/div>\n<\/div>\n<div class=\"col-12 item_detail item_dark \">\n<div class=\"col-6 item\">Color<\/div>\n<div class=\"col-6 item\">Negro<\/div>\n<\/div>\n<div class=\"col-12 item_detail \">\n<div class=\"col-6 item\">Conectividad<\/div>\n<div class=\"col-6 item\">Bluetooth 5.4<\/div>\n<\/div>\n<div class=\"col-12 item_detail item_dark \">\n<div class=\"col-6 item\">Micr\u00f3fono<\/div>\n<div class=\"col-6 item\">Integrado<\/div>\n<\/div>\n<div class=\"col-12 item_detail \">\n<div class=\"col-6 item\">Driver<\/div>\n<div class=\"col-6 item\">10mm<\/div>\n<\/div>\n<div class=\"col-12 item_detail item_dark \">\n<div class=\"col-6 item\">Caracteristicas<\/div>\n<div class=\"col-6 item\">Minimiza el ruido ambiental, mejorando la calidad del audio (tanto en reproducciones como en llamadas telef\u00f3nicas) &#8211; Funciona con la aplicaci\u00f3n Xiaomi Earbuds &#8211; Compatible con asistentes virtuales &#8211; Para reproducci\u00f3n y llamadas, integrado en la estructura<\/div>\n<\/div>\n<div class=\"col-12 item_detail \">\n<div class=\"col-6 item\">Bateria<\/div>\n<div class=\"col-6 item\">Hasta 36 horas con estuche<\/div>\n<\/div>\n<div class=\"col-12 item_detail item_dark \">\n<div class=\"col-6 item\">Dimensiones del Embalaje<\/div>\n<div class=\"col-6 item\">12.10 cm X 10.10 cm X 3.20 cm<\/div>\n<\/div>\n<div class=\"col-12 item_detail \">\n<div class=\"col-6 item\">Peso Bruto<\/div>\n<div class=\"col-6 item\">0.094 kg<\/div>\n<\/div>\n<\/div>\n<\/div>\n<\/div>\n<p>&nbsp;<\/p>\n<p>&nbsp;<\/p>\n","protected":false},"excerpt":{"rendered":"<p>BUDS 6 PLAY M2420E1 Los Xiaomi Redmi Buds 6 Play M2420E1 ofrecen una experiencia de audio inal\u00e1mbrica confiable y de<\/p>\n","protected":false},"featured_media":78984,"comment_status":"open","ping_status":"closed","template":"","meta":{"nf_dc_page":""},"product_brand":[],"product_cat":[89],"product_tag":[],"class_list":{"0":"post-78983","1":"product","2":"type-product","3":"status-publish","4":"has-post-thumbnail","6":"product_cat-electronicos","8":"first","9":"outofstock","10":"shipping-taxable","11":"purchasable","12":"product-type-simple"},"_links":{"self":[{"href":"https:\/\/brandss.com.py\/index\/wp-json\/wp\/v2\/product\/78983","targetHints":{"allow":["GET"]}}],"collection":[{"href":"https:\/\/brandss.com.py\/index\/wp-json\/wp\/v2\/product"}],"about":[{"href":"https:\/\/brandss.com.py\/index\/wp-json\/wp\/v2\/types\/product"}],"replies":[{"embeddable":true,"href":"https:\/\/brandss.com.py\/index\/wp-json\/wp\/v2\/comments?post=78983"}],"version-history":[{"count":1,"href":"https:\/\/brandss.com.py\/index\/wp-json\/wp\/v2\/product\/78983\/revisions"}],"predecessor-version":[{"id":78987,"href":"https:\/\/brandss.com.py\/index\/wp-json\/wp\/v2\/product\/78983\/revisions\/78987"}],"wp:featuredmedia":[{"embeddable":true,"href":"https:\/\/brandss.com.py\/index\/wp-json\/wp\/v2\/media\/78984"}],"wp:attachment":[{"href":"https:\/\/brandss.com.py\/index\/wp-json\/wp\/v2\/media?parent=78983"}],"wp:term":[{"taxonomy":"product_brand","embeddable":true,"href":"https:\/\/brandss.com.py\/index\/wp-json\/wp\/v2\/product_brand?post=78983"},{"taxonomy":"product_cat","embeddable":true,"href":"https:\/\/brandss.com.py\/index\/wp-json\/wp\/v2\/product_cat?post=78983"},{"taxonomy":"product_tag","embeddable":true,"href":"https:\/\/brandss.com.py\/index\/wp-json\/wp\/v2\/product_tag?post=78983"}],"curies":[{"name":"wp","href":"https:\/\/api.w.org\/{rel}","templated":true}]}}