{"id":78988,"date":"2025-04-03T11:40:28","date_gmt":"2025-04-03T11:40:28","guid":{"rendered":"https:\/\/brandss.com.py\/index\/?post_type=product&#038;p=78988"},"modified":"2026-03-06T13:19:18","modified_gmt":"2026-03-06T13:19:18","slug":"auricular-jbl-wave-buds-bluetooth-blanco","status":"publish","type":"product","link":"https:\/\/brandss.com.py\/index\/producto\/auricular-jbl-wave-buds-bluetooth-blanco\/","title":{"rendered":"AURICULAR JBL WAVE BUDS &#8211; BLUETOOTH &#8211; BLANCO"},"content":{"rendered":"<p><img loading=\"lazy\" decoding=\"async\" class=\"\" src=\"https:\/\/cdn.worldvectorlogo.com\/logos\/jbl-2.svg\" alt=\"JBL Logotipo Vector - Descarga Gratis SVG | Worldvectorlogo\" width=\"303\" height=\"303\" \/><\/p>\n<h1>WAVE BUDS<\/h1>\n<p>Lleva tu sonido a cualquier lugar. Con graves que puedes sentir, hasta 32 horas de duraci\u00f3n de la bater\u00eda y un dise\u00f1o seguro y c\u00f3modo, los JBL Wave Buds resistentes a salpicaduras y polvo est\u00e1n dise\u00f1ados para tu entretenimiento diario.<\/p>\n<h3 class=\"visby-bold f40-home texto-madrid bold mb-2\">Especificaciones<\/h3>\n<hr \/>\n<div class=\"w-100 rounded20 bordinha-cinza mt-3 mb-5\">\n<div id=\"item_product2\" class=\"col-12 item_product active\">\n<div class=\"col-12 box_detail\">\n<div class=\"col-12 item_detail item_dark \">\n<div class=\"col-6 item\">Marca<\/div>\n<div class=\"col-6 item\">JBL<\/div>\n<\/div>\n<div class=\"col-12 item_detail \">\n<div class=\"col-6 item\">Modelo<\/div>\n<div class=\"col-6 item\">Wave Buds<\/div>\n<\/div>\n<div class=\"col-12 item_detail item_dark \">\n<div class=\"col-6 item\">Color<\/div>\n<div class=\"col-6 item\">Blanco<\/div>\n<\/div>\n<div class=\"col-12 item_detail \">\n<div class=\"col-6 item\">Conectividad<\/div>\n<div class=\"col-6 item\">Bluetooth v5.2<\/div>\n<\/div>\n<div class=\"col-12 item_detail item_dark \">\n<div class=\"col-6 item\">Micr\u00f3fono<\/div>\n<div class=\"col-6 item\">Integrado<\/div>\n<\/div>\n<div class=\"col-12 item_detail \">\n<div class=\"col-6 item\">Driver<\/div>\n<div class=\"col-6 item\">8 mm<\/div>\n<\/div>\n<div class=\"col-12 item_detail item_dark \">\n<div class=\"col-6 item\">Respuesta de Frecuencia<\/div>\n<div class=\"col-6 item\">20Hz &#8211; 20kHz<\/div>\n<\/div>\n<div class=\"col-12 item_detail \">\n<div class=\"col-6 item\">Impedancia<\/div>\n<div class=\"col-6 item\">16 ohms<\/div>\n<\/div>\n<div class=\"col-12 item_detail item_dark \">\n<div class=\"col-6 item\">Bateria<\/div>\n<div class=\"col-6 item\">Estuche: 550mAh &#8211; Auriculares: 47mAh<\/div>\n<\/div>\n<div class=\"col-12 item_detail \">\n<div class=\"col-6 item\">Duraci\u00f3n de carga<\/div>\n<div class=\"col-6 item\">32 horas<\/div>\n<\/div>\n<div class=\"col-12 item_detail item_dark \">\n<div class=\"col-6 item\">Tiempo de recarga<\/div>\n<div class=\"col-6 item\">2 horas<\/div>\n<\/div>\n<div class=\"col-12 item_detail \">\n<div class=\"col-6 item\">Dimensiones del Embalaje<\/div>\n<div class=\"col-6 item\">17.80 cm X 5.60 cm X 2.60 cm<\/div>\n<\/div>\n<div class=\"col-12 item_detail item_dark \">\n<div class=\"col-6 item\">Peso Bruto<\/div>\n<div class=\"col-6 item\">0.118 kg<\/div>\n<\/div>\n<\/div>\n<\/div>\n<\/div>\n<p>&nbsp;<\/p>\n<p>&nbsp;<\/p>\n","protected":false},"excerpt":{"rendered":"<p>WAVE BUDS Lleva tu sonido a cualquier lugar. Con graves que puedes sentir, hasta 32 horas de duraci\u00f3n de la<\/p>\n","protected":false},"featured_media":78990,"comment_status":"open","ping_status":"closed","template":"","meta":{"nf_dc_page":""},"product_brand":[],"product_cat":[89],"product_tag":[],"class_list":{"0":"post-78988","1":"product","2":"type-product","3":"status-publish","4":"has-post-thumbnail","6":"product_cat-electronicos","8":"first","9":"outofstock","10":"shipping-taxable","11":"purchasable","12":"product-type-simple"},"_links":{"self":[{"href":"https:\/\/brandss.com.py\/index\/wp-json\/wp\/v2\/product\/78988","targetHints":{"allow":["GET"]}}],"collection":[{"href":"https:\/\/brandss.com.py\/index\/wp-json\/wp\/v2\/product"}],"about":[{"href":"https:\/\/brandss.com.py\/index\/wp-json\/wp\/v2\/types\/product"}],"replies":[{"embeddable":true,"href":"https:\/\/brandss.com.py\/index\/wp-json\/wp\/v2\/comments?post=78988"}],"version-history":[{"count":1,"href":"https:\/\/brandss.com.py\/index\/wp-json\/wp\/v2\/product\/78988\/revisions"}],"predecessor-version":[{"id":78995,"href":"https:\/\/brandss.com.py\/index\/wp-json\/wp\/v2\/product\/78988\/revisions\/78995"}],"wp:featuredmedia":[{"embeddable":true,"href":"https:\/\/brandss.com.py\/index\/wp-json\/wp\/v2\/media\/78990"}],"wp:attachment":[{"href":"https:\/\/brandss.com.py\/index\/wp-json\/wp\/v2\/media?parent=78988"}],"wp:term":[{"taxonomy":"product_brand","embeddable":true,"href":"https:\/\/brandss.com.py\/index\/wp-json\/wp\/v2\/product_brand?post=78988"},{"taxonomy":"product_cat","embeddable":true,"href":"https:\/\/brandss.com.py\/index\/wp-json\/wp\/v2\/product_cat?post=78988"},{"taxonomy":"product_tag","embeddable":true,"href":"https:\/\/brandss.com.py\/index\/wp-json\/wp\/v2\/product_tag?post=78988"}],"curies":[{"name":"wp","href":"https:\/\/api.w.org\/{rel}","templated":true}]}}