{"id":78989,"date":"2025-04-03T11:52:50","date_gmt":"2025-04-03T11:52:50","guid":{"rendered":"https:\/\/brandss.com.py\/index\/?post_type=product&#038;p=78989"},"modified":"2026-03-14T11:48:35","modified_gmt":"2026-03-14T11:48:35","slug":"perfume-femenino-dolce-gabbana-light-blue-intense-edp-100ml","status":"publish","type":"product","link":"https:\/\/brandss.com.py\/index\/producto\/perfume-femenino-dolce-gabbana-light-blue-intense-edp-100ml\/","title":{"rendered":"PERFUME FEMENINO DOLCE &amp; GABBANA LIGHT BLUE INTENSE EDP 100ML"},"content":{"rendered":"<p><img loading=\"lazy\" decoding=\"async\" class=\"\" src=\"https:\/\/1000marcas.net\/wp-content\/uploads\/2020\/01\/logo-Dolce-and-Gabbana.png\" alt=\"Dolce &amp; Gabbana Logo - s\u00edmbolo, significado logotipo, historia, PNG\" width=\"150\" height=\"84\" \/><\/p>\n<h1>LIGHT BLUE INTENSE<\/h1>\n<p>La fragancia ic\u00f3nica de\u00a0Dolce &amp; Gabbana, ahora reinventada en\u00a0Eau de Parfum. Eau Intense\u00a0es el aura del Mediterr\u00e1neo -agua cristalina- con un toque de turquesa del sur de Europa.<\/p>\n<blockquote>\n<p class=\"text-center\">\u00a1Un toque de verano en cualquier \u00e9poca del a\u00f1o!<\/p>\n<\/blockquote>\n<p>Dolce &amp; Gabbana Light Blue Eau\u00a0Intense es un retrato de la mujer italiana, m\u00e1s concretamente del sur de Italia, donde cuelga no s\u00f3lo el aroma del lim\u00f3n, sino tambi\u00e9n de la manzana y el jazm\u00edn.<\/p>\n<p>\u00a1Una oda a la frescura y la sensualidad!<img decoding=\"async\" class=\"alignleft\" src=\"https:\/\/static.sweetcare.com\/img\/prd\/488\/v-638200521164789493\/dolce-gabbana-009159dg-1.webp\" \/><\/p>\n<p>Dolce&amp;Gabbana Light Blue Eau Intense fragrance for women personifica la expresi\u00f3n poderosa de feminidad de la mujer mediterr\u00e1nea. Este perfume combina la sabrosa frescura de frutas c\u00edtricas con un delicado buqu\u00e9 floral, dando paso a la seductora calidez de notas amaderadas.<\/p>\n<p>El dise\u00f1o de Dolce&amp;Gabbana Light Blue Eau Intense refleja una profundidad olfativa con la botella de vidrio escarchado y evoca al mar Mediterr\u00e1neo con un tinte azul claro. Redise\u00f1ada con contornos femeninos, elegantes y refinados, el frasco se corona con una sofisticada tapa de un tono de azul oscuro.<\/p>\n<p>&nbsp;<\/p>\n<h3>Notas Olfativas<\/h3>\n<p>&nbsp;<\/p>\n<p>Light Blue Eau Intense Eau de Parfum Dolce &amp; Gabbana, lanzada en 2017, est\u00e1 clasificada como una fragancia para mujeres y pertenece a las familias Frutal y Floral. Fue trabajada por el maestro perfumista Olivier Cresp.<\/p>\n<p>Light Blue Eau Intense Eau de Parfum pertenece a la colecci\u00f3n Light Blue.<\/p>\n<p><strong>Notas de salida:<\/strong>\u00a0Lim\u00f3n, manzana verde, piel de melocot\u00f3n.<br \/>\n<strong>Notas de coraz\u00f3n:<\/strong>\u00a0Cal\u00e9ndula, jazm\u00edn.<br \/>\n<strong>Notas de fondo:<\/strong>\u00a0Maderas ambarinas, madera de cedro, almizcles.<\/p>\n","protected":false},"excerpt":{"rendered":"<p>LIGHT BLUE INTENSE La fragancia ic\u00f3nica de\u00a0Dolce &amp; Gabbana, ahora reinventada en\u00a0Eau de Parfum. Eau Intense\u00a0es el aura del Mediterr\u00e1neo<\/p>\n","protected":false},"featured_media":79004,"comment_status":"open","ping_status":"closed","template":"","meta":{"nf_dc_page":""},"product_brand":[125],"product_cat":[84],"product_tag":[1250],"class_list":{"0":"post-78989","1":"product","2":"type-product","3":"status-publish","4":"has-post-thumbnail","6":"product_brand-dolce-gabbana","7":"product_cat-perfumeria","8":"product_tag-1250","10":"first","11":"outofstock","12":"shipping-taxable","13":"purchasable","14":"product-type-simple"},"_links":{"self":[{"href":"https:\/\/brandss.com.py\/index\/wp-json\/wp\/v2\/product\/78989","targetHints":{"allow":["GET"]}}],"collection":[{"href":"https:\/\/brandss.com.py\/index\/wp-json\/wp\/v2\/product"}],"about":[{"href":"https:\/\/brandss.com.py\/index\/wp-json\/wp\/v2\/types\/product"}],"replies":[{"embeddable":true,"href":"https:\/\/brandss.com.py\/index\/wp-json\/wp\/v2\/comments?post=78989"}],"version-history":[{"count":1,"href":"https:\/\/brandss.com.py\/index\/wp-json\/wp\/v2\/product\/78989\/revisions"}],"predecessor-version":[{"id":79012,"href":"https:\/\/brandss.com.py\/index\/wp-json\/wp\/v2\/product\/78989\/revisions\/79012"}],"wp:featuredmedia":[{"embeddable":true,"href":"https:\/\/brandss.com.py\/index\/wp-json\/wp\/v2\/media\/79004"}],"wp:attachment":[{"href":"https:\/\/brandss.com.py\/index\/wp-json\/wp\/v2\/media?parent=78989"}],"wp:term":[{"taxonomy":"product_brand","embeddable":true,"href":"https:\/\/brandss.com.py\/index\/wp-json\/wp\/v2\/product_brand?post=78989"},{"taxonomy":"product_cat","embeddable":true,"href":"https:\/\/brandss.com.py\/index\/wp-json\/wp\/v2\/product_cat?post=78989"},{"taxonomy":"product_tag","embeddable":true,"href":"https:\/\/brandss.com.py\/index\/wp-json\/wp\/v2\/product_tag?post=78989"}],"curies":[{"name":"wp","href":"https:\/\/api.w.org\/{rel}","templated":true}]}}